{"id":33598,"date":"2026-02-27T00:22:00","date_gmt":"2026-02-27T00:22:00","guid":{"rendered":"https:\/\/nordicmart.andreevmaster.com\/product\/vasagle-sivupoyta-jossa-on-laatikko-ja-hylly-eebenpuunmusta\/"},"modified":"2026-02-27T09:42:35","modified_gmt":"2026-02-27T09:42:35","slug":"vasagle-sivupoyta-jossa-on-laatikko-ja-hylly-eebenpuunmusta","status":"publish","type":"product","link":"https:\/\/nordicmart.andreevmaster.com\/fi\/tuote\/vasagle-sivupoyta-jossa-on-laatikko-ja-hylly-eebenpuunmusta\/","title":{"rendered":"VASAGLE sivup\u00f6yt\u00e4, jossa on laatikko ja hylly, eebenpuunmusta"},"content":{"rendered":"<p>VASAGLE y\u00f6p\u00f6yt\u00e4, y\u00f6p\u00f6yt\u00e4, sivup\u00f6yt\u00e4 laatikolla ja hyllyll\u00e4, y\u00f6p\u00f6yt\u00e4, makuuhuone, olohuone, helppo koota, teollinen muotoilu, p\u00e4hkin\u00e4nruskea-musta LET055B03<br \/>\n&#8211; V\u00e4ri: eebenpuunmusta<br \/>\n&#8211; Materiaali: lastulevy, ter\u00e4s<br \/>\n&#8211; Koko: 40 x 40 x 55 cm (S x L x K)<br \/>\n&#8211; Paino: 9 kg<br \/>\n&#8211; Pinnan maks. staattinen kantavuus: 20 kg<br \/>\n&#8211; Laatikon maks. staattinen kantavuus: 10 kg<br \/>\n&#8211; Hyllyn maks. staattinen kantavuus: 10 kg<br \/>\n&#8211; Maks. staattinen kokonaiskuormitus: 40 kg<\/p>\n","protected":false},"excerpt":{"rendered":"<p>VASAGLE y\u00f6p\u00f6yt\u00e4, y\u00f6p\u00f6yt\u00e4, sivup\u00f6yt\u00e4 laatikolla ja hyllyll\u00e4, y\u00f6p\u00f6yt\u00e4, makuuhuone, olohuone, helppo koota, teollinen muotoilu, p\u00e4hkin\u00e4nruskea-musta LET055B03<\/p>\n","protected":false},"featured_media":42409,"comment_status":"open","ping_status":"closed","template":"","meta":[],"product_brand":[],"product_cat":[32],"product_tag":[],"class_list":{"0":"post-33598","1":"product","2":"type-product","3":"status-publish","4":"has-post-thumbnail","6":"product_cat-uncategorized-fi","8":"first","9":"instock","10":"shipping-taxable","11":"purchasable","12":"product-type-simple"},"_links":{"self":[{"href":"https:\/\/nordicmart.andreevmaster.com\/fi\/wp-json\/wp\/v2\/product\/33598","targetHints":{"allow":["GET"]}}],"collection":[{"href":"https:\/\/nordicmart.andreevmaster.com\/fi\/wp-json\/wp\/v2\/product"}],"about":[{"href":"https:\/\/nordicmart.andreevmaster.com\/fi\/wp-json\/wp\/v2\/types\/product"}],"replies":[{"embeddable":true,"href":"https:\/\/nordicmart.andreevmaster.com\/fi\/wp-json\/wp\/v2\/comments?post=33598"}],"wp:featuredmedia":[{"embeddable":true,"href":"https:\/\/nordicmart.andreevmaster.com\/fi\/wp-json\/wp\/v2\/media\/42409"}],"wp:attachment":[{"href":"https:\/\/nordicmart.andreevmaster.com\/fi\/wp-json\/wp\/v2\/media?parent=33598"}],"wp:term":[{"taxonomy":"product_brand","embeddable":true,"href":"https:\/\/nordicmart.andreevmaster.com\/fi\/wp-json\/wp\/v2\/product_brand?post=33598"},{"taxonomy":"product_cat","embeddable":true,"href":"https:\/\/nordicmart.andreevmaster.com\/fi\/wp-json\/wp\/v2\/product_cat?post=33598"},{"taxonomy":"product_tag","embeddable":true,"href":"https:\/\/nordicmart.andreevmaster.com\/fi\/wp-json\/wp\/v2\/product_tag?post=33598"}],"curies":[{"name":"wp","href":"https:\/\/api.w.org\/{rel}","templated":true}]}}