{"id":33587,"date":"2026-02-27T00:21:58","date_gmt":"2026-02-27T00:21:58","guid":{"rendered":"https:\/\/nordicmart.andreevmaster.com\/product\/vasagle-ripustettava-yopoyta-2-kpl-valaisimilla-pilvinen-valkoinen\/"},"modified":"2026-02-27T09:42:32","modified_gmt":"2026-02-27T09:42:32","slug":"vasagle-ripustettava-yopoyta-2-kpl-valaisimilla-pilvinen-valkoinen","status":"publish","type":"product","link":"https:\/\/nordicmart.andreevmaster.com\/fi\/tuote\/vasagle-ripustettava-yopoyta-2-kpl-valaisimilla-pilvinen-valkoinen\/","title":{"rendered":"VASAGLE ripustettava y\u00f6p\u00f6yt\u00e4, 2 kpl, valaisimilla, pilvinen valkoinen"},"content":{"rendered":"<p>VASAGLE ripustettava y\u00f6p\u00f6yt\u00e4, 2 kpl, 3 v\u00e4rinen valaisin, kelluva sein\u00e4hylly, laatikko, 35 x 40 x 18 cm, moderni, olohuone, makuuhuone, eebenpuunmusta LET854B01<br \/>\nV\u00e4ri: pilvinen valkoinen<br \/>\nMateriaali: lastulevy, MDF (keskitihe\u00e4 kuitulevy)<br \/>\nY\u00f6p\u00f6yd\u00e4n koko: 35 x 40 x 18 cm (S x L x K)<br \/>\nKokonaispaino: 12,4 kg<br \/>\nYhden y\u00f6p\u00f6yd\u00e4n suurin staattinen kantavuus: 50 kg<\/p>\n","protected":false},"excerpt":{"rendered":"<p>VASAGLE ripustettava y\u00f6p\u00f6yt\u00e4, 2 kpl, 3 v\u00e4rinen valaisin, kelluva sein\u00e4hylly, laatikko, 35 x 40 x 18 cm, moderni, olohuone, makuuhuone, eebenpuunmusta LET854B01<\/p>\n","protected":false},"featured_media":42398,"comment_status":"open","ping_status":"closed","template":"","meta":[],"product_brand":[],"product_cat":[32],"product_tag":[],"class_list":{"0":"post-33587","1":"product","2":"type-product","3":"status-publish","4":"has-post-thumbnail","6":"product_cat-uncategorized-fi","8":"first","9":"instock","10":"shipping-taxable","11":"purchasable","12":"product-type-simple"},"_links":{"self":[{"href":"https:\/\/nordicmart.andreevmaster.com\/fi\/wp-json\/wp\/v2\/product\/33587","targetHints":{"allow":["GET"]}}],"collection":[{"href":"https:\/\/nordicmart.andreevmaster.com\/fi\/wp-json\/wp\/v2\/product"}],"about":[{"href":"https:\/\/nordicmart.andreevmaster.com\/fi\/wp-json\/wp\/v2\/types\/product"}],"replies":[{"embeddable":true,"href":"https:\/\/nordicmart.andreevmaster.com\/fi\/wp-json\/wp\/v2\/comments?post=33587"}],"wp:featuredmedia":[{"embeddable":true,"href":"https:\/\/nordicmart.andreevmaster.com\/fi\/wp-json\/wp\/v2\/media\/42398"}],"wp:attachment":[{"href":"https:\/\/nordicmart.andreevmaster.com\/fi\/wp-json\/wp\/v2\/media?parent=33587"}],"wp:term":[{"taxonomy":"product_brand","embeddable":true,"href":"https:\/\/nordicmart.andreevmaster.com\/fi\/wp-json\/wp\/v2\/product_brand?post=33587"},{"taxonomy":"product_cat","embeddable":true,"href":"https:\/\/nordicmart.andreevmaster.com\/fi\/wp-json\/wp\/v2\/product_cat?post=33587"},{"taxonomy":"product_tag","embeddable":true,"href":"https:\/\/nordicmart.andreevmaster.com\/fi\/wp-json\/wp\/v2\/product_tag?post=33587"}],"curies":[{"name":"wp","href":"https:\/\/api.w.org\/{rel}","templated":true}]}}