{"id":33575,"date":"2026-02-27T00:21:55","date_gmt":"2026-02-27T00:21:55","guid":{"rendered":"https:\/\/nordicmart.andreevmaster.com\/product\/vasagle-yopoyta-2-kpl-pistorasioilla-ja-laatikoilla-mantelinkeltainen\/"},"modified":"2026-02-27T09:42:31","modified_gmt":"2026-02-27T09:42:31","slug":"vasagle-yopoyta-2-kpl-pistorasioilla-ja-laatikoilla-mantelinkeltainen","status":"publish","type":"product","link":"https:\/\/nordicmart.andreevmaster.com\/fi\/tuote\/vasagle-yopoyta-2-kpl-pistorasioilla-ja-laatikoilla-mantelinkeltainen\/","title":{"rendered":"VASAGLE Y\u00f6p\u00f6yt\u00e4 2 kpl, pistorasioilla ja laatikoilla, mantelinkeltainen"},"content":{"rendered":"<p>VASAGLE y\u00f6p\u00f6yt\u00e4 pistorasialistalla, sivup\u00f6yt\u00e4, 2 laatikkoa, 2 AC-pistorasiaa, 2 USB-A-liit\u00e4nt\u00e4\u00e4, olohuone, makuuhuone, moderni, pilvinen valkoinen LET621W02<br \/>\nV\u00e4ri: mantelinkeltainen<br \/>\nMateriaali: lastulevy, MDF (keskitihe\u00e4 kuitulevy)<br \/>\nKoko per p\u00f6yt\u00e4: 35 x 40 x 49 cm (S x L x K)<br \/>\nP\u00f6yd\u00e4n paino: 9 kg<br \/>\nP\u00f6yt\u00e4levyn maks. staattinen kantavuus: 50 kg<br \/>\nJokaisen laatikon maks. staattinen kantavuus: 4,7 kg<\/p>\n","protected":false},"excerpt":{"rendered":"<p>VASAGLE y\u00f6p\u00f6yt\u00e4 pistorasialistalla, sivup\u00f6yt\u00e4, 2 laatikkoa, 2 AC-pistorasiaa, 2 USB-A-liit\u00e4nt\u00e4\u00e4, olohuone, makuuhuone, moderni, pilvinen valkoinen LET621W02<\/p>\n","protected":false},"featured_media":42388,"comment_status":"open","ping_status":"closed","template":"","meta":[],"product_brand":[],"product_cat":[32],"product_tag":[],"class_list":{"0":"post-33575","1":"product","2":"type-product","3":"status-publish","4":"has-post-thumbnail","6":"product_cat-uncategorized-fi","8":"first","9":"instock","10":"shipping-taxable","11":"purchasable","12":"product-type-simple"},"_links":{"self":[{"href":"https:\/\/nordicmart.andreevmaster.com\/fi\/wp-json\/wp\/v2\/product\/33575","targetHints":{"allow":["GET"]}}],"collection":[{"href":"https:\/\/nordicmart.andreevmaster.com\/fi\/wp-json\/wp\/v2\/product"}],"about":[{"href":"https:\/\/nordicmart.andreevmaster.com\/fi\/wp-json\/wp\/v2\/types\/product"}],"replies":[{"embeddable":true,"href":"https:\/\/nordicmart.andreevmaster.com\/fi\/wp-json\/wp\/v2\/comments?post=33575"}],"wp:featuredmedia":[{"embeddable":true,"href":"https:\/\/nordicmart.andreevmaster.com\/fi\/wp-json\/wp\/v2\/media\/42388"}],"wp:attachment":[{"href":"https:\/\/nordicmart.andreevmaster.com\/fi\/wp-json\/wp\/v2\/media?parent=33575"}],"wp:term":[{"taxonomy":"product_brand","embeddable":true,"href":"https:\/\/nordicmart.andreevmaster.com\/fi\/wp-json\/wp\/v2\/product_brand?post=33575"},{"taxonomy":"product_cat","embeddable":true,"href":"https:\/\/nordicmart.andreevmaster.com\/fi\/wp-json\/wp\/v2\/product_cat?post=33575"},{"taxonomy":"product_tag","embeddable":true,"href":"https:\/\/nordicmart.andreevmaster.com\/fi\/wp-json\/wp\/v2\/product_tag?post=33575"}],"curies":[{"name":"wp","href":"https:\/\/api.w.org\/{rel}","templated":true}]}}