{"id":33572,"date":"2026-02-27T00:21:54","date_gmt":"2026-02-27T00:21:54","guid":{"rendered":"https:\/\/nordicmart.andreevmaster.com\/product\/vasagle-yopoyta-2-kpl-luonnonbeige-luonnonbeige-klassinen-valkoinen\/"},"modified":"2026-02-27T09:42:30","modified_gmt":"2026-02-27T09:42:30","slug":"vasagle-yopoyta-2-kpl-luonnonbeige-luonnonbeige-klassinen-valkoinen","status":"publish","type":"product","link":"https:\/\/nordicmart.andreevmaster.com\/fi\/tuote\/vasagle-yopoyta-2-kpl-luonnonbeige-luonnonbeige-klassinen-valkoinen\/","title":{"rendered":"VASAGLE Y\u00f6p\u00f6yt\u00e4 2 kpl, luonnonbeige-luonnonbeige-klassinen valkoinen"},"content":{"rendered":"<p>VASAGLE y\u00f6p\u00f6yt\u00e4, 2 kpl, sivup\u00f6yt\u00e4, laatikolla, kahvalla, avoin lokero, sohvap\u00f6yt\u00e4, makuuhuoneeseen, olohuoneeseen<br \/>\nV\u00e4ri: luonnonbeige-klassinen valkoinen<br \/>\nMateriaali: lastulevy<br \/>\nKoko per p\u00f6yt\u00e4: 28 x 39 x 41 cm (S x L x K)<br \/>\nPaino per p\u00f6yt\u00e4: 5,7 kg<br \/>\nLaatikkon maksimaalinen staattinen kantavuus: 5 kg<br \/>\nP\u00f6yd\u00e4n maks. staattinen kokonaiskuormitus: 75 kg<\/p>\n","protected":false},"excerpt":{"rendered":"<p>VASAGLE y\u00f6p\u00f6yt\u00e4, 2 kpl, sivup\u00f6yt\u00e4, laatikolla, kahvalla, avoin lokero, sohvap\u00f6yt\u00e4, makuuhuoneeseen, olohuoneeseen<\/p>\n","protected":false},"featured_media":42385,"comment_status":"open","ping_status":"closed","template":"","meta":[],"product_brand":[],"product_cat":[32],"product_tag":[],"class_list":{"0":"post-33572","1":"product","2":"type-product","3":"status-publish","4":"has-post-thumbnail","6":"product_cat-uncategorized-fi","8":"first","9":"instock","10":"shipping-taxable","11":"purchasable","12":"product-type-simple"},"_links":{"self":[{"href":"https:\/\/nordicmart.andreevmaster.com\/fi\/wp-json\/wp\/v2\/product\/33572","targetHints":{"allow":["GET"]}}],"collection":[{"href":"https:\/\/nordicmart.andreevmaster.com\/fi\/wp-json\/wp\/v2\/product"}],"about":[{"href":"https:\/\/nordicmart.andreevmaster.com\/fi\/wp-json\/wp\/v2\/types\/product"}],"replies":[{"embeddable":true,"href":"https:\/\/nordicmart.andreevmaster.com\/fi\/wp-json\/wp\/v2\/comments?post=33572"}],"wp:featuredmedia":[{"embeddable":true,"href":"https:\/\/nordicmart.andreevmaster.com\/fi\/wp-json\/wp\/v2\/media\/42385"}],"wp:attachment":[{"href":"https:\/\/nordicmart.andreevmaster.com\/fi\/wp-json\/wp\/v2\/media?parent=33572"}],"wp:term":[{"taxonomy":"product_brand","embeddable":true,"href":"https:\/\/nordicmart.andreevmaster.com\/fi\/wp-json\/wp\/v2\/product_brand?post=33572"},{"taxonomy":"product_cat","embeddable":true,"href":"https:\/\/nordicmart.andreevmaster.com\/fi\/wp-json\/wp\/v2\/product_cat?post=33572"},{"taxonomy":"product_tag","embeddable":true,"href":"https:\/\/nordicmart.andreevmaster.com\/fi\/wp-json\/wp\/v2\/product_tag?post=33572"}],"curies":[{"name":"wp","href":"https:\/\/api.w.org\/{rel}","templated":true}]}}