{"id":33568,"date":"2026-02-27T00:21:53","date_gmt":"2026-02-27T00:21:53","guid":{"rendered":"https:\/\/nordicmart.andreevmaster.com\/product\/songmics-yopoyta-avoimella-lokerolla-vintage-ruskea-musta\/"},"modified":"2026-02-27T09:42:30","modified_gmt":"2026-02-27T09:42:30","slug":"songmics-yopoyta-avoimella-lokerolla-vintage-ruskea-musta","status":"publish","type":"product","link":"https:\/\/nordicmart.andreevmaster.com\/fi\/tuote\/songmics-yopoyta-avoimella-lokerolla-vintage-ruskea-musta\/","title":{"rendered":"SONGMICS Y\u00f6p\u00f6yt\u00e4 avoimella lokerolla, vintage-ruskea-musta"},"content":{"rendered":"<p>Opas mukavaan nukkumaanmenoaikaan: mukavuus ensin. Lamppu ja lasi vett\u00e4 p\u00e4\u00e4ll\u00e4, y\u00f6voiteet avoimessa lokerossa ja kirjat kaapissa \u2013 t\u00e4ll\u00e4 y\u00f6p\u00f6yd\u00e4ll\u00e4 kaikki on k\u00e4den ulottuvilla! Kiitosta sen vahvuudesta: t\u00e4m\u00e4n p\u00f6yd\u00e4n pit\u00e4isi vastata kaikkiin tarpeisiisi, eik\u00f6 niin? Vankka ter\u00e4srunko ja kest\u00e4v\u00e4t lastulevyt takaavat luotettavan kest\u00e4vyyden, ja lis\u00e4ksi se n\u00e4ytt\u00e4\u00e4 mielenkiintoiselta \u2013 se on varmasti rauhoittavaa sinulle! Tuotetiedot: V\u00e4ri: vintage-ruskea-musta Materiaali: lastulevy, ter\u00e4s Koko: 38 x 40 x 61 cm (P x L x K) Paino: 10,9 kg P\u00f6yd\u00e4n pinnan maks. staattinen kantavuus: 30 kg Avoimen hyllyn maks. staattinen kantavuus: 20 kg S\u00e4\u00e4dett\u00e4v\u00e4n hyllyn maks. staattinen kantavuus: 20 kg Toimitus sis\u00e4lt\u00e4\u00e4: 1 x sivup\u00f6yt\u00e4 1 x lis\u00e4varustepaketti 1 x ohjeet<\/p>\n","protected":false},"excerpt":{"rendered":"<p>SONGMICS y\u00f6p\u00f6yt\u00e4, sivup\u00f6yt\u00e4, sohvap\u00f6yt\u00e4, ovella, avoin lokero, 38 x 40 x 61 cm, teollinen muotoilu, olohuoneeseen, makuuhuoneeseen, vintage-ruskea-musta LET815B01<\/p>\n","protected":false},"featured_media":42381,"comment_status":"open","ping_status":"closed","template":"","meta":[],"product_brand":[],"product_cat":[32],"product_tag":[],"class_list":{"0":"post-33568","1":"product","2":"type-product","3":"status-publish","4":"has-post-thumbnail","6":"product_cat-uncategorized-fi","8":"first","9":"instock","10":"shipping-taxable","11":"purchasable","12":"product-type-simple"},"_links":{"self":[{"href":"https:\/\/nordicmart.andreevmaster.com\/fi\/wp-json\/wp\/v2\/product\/33568","targetHints":{"allow":["GET"]}}],"collection":[{"href":"https:\/\/nordicmart.andreevmaster.com\/fi\/wp-json\/wp\/v2\/product"}],"about":[{"href":"https:\/\/nordicmart.andreevmaster.com\/fi\/wp-json\/wp\/v2\/types\/product"}],"replies":[{"embeddable":true,"href":"https:\/\/nordicmart.andreevmaster.com\/fi\/wp-json\/wp\/v2\/comments?post=33568"}],"wp:featuredmedia":[{"embeddable":true,"href":"https:\/\/nordicmart.andreevmaster.com\/fi\/wp-json\/wp\/v2\/media\/42381"}],"wp:attachment":[{"href":"https:\/\/nordicmart.andreevmaster.com\/fi\/wp-json\/wp\/v2\/media?parent=33568"}],"wp:term":[{"taxonomy":"product_brand","embeddable":true,"href":"https:\/\/nordicmart.andreevmaster.com\/fi\/wp-json\/wp\/v2\/product_brand?post=33568"},{"taxonomy":"product_cat","embeddable":true,"href":"https:\/\/nordicmart.andreevmaster.com\/fi\/wp-json\/wp\/v2\/product_cat?post=33568"},{"taxonomy":"product_tag","embeddable":true,"href":"https:\/\/nordicmart.andreevmaster.com\/fi\/wp-json\/wp\/v2\/product_tag?post=33568"}],"curies":[{"name":"wp","href":"https:\/\/api.w.org\/{rel}","templated":true}]}}