{"id":33567,"date":"2026-02-27T00:21:53","date_gmt":"2026-02-27T00:21:53","guid":{"rendered":"https:\/\/nordicmart.andreevmaster.com\/product\/vasagle-sivupoyta-3-hyllya-vintage-ruskea-musta\/"},"modified":"2026-02-27T09:42:29","modified_gmt":"2026-02-27T09:42:29","slug":"vasagle-sivupoyta-3-hyllya-vintage-ruskea-musta","status":"publish","type":"product","link":"https:\/\/nordicmart.andreevmaster.com\/fi\/tuote\/vasagle-sivupoyta-3-hyllya-vintage-ruskea-musta\/","title":{"rendered":"VASAGLE sivup\u00f6yt\u00e4, 3 hylly\u00e4, vintage-ruskea-musta"},"content":{"rendered":"<p>Tarpeen mukaan: Rustikkisen ruskeat lastulevyt ja musta ter\u00e4srunko tekev\u00e4t t\u00e4st\u00e4 teollisuustyylisest\u00e4 konsolip\u00f6yd\u00e4st\u00e4 sopivan jokaiseen huoneeseen. Tarvitsetko kenk\u00e4telineen eteiseen? Selv\u00e4. Haluatko siivota huoneesi? Ei ongelmaa. Haluatko k\u00e4yt\u00e4nn\u00f6llisen p\u00f6yd\u00e4n sohvan viereen? Totta kai! Pyyd\u00e4 apuvoimia: Kukaan ei pid\u00e4 hutisevista, ep\u00e4luotettavista huonekaluista. Vakaan ter\u00e4srungon ja kest\u00e4v\u00e4n lastulevyn ansiosta p\u00f6yt\u00e4 tarjoaa tukevan alustan kaikille tavaroillesi. P\u00f6yt\u00e4levy kest\u00e4\u00e4 jopa 30 kg:n painon, ja kaksi alaosaa kest\u00e4v\u00e4t kumpikin jopa 20 kg:n painon. Lis\u00e4\u00e4 vakautta asentamalla s\u00e4\u00e4dett\u00e4v\u00e4t jalat ja kiinnitt\u00e4m\u00e4ll\u00e4 p\u00f6yt\u00e4 mukana toimitetulla kaatumissuojalla. Tuotetiedot: V\u00e4ri: vintage-ruskea-musta Materiaali: lastulevy, ter\u00e4s Koko: 100 x 35 x 88 cm (P x L x K) Paino: 18,5 kg Pinnan maks. staattinen kantavuus: 30 kg Hyllyn maks. staattinen kantavuus: 20 kg Toimitus sis\u00e4lt\u00e4\u00e4: 1 x y\u00f6p\u00f6yt\u00e4 1 x lis\u00e4varustepaketti 1 x kaatumissuoja 1 x ohjeet SONGMICSin huomautukset:Turvallisuussyist\u00e4 lapset eiv\u00e4t saa kiivet\u00e4 tuotteelle tai leikki\u00e4 sill\u00e4. Kiinnit\u00e4 t\u00e4m\u00e4 tuote sein\u00e4\u00e4n mukana toimitetulla kaatumissuojalla kaatumisen est\u00e4miseksi.<\/p>\n","protected":false},"excerpt":{"rendered":"<p>VASAGLE konsolip\u00f6yt\u00e4, sivup\u00f6yt\u00e4, 3 hyllyll\u00e4, metallirunko, 100 x 35 x 88 cm, teollinen muotoilu, olohuoneeseen, makuuhuoneeseen, eteiseen, vintage-ruskea-musta LET810B01<\/p>\n","protected":false},"featured_media":42380,"comment_status":"open","ping_status":"closed","template":"","meta":[],"product_brand":[],"product_cat":[32],"product_tag":[],"class_list":{"0":"post-33567","1":"product","2":"type-product","3":"status-publish","4":"has-post-thumbnail","6":"product_cat-uncategorized-fi","8":"first","9":"instock","10":"shipping-taxable","11":"purchasable","12":"product-type-simple"},"_links":{"self":[{"href":"https:\/\/nordicmart.andreevmaster.com\/fi\/wp-json\/wp\/v2\/product\/33567","targetHints":{"allow":["GET"]}}],"collection":[{"href":"https:\/\/nordicmart.andreevmaster.com\/fi\/wp-json\/wp\/v2\/product"}],"about":[{"href":"https:\/\/nordicmart.andreevmaster.com\/fi\/wp-json\/wp\/v2\/types\/product"}],"replies":[{"embeddable":true,"href":"https:\/\/nordicmart.andreevmaster.com\/fi\/wp-json\/wp\/v2\/comments?post=33567"}],"wp:featuredmedia":[{"embeddable":true,"href":"https:\/\/nordicmart.andreevmaster.com\/fi\/wp-json\/wp\/v2\/media\/42380"}],"wp:attachment":[{"href":"https:\/\/nordicmart.andreevmaster.com\/fi\/wp-json\/wp\/v2\/media?parent=33567"}],"wp:term":[{"taxonomy":"product_brand","embeddable":true,"href":"https:\/\/nordicmart.andreevmaster.com\/fi\/wp-json\/wp\/v2\/product_brand?post=33567"},{"taxonomy":"product_cat","embeddable":true,"href":"https:\/\/nordicmart.andreevmaster.com\/fi\/wp-json\/wp\/v2\/product_cat?post=33567"},{"taxonomy":"product_tag","embeddable":true,"href":"https:\/\/nordicmart.andreevmaster.com\/fi\/wp-json\/wp\/v2\/product_tag?post=33567"}],"curies":[{"name":"wp","href":"https:\/\/api.w.org\/{rel}","templated":true}]}}