{"id":33562,"date":"2026-02-27T00:21:51","date_gmt":"2026-02-27T00:21:51","guid":{"rendered":"https:\/\/nordicmart.andreevmaster.com\/product\/vasagle-teollisen-muotoilun-sivupoyta-kapea\/"},"modified":"2026-02-27T09:42:29","modified_gmt":"2026-02-27T09:42:29","slug":"vasagle-teollisen-muotoilun-sivupoyta-kapea","status":"publish","type":"product","link":"https:\/\/nordicmart.andreevmaster.com\/fi\/tuote\/vasagle-teollisen-muotoilun-sivupoyta-kapea\/","title":{"rendered":"VASAGLE teollisen muotoilun sivup\u00f6yt\u00e4, kapea"},"content":{"rendered":"<p>VASAGLE \u2013 se on mielikuvituksellinen yhdistelm\u00e4 toiminnallisuutta, kest\u00e4vyytt\u00e4 ja tyylikk\u00e4it\u00e4 vintage-malleja. Jos haluat antaa huoneillesi yksil\u00f6llisen ilmeen ja antiikkisen s\u00e4vyn, t\u00e4ll\u00e4 huonekalusarjalla voit saavuttaa vaikuttavia tuloksia. Onko sinulla viel\u00e4 lankapuhelin? T\u00e4m\u00e4n puhelintason tyylik\u00e4s vintage-design ja kompaktit mitat 45 x 75 x 35 cm (L x K x S) varmistavat, ett\u00e4 huonekalu sopii hyvin jokaiseen eteiseen. K\u00e4yt\u00e4 puun n\u00e4k\u00f6ist\u00e4 p\u00f6yt\u00e4tasoa puhelimesi asettamiseen ja kahta hylly\u00e4 esimerkiksi osoitekirjan s\u00e4ilytt\u00e4miseen tai koristeiden asettamiseen. Eik\u00f6 sinulla ole en\u00e4\u00e4 lankapuhelinta, vaan vain matkapuhelin? Ei h\u00e4t\u00e4\u00e4! T\u00e4m\u00e4 joustava huonekalu voidaan muuttaa k\u00e4tev\u00e4sti olohuoneesi sohvap\u00f6yd\u00e4ksi tai makuuhuoneesi k\u00e4yt\u00e4nn\u00f6lliseksi y\u00f6p\u00f6yd\u00e4ksi. Riippumatta siit\u00e4, mit\u00e4 suunnitelmia sinulla on, VASAGLE:n vintage-huonekalujen avulla voit toteuttaa sisustussuunnitelmasi helposti! Tuotetiedot: &#8211; V\u00e4ri: vintage-ruskea-musta &#8211; Materiaali: lastulevy (paksuus: 15 mm) &#8211; Mitat: 45 x 75 x 35 cm (L x K x S) &#8211; Paino: 6,5 kg &#8211; Maks. kantavuus hylly\u00e4 kohti: 10 kg Toimitus sis\u00e4lt\u00e4\u00e4: &#8211; 1 x puhelintaso &#8211; 1 x tarvikepussi &#8211; 1 x ohjeet (DE, EN, FR, ES, IT) VASAGLE-ohjeet: &#8211; Tuote on tarkoitettu k\u00e4ytett\u00e4v\u00e4ksi vain sis\u00e4tiloissa. Aseta se kuivaan ymp\u00e4rist\u00f6\u00f6n. &#8211; T\u00e4m\u00e4n huonekalun enimm\u00e4iskuormitus on 10 kg hylly\u00e4 kohti. \u00c4l\u00e4 aseta sit\u00e4 p\u00e4\u00e4lle painavampia esineit\u00e4.<\/p>\n","protected":false},"excerpt":{"rendered":"<p>VASAGLE Sivup\u00f6yt\u00e4, puhelintaso 2 hyllyll\u00e4, toimisto, eteinen, olohuone, vakaa, metallirunko, teollinen muotoilu, vintage-ruskea-musta LET75BX<\/p>\n","protected":false},"featured_media":42375,"comment_status":"open","ping_status":"closed","template":"","meta":[],"product_brand":[],"product_cat":[32],"product_tag":[],"class_list":{"0":"post-33562","1":"product","2":"type-product","3":"status-publish","4":"has-post-thumbnail","6":"product_cat-uncategorized-fi","8":"first","9":"instock","10":"shipping-taxable","11":"purchasable","12":"product-type-simple"},"_links":{"self":[{"href":"https:\/\/nordicmart.andreevmaster.com\/fi\/wp-json\/wp\/v2\/product\/33562","targetHints":{"allow":["GET"]}}],"collection":[{"href":"https:\/\/nordicmart.andreevmaster.com\/fi\/wp-json\/wp\/v2\/product"}],"about":[{"href":"https:\/\/nordicmart.andreevmaster.com\/fi\/wp-json\/wp\/v2\/types\/product"}],"replies":[{"embeddable":true,"href":"https:\/\/nordicmart.andreevmaster.com\/fi\/wp-json\/wp\/v2\/comments?post=33562"}],"wp:featuredmedia":[{"embeddable":true,"href":"https:\/\/nordicmart.andreevmaster.com\/fi\/wp-json\/wp\/v2\/media\/42375"}],"wp:attachment":[{"href":"https:\/\/nordicmart.andreevmaster.com\/fi\/wp-json\/wp\/v2\/media?parent=33562"}],"wp:term":[{"taxonomy":"product_brand","embeddable":true,"href":"https:\/\/nordicmart.andreevmaster.com\/fi\/wp-json\/wp\/v2\/product_brand?post=33562"},{"taxonomy":"product_cat","embeddable":true,"href":"https:\/\/nordicmart.andreevmaster.com\/fi\/wp-json\/wp\/v2\/product_cat?post=33562"},{"taxonomy":"product_tag","embeddable":true,"href":"https:\/\/nordicmart.andreevmaster.com\/fi\/wp-json\/wp\/v2\/product_tag?post=33562"}],"curies":[{"name":"wp","href":"https:\/\/api.w.org\/{rel}","templated":true}]}}