{"id":33560,"date":"2026-02-27T00:21:51","date_gmt":"2026-02-27T00:21:51","guid":{"rendered":"https:\/\/nordicmart.andreevmaster.com\/product\/vasagle-yopoyta-retro-puu\/"},"modified":"2026-02-27T09:42:28","modified_gmt":"2026-02-27T09:42:28","slug":"vasagle-yopoyta-retro-puu","status":"publish","type":"product","link":"https:\/\/nordicmart.andreevmaster.com\/fi\/tuote\/vasagle-yopoyta-retro-puu\/","title":{"rendered":"VASAGLE Y\u00f6p\u00f6yt\u00e4 Retro puu"},"content":{"rendered":"<p>Tuotetiedot: &#8211; V\u00e4ri: tummanruskea\/vintage &#8211; Materiaali: MDF, jalat m\u00e4nty\u00e4 &#8211; Koko: 50 x 40 x 58 cm (P x L x K) &#8211; Paino: 11,8 kg Toimitus sis\u00e4lt\u00e4\u00e4:- 1 x y\u00f6p\u00f6yt\u00e4 &#8211; 1 x tarvikepussi &#8211; 1 x ohjeet (DE, EN, FR, ES, IT) VASAGLE Huomautukset: &#8211; \u00c4l\u00e4 j\u00e4t\u00e4 tuotetta pitk\u00e4ksi aikaa ulos. Tuote on tarkoitettu sis\u00e4k\u00e4ytt\u00f6\u00f6n. &#8211; \u00c4l\u00e4 k\u00e4yt\u00e4 tuotetta kosteassa ymp\u00e4rist\u00f6ss\u00e4.- Tuote ei saa joutua kosketuksiin ter\u00e4vien esineiden tai voimakkaiden kemikaalien kanssa, jotta se ei vahingoitu.<\/p>\n","protected":false},"excerpt":{"rendered":"<p>VASAGLE y\u00f6p\u00f6yt\u00e4, jossa on laatikko ja avoin hylly, pieni sivup\u00f6yt\u00e4, m\u00e4ntypuusta valmistetut jalat, makuuhuoneeseen ja olohuoneeseen, 50 x 40 x 58 cm, puun n\u00e4k\u00f6inen, vintage, tummanruskea LET71BX<\/p>\n","protected":false},"featured_media":42373,"comment_status":"open","ping_status":"closed","template":"","meta":[],"product_brand":[],"product_cat":[32],"product_tag":[],"class_list":{"0":"post-33560","1":"product","2":"type-product","3":"status-publish","4":"has-post-thumbnail","6":"product_cat-uncategorized-fi","8":"first","9":"instock","10":"shipping-taxable","11":"purchasable","12":"product-type-simple"},"_links":{"self":[{"href":"https:\/\/nordicmart.andreevmaster.com\/fi\/wp-json\/wp\/v2\/product\/33560","targetHints":{"allow":["GET"]}}],"collection":[{"href":"https:\/\/nordicmart.andreevmaster.com\/fi\/wp-json\/wp\/v2\/product"}],"about":[{"href":"https:\/\/nordicmart.andreevmaster.com\/fi\/wp-json\/wp\/v2\/types\/product"}],"replies":[{"embeddable":true,"href":"https:\/\/nordicmart.andreevmaster.com\/fi\/wp-json\/wp\/v2\/comments?post=33560"}],"wp:featuredmedia":[{"embeddable":true,"href":"https:\/\/nordicmart.andreevmaster.com\/fi\/wp-json\/wp\/v2\/media\/42373"}],"wp:attachment":[{"href":"https:\/\/nordicmart.andreevmaster.com\/fi\/wp-json\/wp\/v2\/media?parent=33560"}],"wp:term":[{"taxonomy":"product_brand","embeddable":true,"href":"https:\/\/nordicmart.andreevmaster.com\/fi\/wp-json\/wp\/v2\/product_brand?post=33560"},{"taxonomy":"product_cat","embeddable":true,"href":"https:\/\/nordicmart.andreevmaster.com\/fi\/wp-json\/wp\/v2\/product_cat?post=33560"},{"taxonomy":"product_tag","embeddable":true,"href":"https:\/\/nordicmart.andreevmaster.com\/fi\/wp-json\/wp\/v2\/product_tag?post=33560"}],"curies":[{"name":"wp","href":"https:\/\/api.w.org\/{rel}","templated":true}]}}