{"id":33552,"date":"2026-02-27T00:21:49","date_gmt":"2026-02-27T00:21:49","guid":{"rendered":"https:\/\/nordicmart.andreevmaster.com\/product\/vasagle-yopoyta-jossa-on-laatikko-ja-avoin-hylly-eebenpuunmusta\/"},"modified":"2026-02-27T09:42:27","modified_gmt":"2026-02-27T09:42:27","slug":"vasagle-yopoyta-jossa-on-laatikko-ja-avoin-hylly-eebenpuunmusta","status":"publish","type":"product","link":"https:\/\/nordicmart.andreevmaster.com\/fi\/tuote\/vasagle-yopoyta-jossa-on-laatikko-ja-avoin-hylly-eebenpuunmusta\/","title":{"rendered":"VASAGLE y\u00f6p\u00f6yt\u00e4, jossa on laatikko ja avoin hylly, eebenpuunmusta"},"content":{"rendered":"<p>VASAGLE y\u00f6p\u00f6yt\u00e4, 2 kpl, sivup\u00f6yt\u00e4 laatikolla ja avoimella hyllyll\u00e4, puujalat, sohvap\u00f6yt\u00e4 olohuoneeseen, makuuhuoneeseen, sohvalle, lumivalkoinen LET855W01<br \/>\nV\u00e4ri: eebenpuunmusta<br \/>\nMateriaali: lastulevy, MDF (keskitihe\u00e4 kuitulevy), massiivipuu<br \/>\nKoko: 28 x 39 x 55 cm (S x L x K)<br \/>\nPaino: 5,4 kg<br \/>\nP\u00f6yt\u00e4levyn maks. staattinen kantavuus: 45,4 kg<br \/>\nLaatikkon enimm\u00e4iskantavuus: 4,5 kg<br \/>\nAvoimen hyllyn maks. staattinen kantavuus: 9,1 kg<br \/>\nMaks. staattinen kokonaiskuormitus: 59 kg<\/p>\n","protected":false},"excerpt":{"rendered":"<p>VASAGLE y\u00f6p\u00f6yt\u00e4, 2 kpl, sivup\u00f6yt\u00e4 laatikolla ja avoimella hyllyll\u00e4, puujalat, sohvap\u00f6yt\u00e4 olohuoneeseen, makuuhuoneeseen, sohvalle, lumivalkoinen LET855W01<\/p>\n","protected":false},"featured_media":42365,"comment_status":"open","ping_status":"closed","template":"","meta":[],"product_brand":[],"product_cat":[32],"product_tag":[],"class_list":{"0":"post-33552","1":"product","2":"type-product","3":"status-publish","4":"has-post-thumbnail","6":"product_cat-uncategorized-fi","8":"first","9":"instock","10":"shipping-taxable","11":"purchasable","12":"product-type-simple"},"_links":{"self":[{"href":"https:\/\/nordicmart.andreevmaster.com\/fi\/wp-json\/wp\/v2\/product\/33552","targetHints":{"allow":["GET"]}}],"collection":[{"href":"https:\/\/nordicmart.andreevmaster.com\/fi\/wp-json\/wp\/v2\/product"}],"about":[{"href":"https:\/\/nordicmart.andreevmaster.com\/fi\/wp-json\/wp\/v2\/types\/product"}],"replies":[{"embeddable":true,"href":"https:\/\/nordicmart.andreevmaster.com\/fi\/wp-json\/wp\/v2\/comments?post=33552"}],"wp:featuredmedia":[{"embeddable":true,"href":"https:\/\/nordicmart.andreevmaster.com\/fi\/wp-json\/wp\/v2\/media\/42365"}],"wp:attachment":[{"href":"https:\/\/nordicmart.andreevmaster.com\/fi\/wp-json\/wp\/v2\/media?parent=33552"}],"wp:term":[{"taxonomy":"product_brand","embeddable":true,"href":"https:\/\/nordicmart.andreevmaster.com\/fi\/wp-json\/wp\/v2\/product_brand?post=33552"},{"taxonomy":"product_cat","embeddable":true,"href":"https:\/\/nordicmart.andreevmaster.com\/fi\/wp-json\/wp\/v2\/product_cat?post=33552"},{"taxonomy":"product_tag","embeddable":true,"href":"https:\/\/nordicmart.andreevmaster.com\/fi\/wp-json\/wp\/v2\/product_tag?post=33552"}],"curies":[{"name":"wp","href":"https:\/\/api.w.org\/{rel}","templated":true}]}}