{"id":33549,"date":"2026-02-27T00:21:48","date_gmt":"2026-02-27T00:21:48","guid":{"rendered":"https:\/\/nordicmart.andreevmaster.com\/product\/vasagle-seinalle-ripustettava-yopoyta-valaisimilla-3-varia-eebenpuunmusta\/"},"modified":"2026-02-27T09:42:27","modified_gmt":"2026-02-27T09:42:27","slug":"vasagle-seinalle-ripustettava-yopoyta-valaisimilla-3-varia-eebenpuunmusta","status":"publish","type":"product","link":"https:\/\/nordicmart.andreevmaster.com\/fi\/tuote\/vasagle-seinalle-ripustettava-yopoyta-valaisimilla-3-varia-eebenpuunmusta\/","title":{"rendered":"VASAGLE sein\u00e4lle ripustettava y\u00f6p\u00f6yt\u00e4 valaisimilla, 3 v\u00e4ri\u00e4, eebenpuunmusta"},"content":{"rendered":"<p>VASAGLE ripustettava y\u00f6p\u00f6yt\u00e4, 2 kpl, 3 v\u00e4rinen valaisin, kelluva sein\u00e4hylly, laatikko, 35 x 40 x 18 cm, moderni, olohuone, makuuhuone, eebenpuunmusta LET854B01<br \/>\nV\u00e4ri: eebenpuunmusta<br \/>\nMateriaali: lastulevy, MDF (keskitihe\u00e4 kuitulevy)<br \/>\nKoko: 35 x 40 x 18 cm (S x L x K)<br \/>\nPaino: 6,2 kg<br \/>\nMaks. staattinen kantavuus: 50 kg<\/p>\n","protected":false},"excerpt":{"rendered":"<p>VASAGLE ripustettava y\u00f6p\u00f6yt\u00e4, 2 kpl, 3 v\u00e4rinen valaisin, kelluva sein\u00e4hylly, laatikko, 35 x 40 x 18 cm, moderni, olohuone, makuuhuone, eebenpuunmusta LET854B01<\/p>\n","protected":false},"featured_media":42362,"comment_status":"open","ping_status":"closed","template":"","meta":[],"product_brand":[],"product_cat":[32],"product_tag":[],"class_list":{"0":"post-33549","1":"product","2":"type-product","3":"status-publish","4":"has-post-thumbnail","6":"product_cat-uncategorized-fi","8":"first","9":"instock","10":"shipping-taxable","11":"purchasable","12":"product-type-simple"},"_links":{"self":[{"href":"https:\/\/nordicmart.andreevmaster.com\/fi\/wp-json\/wp\/v2\/product\/33549","targetHints":{"allow":["GET"]}}],"collection":[{"href":"https:\/\/nordicmart.andreevmaster.com\/fi\/wp-json\/wp\/v2\/product"}],"about":[{"href":"https:\/\/nordicmart.andreevmaster.com\/fi\/wp-json\/wp\/v2\/types\/product"}],"replies":[{"embeddable":true,"href":"https:\/\/nordicmart.andreevmaster.com\/fi\/wp-json\/wp\/v2\/comments?post=33549"}],"wp:featuredmedia":[{"embeddable":true,"href":"https:\/\/nordicmart.andreevmaster.com\/fi\/wp-json\/wp\/v2\/media\/42362"}],"wp:attachment":[{"href":"https:\/\/nordicmart.andreevmaster.com\/fi\/wp-json\/wp\/v2\/media?parent=33549"}],"wp:term":[{"taxonomy":"product_brand","embeddable":true,"href":"https:\/\/nordicmart.andreevmaster.com\/fi\/wp-json\/wp\/v2\/product_brand?post=33549"},{"taxonomy":"product_cat","embeddable":true,"href":"https:\/\/nordicmart.andreevmaster.com\/fi\/wp-json\/wp\/v2\/product_cat?post=33549"},{"taxonomy":"product_tag","embeddable":true,"href":"https:\/\/nordicmart.andreevmaster.com\/fi\/wp-json\/wp\/v2\/product_tag?post=33549"}],"curies":[{"name":"wp","href":"https:\/\/api.w.org\/{rel}","templated":true}]}}