{"id":33546,"date":"2026-02-27T00:21:47","date_gmt":"2026-02-27T00:21:47","guid":{"rendered":"https:\/\/nordicmart.andreevmaster.com\/product\/vasagle-teollisuustyylinen-yopoyta-laatikolla\/"},"modified":"2026-02-27T09:42:26","modified_gmt":"2026-02-27T09:42:26","slug":"vasagle-teollisuustyylinen-yopoyta-laatikolla","status":"publish","type":"product","link":"https:\/\/nordicmart.andreevmaster.com\/fi\/tuote\/vasagle-teollisuustyylinen-yopoyta-laatikolla\/","title":{"rendered":"VASAGLE Teollisuustyylinen y\u00f6p\u00f6yt\u00e4 laatikolla"},"content":{"rendered":"<p>Makuuhuone ilman y\u00f6p\u00f6yt\u00e4\u00e4 ei ole t\u00e4ydellinen. Toisaalta, vaikka tarvitsetkin k\u00e4yt\u00e4nn\u00f6llisen s\u00e4ilytystilan y\u00f6ksi, se ei tarkoita, ett\u00e4 sinun pit\u00e4isi ostaa mik\u00e4 tahansa tyylit\u00f6n huonekalu. Todella koristeellinen ja monipuolinen huonekalu Hieman rustiikkinen, mutta silti h\u00e4mm\u00e4stytt\u00e4v\u00e4n moderni, t\u00e4m\u00e4 silmiinpist\u00e4v\u00e4 sivup\u00f6yt\u00e4 on koristeellinen lis\u00e4 kotisi sisustukseen ja helppo yhdist\u00e4\u00e4 muihin huonekaluihin. Telineen monipuolisuuden ansiosta voit k\u00e4ytt\u00e4\u00e4 sit\u00e4 y\u00f6p\u00f6yt\u00e4n\u00e4 makuuhuoneessa sek\u00e4 sivup\u00f6yt\u00e4n\u00e4 olohuoneessa tai lukunurkkauksessa. Paljon s\u00e4ilytystilaa s\u00e4ngyn vieress\u00e4 Tilava teline, irrotettava kangaspussi ja ritil\u00e4 tarjoavat runsaasti tilaa kaikkien s\u00e4ngyn vieress\u00e4 tarvitsemiesi tavaroiden s\u00e4ilytt\u00e4miseen. Kun nen\u00e4liinat, lamppu, lempikirjasi tai lasi vett\u00e4 ovat k\u00e4den ulottuvilla, y\u00f6 sujuu paljon mukavammin. Kier\u00e4hd\u00e4 vain ymp\u00e4ri ja ota tarvitsemasi esine. Tuotetiedot: &#8211; V\u00e4ri: vintage-ruskea-musta, harmaa &#8211; Materiaali: lastulevy, ter\u00e4s &#8211; Koko: 46 x 35 x 52,5 cm (P x L x K) &#8211; Paino: 9 kg &#8211; Maks. staattinen kantavuus: 10 kg Toimitus sis\u00e4lt\u00e4\u00e4: -1 x y\u00f6p\u00f6yt\u00e4 -1 x tarvikepussi -1 x ohjeet (DE, EN, ES, FR, IT) VASAGLE Huomautukset: &#8211; Aseta tuote kuivaan paikkaan. &#8211; \u00c4l\u00e4 aseta raskaita esineit\u00e4 huonekalun p\u00e4\u00e4lle.<\/p>\n","protected":false},"excerpt":{"rendered":"<p>VASAGLE y\u00f6p\u00f6yt\u00e4, sivup\u00f6yt\u00e4, kahvip\u00f6yt\u00e4, irrotettava kangaspala, ritil\u00e4hylly, ter\u00e4srunko, olohuone, makuuhuone, vintage-ruskea-musta LET64X<\/p>\n","protected":false},"featured_media":42359,"comment_status":"open","ping_status":"closed","template":"","meta":[],"product_brand":[],"product_cat":[32],"product_tag":[],"class_list":{"0":"post-33546","1":"product","2":"type-product","3":"status-publish","4":"has-post-thumbnail","6":"product_cat-uncategorized-fi","8":"first","9":"instock","10":"shipping-taxable","11":"purchasable","12":"product-type-simple"},"_links":{"self":[{"href":"https:\/\/nordicmart.andreevmaster.com\/fi\/wp-json\/wp\/v2\/product\/33546","targetHints":{"allow":["GET"]}}],"collection":[{"href":"https:\/\/nordicmart.andreevmaster.com\/fi\/wp-json\/wp\/v2\/product"}],"about":[{"href":"https:\/\/nordicmart.andreevmaster.com\/fi\/wp-json\/wp\/v2\/types\/product"}],"replies":[{"embeddable":true,"href":"https:\/\/nordicmart.andreevmaster.com\/fi\/wp-json\/wp\/v2\/comments?post=33546"}],"wp:featuredmedia":[{"embeddable":true,"href":"https:\/\/nordicmart.andreevmaster.com\/fi\/wp-json\/wp\/v2\/media\/42359"}],"wp:attachment":[{"href":"https:\/\/nordicmart.andreevmaster.com\/fi\/wp-json\/wp\/v2\/media?parent=33546"}],"wp:term":[{"taxonomy":"product_brand","embeddable":true,"href":"https:\/\/nordicmart.andreevmaster.com\/fi\/wp-json\/wp\/v2\/product_brand?post=33546"},{"taxonomy":"product_cat","embeddable":true,"href":"https:\/\/nordicmart.andreevmaster.com\/fi\/wp-json\/wp\/v2\/product_cat?post=33546"},{"taxonomy":"product_tag","embeddable":true,"href":"https:\/\/nordicmart.andreevmaster.com\/fi\/wp-json\/wp\/v2\/product_tag?post=33546"}],"curies":[{"name":"wp","href":"https:\/\/api.w.org\/{rel}","templated":true}]}}