{"id":33544,"date":"2026-02-27T00:21:47","date_gmt":"2026-02-27T00:21:47","guid":{"rendered":"https:\/\/nordicmart.andreevmaster.com\/product\/vasagle-yopoyta-moderni-3-laatikkoa-oljenkeltainen\/"},"modified":"2026-02-27T09:42:26","modified_gmt":"2026-02-27T09:42:26","slug":"vasagle-yopoyta-moderni-3-laatikkoa-oljenkeltainen","status":"publish","type":"product","link":"https:\/\/nordicmart.andreevmaster.com\/fi\/tuote\/vasagle-yopoyta-moderni-3-laatikkoa-oljenkeltainen\/","title":{"rendered":"VASAGLE Y\u00f6p\u00f6yt\u00e4 moderni, 3 laatikkoa, oljenkeltainen"},"content":{"rendered":"<p>VASAGLE y\u00f6p\u00f6yt\u00e4, sivup\u00f6yt\u00e4, 3 laatikkoa, viistetty reuna, 2 AC-pistorasiaa, 2 USB-liit\u00e4nt\u00e4\u00e4, olohuone, makuuhuone, ty\u00f6huone, moderni<br \/>\nV\u00e4ri: eebenpuunmusta<br \/>\nMateriaali: lastulevy<br \/>\nKoko: 35 x 40 x 59 cm (S x L x K)<br \/>\nPaino: 13 kg<br \/>\nMaks. staattinen kokonaiskuormitus: 62 kg<\/p>\n","protected":false},"excerpt":{"rendered":"<p>VASAGLE y\u00f6p\u00f6yt\u00e4, sivup\u00f6yt\u00e4, 3 laatikkoa, viistetty reuna, 2 AC-pistorasiaa, 2 USB-liit\u00e4nt\u00e4\u00e4, olohuone, makuuhuone, ty\u00f6huone, moderni<\/p>\n","protected":false},"featured_media":42357,"comment_status":"open","ping_status":"closed","template":"","meta":[],"product_brand":[],"product_cat":[32],"product_tag":[],"class_list":{"0":"post-33544","1":"product","2":"type-product","3":"status-publish","4":"has-post-thumbnail","6":"product_cat-uncategorized-fi","8":"first","9":"instock","10":"shipping-taxable","11":"purchasable","12":"product-type-simple"},"_links":{"self":[{"href":"https:\/\/nordicmart.andreevmaster.com\/fi\/wp-json\/wp\/v2\/product\/33544","targetHints":{"allow":["GET"]}}],"collection":[{"href":"https:\/\/nordicmart.andreevmaster.com\/fi\/wp-json\/wp\/v2\/product"}],"about":[{"href":"https:\/\/nordicmart.andreevmaster.com\/fi\/wp-json\/wp\/v2\/types\/product"}],"replies":[{"embeddable":true,"href":"https:\/\/nordicmart.andreevmaster.com\/fi\/wp-json\/wp\/v2\/comments?post=33544"}],"wp:featuredmedia":[{"embeddable":true,"href":"https:\/\/nordicmart.andreevmaster.com\/fi\/wp-json\/wp\/v2\/media\/42357"}],"wp:attachment":[{"href":"https:\/\/nordicmart.andreevmaster.com\/fi\/wp-json\/wp\/v2\/media?parent=33544"}],"wp:term":[{"taxonomy":"product_brand","embeddable":true,"href":"https:\/\/nordicmart.andreevmaster.com\/fi\/wp-json\/wp\/v2\/product_brand?post=33544"},{"taxonomy":"product_cat","embeddable":true,"href":"https:\/\/nordicmart.andreevmaster.com\/fi\/wp-json\/wp\/v2\/product_cat?post=33544"},{"taxonomy":"product_tag","embeddable":true,"href":"https:\/\/nordicmart.andreevmaster.com\/fi\/wp-json\/wp\/v2\/product_tag?post=33544"}],"curies":[{"name":"wp","href":"https:\/\/api.w.org\/{rel}","templated":true}]}}