{"id":33543,"date":"2026-02-27T00:21:47","date_gmt":"2026-02-27T00:21:47","guid":{"rendered":"https:\/\/nordicmart.andreevmaster.com\/product\/vasagle-sivupoyta-2-ac-pistorasiaa-makuuhuone-pilvinen-valkoinen\/"},"modified":"2026-02-27T09:42:26","modified_gmt":"2026-02-27T09:42:26","slug":"vasagle-sivupoyta-2-ac-pistorasiaa-makuuhuone-pilvinen-valkoinen","status":"publish","type":"product","link":"https:\/\/nordicmart.andreevmaster.com\/fi\/tuote\/vasagle-sivupoyta-2-ac-pistorasiaa-makuuhuone-pilvinen-valkoinen\/","title":{"rendered":"VASAGLE sivup\u00f6yt\u00e4 2 AC-pistorasiaa makuuhuone pilvinen valkoinen"},"content":{"rendered":"<p>VASAGLE y\u00f6p\u00f6yt\u00e4, sivup\u00f6yt\u00e4, 3 laatikkoa, viistetty reuna, 2 AC-pistorasiaa, 2 USB-liit\u00e4nt\u00e4\u00e4, olohuone, makuuhuone, ty\u00f6huone, moderni<br \/>\nV\u00e4ri: pilvinen valkoinen<br \/>\nMateriaali: lastulevy<br \/>\nKoko: 35 x 40 x 59 cm (S x L x K)<br \/>\nPaino: 13 kg<br \/>\nMaks. staattinen kokonaiskuormituskyky: 62 kg<\/p>\n","protected":false},"excerpt":{"rendered":"<p>VASAGLE y\u00f6p\u00f6yt\u00e4, sivup\u00f6yt\u00e4, 3 laatikkoa, viistetty reuna, 2 AC-pistorasiaa, 2 USB-liit\u00e4nt\u00e4\u00e4, olohuone, makuuhuone, ty\u00f6huone, moderni<\/p>\n","protected":false},"featured_media":0,"comment_status":"open","ping_status":"closed","template":"","meta":[],"product_brand":[],"product_cat":[32],"product_tag":[],"class_list":{"0":"post-33543","1":"product","2":"type-product","3":"status-publish","5":"product_cat-uncategorized-fi","7":"first","8":"instock","9":"shipping-taxable","10":"purchasable","11":"product-type-simple"},"_links":{"self":[{"href":"https:\/\/nordicmart.andreevmaster.com\/fi\/wp-json\/wp\/v2\/product\/33543","targetHints":{"allow":["GET"]}}],"collection":[{"href":"https:\/\/nordicmart.andreevmaster.com\/fi\/wp-json\/wp\/v2\/product"}],"about":[{"href":"https:\/\/nordicmart.andreevmaster.com\/fi\/wp-json\/wp\/v2\/types\/product"}],"replies":[{"embeddable":true,"href":"https:\/\/nordicmart.andreevmaster.com\/fi\/wp-json\/wp\/v2\/comments?post=33543"}],"wp:attachment":[{"href":"https:\/\/nordicmart.andreevmaster.com\/fi\/wp-json\/wp\/v2\/media?parent=33543"}],"wp:term":[{"taxonomy":"product_brand","embeddable":true,"href":"https:\/\/nordicmart.andreevmaster.com\/fi\/wp-json\/wp\/v2\/product_brand?post=33543"},{"taxonomy":"product_cat","embeddable":true,"href":"https:\/\/nordicmart.andreevmaster.com\/fi\/wp-json\/wp\/v2\/product_cat?post=33543"},{"taxonomy":"product_tag","embeddable":true,"href":"https:\/\/nordicmart.andreevmaster.com\/fi\/wp-json\/wp\/v2\/product_tag?post=33543"}],"curies":[{"name":"wp","href":"https:\/\/api.w.org\/{rel}","templated":true}]}}