{"id":33536,"date":"2026-02-27T00:21:45","date_gmt":"2026-02-27T00:21:45","guid":{"rendered":"https:\/\/nordicmart.andreevmaster.com\/product\/vasagle-yopoyta-jossa-on-lataustoiminto-ja-2-laatikkoa\/"},"modified":"2026-02-27T09:42:25","modified_gmt":"2026-02-27T09:42:25","slug":"vasagle-yopoyta-jossa-on-lataustoiminto-ja-2-laatikkoa","status":"publish","type":"product","link":"https:\/\/nordicmart.andreevmaster.com\/fi\/tuote\/vasagle-yopoyta-jossa-on-lataustoiminto-ja-2-laatikkoa\/","title":{"rendered":"VASAGLE y\u00f6p\u00f6yt\u00e4, jossa on lataustoiminto ja 2 laatikkoa"},"content":{"rendered":"<p>VASAGLE bambusta valmistettu y\u00f6p\u00f6yt\u00e4, sivup\u00f6yt\u00e4, jossa on s\u00e4ilytystilaa, 2 laatikkoa, avoin hylly, 2 USB-A-liit\u00e4nt\u00e4\u00e4, 2 AC-liit\u00e4nt\u00e4\u00e4, minimalistinen, olohuoneeseen, makuuhuoneeseen, sohvalle<br \/>\nV\u00e4ri: pilvinen valkoinen<br \/>\nMateriaali: bambu, MDF (keskitihe\u00e4 kuitulevy)<br \/>\nKoko: 35 x 40 x 60 cm (S x L x K)<br \/>\nPaino: 9,6 kg<br \/>\nP\u00f6yt\u00e4levyn maks. staattinen kantavuus: 45,4 kg<br \/>\nJokaisen laatikon maks. staattinen kantavuus: 4,5 kg<br \/>\nAvoimen hyllyn maks. staattinen kantavuus: 4,5 kg<\/p>\n","protected":false},"excerpt":{"rendered":"<p>VASAGLE bambusta valmistettu y\u00f6p\u00f6yt\u00e4, sivup\u00f6yt\u00e4, jossa on s\u00e4ilytystilaa, 2 laatikkoa, avoin hylly, 2 USB-A-liit\u00e4nt\u00e4\u00e4, 2 AC-liit\u00e4nt\u00e4\u00e4, minimalistinen, olohuoneeseen, makuuhuoneeseen, sohvalle<\/p>\n","protected":false},"featured_media":42351,"comment_status":"open","ping_status":"closed","template":"","meta":[],"product_brand":[],"product_cat":[32],"product_tag":[],"class_list":{"0":"post-33536","1":"product","2":"type-product","3":"status-publish","4":"has-post-thumbnail","6":"product_cat-uncategorized-fi","8":"first","9":"instock","10":"shipping-taxable","11":"purchasable","12":"product-type-simple"},"_links":{"self":[{"href":"https:\/\/nordicmart.andreevmaster.com\/fi\/wp-json\/wp\/v2\/product\/33536","targetHints":{"allow":["GET"]}}],"collection":[{"href":"https:\/\/nordicmart.andreevmaster.com\/fi\/wp-json\/wp\/v2\/product"}],"about":[{"href":"https:\/\/nordicmart.andreevmaster.com\/fi\/wp-json\/wp\/v2\/types\/product"}],"replies":[{"embeddable":true,"href":"https:\/\/nordicmart.andreevmaster.com\/fi\/wp-json\/wp\/v2\/comments?post=33536"}],"wp:featuredmedia":[{"embeddable":true,"href":"https:\/\/nordicmart.andreevmaster.com\/fi\/wp-json\/wp\/v2\/media\/42351"}],"wp:attachment":[{"href":"https:\/\/nordicmart.andreevmaster.com\/fi\/wp-json\/wp\/v2\/media?parent=33536"}],"wp:term":[{"taxonomy":"product_brand","embeddable":true,"href":"https:\/\/nordicmart.andreevmaster.com\/fi\/wp-json\/wp\/v2\/product_brand?post=33536"},{"taxonomy":"product_cat","embeddable":true,"href":"https:\/\/nordicmart.andreevmaster.com\/fi\/wp-json\/wp\/v2\/product_cat?post=33536"},{"taxonomy":"product_tag","embeddable":true,"href":"https:\/\/nordicmart.andreevmaster.com\/fi\/wp-json\/wp\/v2\/product_tag?post=33536"}],"curies":[{"name":"wp","href":"https:\/\/api.w.org\/{rel}","templated":true}]}}