{"id":33533,"date":"2026-02-27T00:21:44","date_gmt":"2026-02-27T00:21:44","guid":{"rendered":"https:\/\/nordicmart.andreevmaster.com\/product\/vasagle-sivupoyta-kaapilla-teollinen-tyyli\/"},"modified":"2026-02-27T09:42:25","modified_gmt":"2026-02-27T09:42:25","slug":"vasagle-sivupoyta-kaapilla-teollinen-tyyli","status":"publish","type":"product","link":"https:\/\/nordicmart.andreevmaster.com\/fi\/tuote\/vasagle-sivupoyta-kaapilla-teollinen-tyyli\/","title":{"rendered":"VASAGLE sivup\u00f6yt\u00e4 kaapilla, teollinen tyyli"},"content":{"rendered":"<p>Tuotetiedot: &#8211; V\u00e4ri: vintage\/tummanruskea &#8211; Materiaali: lastulevy, rauta &#8211; Koko: 30 x 50 x 60 cm (P x L x K) &#8211; Paino: 10,5 kg &#8211; Maks. staattinen kokonaiskuormitus: 20 kg &#8211; Maks. staattinen kuormitus hyllytasolla sis\u00e4ll\u00e4: 15 kg Toimitus sis\u00e4lt\u00e4\u00e4:- 1 x sivup\u00f6yt\u00e4 lamelliovella &#8211; 1 x lis\u00e4varustepussi &#8211; 1 x ohjeet (DE, EN, ES, FR, IT) VASAGLE Huomautukset: &#8211; Aseta tuote paikkaan, jossa se ei altistu kuumuudelle, suoralle auringonvalolle tai kosteudelle. &#8211; Pid\u00e4 tuote poissa ter\u00e4vien tai ter\u00e4vien esineiden sek\u00e4 sy\u00f6vytt\u00e4vien aineiden l\u00e4heisyydest\u00e4.- Lapset eiv\u00e4t saa kiivet\u00e4 t\u00e4m\u00e4n tuotteen p\u00e4\u00e4lle.<\/p>\n","protected":false},"excerpt":{"rendered":"<p>VASAGLE sivup\u00f6yt\u00e4, sivukaappi hyllyll\u00e4 ja s\u00e4\u00e4dett\u00e4v\u00e4ll\u00e4 hyllytasolla, olohuone, makuuhuone, ty\u00f6huone, toimisto, 30 x 50 x 60 cm, metalli, teollinen muotoilu, vintage, tummanruskea LET61BX<\/p>\n","protected":false},"featured_media":42348,"comment_status":"open","ping_status":"closed","template":"","meta":[],"product_brand":[],"product_cat":[32],"product_tag":[],"class_list":{"0":"post-33533","1":"product","2":"type-product","3":"status-publish","4":"has-post-thumbnail","6":"product_cat-uncategorized-fi","8":"first","9":"instock","10":"shipping-taxable","11":"purchasable","12":"product-type-simple"},"_links":{"self":[{"href":"https:\/\/nordicmart.andreevmaster.com\/fi\/wp-json\/wp\/v2\/product\/33533","targetHints":{"allow":["GET"]}}],"collection":[{"href":"https:\/\/nordicmart.andreevmaster.com\/fi\/wp-json\/wp\/v2\/product"}],"about":[{"href":"https:\/\/nordicmart.andreevmaster.com\/fi\/wp-json\/wp\/v2\/types\/product"}],"replies":[{"embeddable":true,"href":"https:\/\/nordicmart.andreevmaster.com\/fi\/wp-json\/wp\/v2\/comments?post=33533"}],"wp:featuredmedia":[{"embeddable":true,"href":"https:\/\/nordicmart.andreevmaster.com\/fi\/wp-json\/wp\/v2\/media\/42348"}],"wp:attachment":[{"href":"https:\/\/nordicmart.andreevmaster.com\/fi\/wp-json\/wp\/v2\/media?parent=33533"}],"wp:term":[{"taxonomy":"product_brand","embeddable":true,"href":"https:\/\/nordicmart.andreevmaster.com\/fi\/wp-json\/wp\/v2\/product_brand?post=33533"},{"taxonomy":"product_cat","embeddable":true,"href":"https:\/\/nordicmart.andreevmaster.com\/fi\/wp-json\/wp\/v2\/product_cat?post=33533"},{"taxonomy":"product_tag","embeddable":true,"href":"https:\/\/nordicmart.andreevmaster.com\/fi\/wp-json\/wp\/v2\/product_tag?post=33533"}],"curies":[{"name":"wp","href":"https:\/\/api.w.org\/{rel}","templated":true}]}}