{"id":33529,"date":"2026-02-27T00:21:43","date_gmt":"2026-02-27T00:21:43","guid":{"rendered":"https:\/\/nordicmart.andreevmaster.com\/product\/vasagle-yopoyta-jossa-on-laatikko-ja-avoin-lokero\/"},"modified":"2026-02-27T09:42:24","modified_gmt":"2026-02-27T09:42:24","slug":"vasagle-yopoyta-jossa-on-laatikko-ja-avoin-lokero","status":"publish","type":"product","link":"https:\/\/nordicmart.andreevmaster.com\/fi\/tuote\/vasagle-yopoyta-jossa-on-laatikko-ja-avoin-lokero\/","title":{"rendered":"VASAGLE y\u00f6p\u00f6yt\u00e4, jossa on laatikko ja avoin lokero"},"content":{"rendered":"<p>VASAGLE Y\u00f6p\u00f6yt\u00e4, sivup\u00f6yt\u00e4, laatikolla, kahvalla, avoimella lokerolla, sohvap\u00f6yt\u00e4, makuuhuoneeseen, olohuoneeseen, klassinen valkoinen LET619T14<br \/>\nV\u00e4ri: klassinen valkoinen<br \/>\nMateriaali: lastulevy<br \/>\nKoko: 28 x 39 x 41 cm (S x L x K)<br \/>\nPaino: 5,7 kg<br \/>\nLaatikon maks. staattinen kantavuus: 5 kg<br \/>\nSuurin staattinen kokonaiskuormitus: 75 kg<\/p>\n","protected":false},"excerpt":{"rendered":"<p>VASAGLE Y\u00f6p\u00f6yt\u00e4, sivup\u00f6yt\u00e4, laatikolla, kahvalla, avoimella lokerolla, sohvap\u00f6yt\u00e4, makuuhuoneeseen, olohuoneeseen, klassinen valkoinen LET619T14<\/p>\n","protected":false},"featured_media":42344,"comment_status":"open","ping_status":"closed","template":"","meta":[],"product_brand":[],"product_cat":[32],"product_tag":[],"class_list":{"0":"post-33529","1":"product","2":"type-product","3":"status-publish","4":"has-post-thumbnail","6":"product_cat-uncategorized-fi","8":"first","9":"instock","10":"shipping-taxable","11":"purchasable","12":"product-type-simple"},"_links":{"self":[{"href":"https:\/\/nordicmart.andreevmaster.com\/fi\/wp-json\/wp\/v2\/product\/33529","targetHints":{"allow":["GET"]}}],"collection":[{"href":"https:\/\/nordicmart.andreevmaster.com\/fi\/wp-json\/wp\/v2\/product"}],"about":[{"href":"https:\/\/nordicmart.andreevmaster.com\/fi\/wp-json\/wp\/v2\/types\/product"}],"replies":[{"embeddable":true,"href":"https:\/\/nordicmart.andreevmaster.com\/fi\/wp-json\/wp\/v2\/comments?post=33529"}],"wp:featuredmedia":[{"embeddable":true,"href":"https:\/\/nordicmart.andreevmaster.com\/fi\/wp-json\/wp\/v2\/media\/42344"}],"wp:attachment":[{"href":"https:\/\/nordicmart.andreevmaster.com\/fi\/wp-json\/wp\/v2\/media?parent=33529"}],"wp:term":[{"taxonomy":"product_brand","embeddable":true,"href":"https:\/\/nordicmart.andreevmaster.com\/fi\/wp-json\/wp\/v2\/product_brand?post=33529"},{"taxonomy":"product_cat","embeddable":true,"href":"https:\/\/nordicmart.andreevmaster.com\/fi\/wp-json\/wp\/v2\/product_cat?post=33529"},{"taxonomy":"product_tag","embeddable":true,"href":"https:\/\/nordicmart.andreevmaster.com\/fi\/wp-json\/wp\/v2\/product_tag?post=33529"}],"curies":[{"name":"wp","href":"https:\/\/api.w.org\/{rel}","templated":true}]}}