{"id":33528,"date":"2026-02-27T00:21:43","date_gmt":"2026-02-27T00:21:43","guid":{"rendered":"https:\/\/nordicmart.andreevmaster.com\/product\/vasagle-yopoyta-laatikolla-makuuhuoneeseen-kastanjanruskea-mustanmusta\/"},"modified":"2026-02-27T09:42:24","modified_gmt":"2026-02-27T09:42:24","slug":"vasagle-yopoyta-laatikolla-makuuhuoneeseen-kastanjanruskea-mustanmusta","status":"publish","type":"product","link":"https:\/\/nordicmart.andreevmaster.com\/fi\/tuote\/vasagle-yopoyta-laatikolla-makuuhuoneeseen-kastanjanruskea-mustanmusta\/","title":{"rendered":"VASAGLE Y\u00f6p\u00f6yt\u00e4 laatikolla makuuhuoneeseen kastanjanruskea-mustanmusta"},"content":{"rendered":"<p>VASAGLE Y\u00f6p\u00f6yt\u00e4, sivup\u00f6yt\u00e4, laatikolla, kahvalla, avoimella lokerolla, sohvap\u00f6yt\u00e4, makuuhuoneeseen, olohuoneeseen, klassinen valkoinen LET619T14<br \/>\nV\u00e4ri: kastanjanruskea-mustanmusta<br \/>\nMateriaali: lastulevy<br \/>\nKoko: 28 x 39 x 41 cm (S x L x K)<br \/>\nPaino: 5,7 kg<br \/>\nLaatikkon maks. staattinen kokonaiskuormitus: 5 kg<br \/>\nSuurin staattinen kokonaiskuormitus: 75 kg<\/p>\n","protected":false},"excerpt":{"rendered":"<p>VASAGLE Y\u00f6p\u00f6yt\u00e4, sivup\u00f6yt\u00e4, laatikolla, kahvalla, avoimella lokerolla, sohvap\u00f6yt\u00e4, makuuhuoneeseen, olohuoneeseen, klassinen valkoinen LET619T14<\/p>\n","protected":false},"featured_media":42343,"comment_status":"open","ping_status":"closed","template":"","meta":[],"product_brand":[],"product_cat":[32],"product_tag":[],"class_list":{"0":"post-33528","1":"product","2":"type-product","3":"status-publish","4":"has-post-thumbnail","6":"product_cat-uncategorized-fi","8":"first","9":"instock","10":"shipping-taxable","11":"purchasable","12":"product-type-simple"},"_links":{"self":[{"href":"https:\/\/nordicmart.andreevmaster.com\/fi\/wp-json\/wp\/v2\/product\/33528","targetHints":{"allow":["GET"]}}],"collection":[{"href":"https:\/\/nordicmart.andreevmaster.com\/fi\/wp-json\/wp\/v2\/product"}],"about":[{"href":"https:\/\/nordicmart.andreevmaster.com\/fi\/wp-json\/wp\/v2\/types\/product"}],"replies":[{"embeddable":true,"href":"https:\/\/nordicmart.andreevmaster.com\/fi\/wp-json\/wp\/v2\/comments?post=33528"}],"wp:featuredmedia":[{"embeddable":true,"href":"https:\/\/nordicmart.andreevmaster.com\/fi\/wp-json\/wp\/v2\/media\/42343"}],"wp:attachment":[{"href":"https:\/\/nordicmart.andreevmaster.com\/fi\/wp-json\/wp\/v2\/media?parent=33528"}],"wp:term":[{"taxonomy":"product_brand","embeddable":true,"href":"https:\/\/nordicmart.andreevmaster.com\/fi\/wp-json\/wp\/v2\/product_brand?post=33528"},{"taxonomy":"product_cat","embeddable":true,"href":"https:\/\/nordicmart.andreevmaster.com\/fi\/wp-json\/wp\/v2\/product_cat?post=33528"},{"taxonomy":"product_tag","embeddable":true,"href":"https:\/\/nordicmart.andreevmaster.com\/fi\/wp-json\/wp\/v2\/product_tag?post=33528"}],"curies":[{"name":"wp","href":"https:\/\/api.w.org\/{rel}","templated":true}]}}