{"id":33527,"date":"2026-02-27T00:21:42","date_gmt":"2026-02-27T00:21:42","guid":{"rendered":"https:\/\/nordicmart.andreevmaster.com\/product\/vasagle-yopoyta-led-valaistuksella-moderni-tuhkanmusta\/"},"modified":"2026-02-27T09:42:24","modified_gmt":"2026-02-27T09:42:24","slug":"vasagle-yopoyta-led-valaistuksella-moderni-tuhkanmusta","status":"publish","type":"product","link":"https:\/\/nordicmart.andreevmaster.com\/fi\/tuote\/vasagle-yopoyta-led-valaistuksella-moderni-tuhkanmusta\/","title":{"rendered":"VASAGLE y\u00f6p\u00f6yt\u00e4 LED-valaistuksella, moderni, tuhkanmusta"},"content":{"rendered":"<p>VASAGLE y\u00f6p\u00f6yt\u00e4 s\u00e4\u00e4dett\u00e4v\u00e4ll\u00e4 LED-valaistuksella, sivup\u00f6yt\u00e4 pistorasioilla, laatikko, 2 AC-pistorasiaa, 2 USB-liit\u00e4nt\u00e4\u00e4, moderni, makuuhuoneeseen, olohuoneeseen, pilvinen valkoinen LET618T15<br \/>\nV\u00e4ri: tuhkanmusta<br \/>\nMateriaali: MDF (keskitihe\u00e4 kuitulevy), lastulevy<br \/>\nKoko: 35 x 40 x 55 cm (S x L x K)<br \/>\nPaino: 11,2 kg<br \/>\nP\u00f6yt\u00e4levyn maks. staattinen kantavuus: 91 kg<br \/>\nLaatikkon enimm\u00e4iskantavuus: 7 kg<br \/>\nAvoimen hyllyn maks. staattinen kantavuus: 23 kg<\/p>\n","protected":false},"excerpt":{"rendered":"<p>VASAGLE y\u00f6p\u00f6yt\u00e4 s\u00e4\u00e4dett\u00e4v\u00e4ll\u00e4 LED-valaistuksella, sivup\u00f6yt\u00e4 pistorasioilla, laatikko, 2 AC-pistorasiaa, 2 USB-liit\u00e4nt\u00e4\u00e4, moderni, makuuhuoneeseen, olohuoneeseen, pilvinen valkoinen LET618T15<\/p>\n","protected":false},"featured_media":42342,"comment_status":"open","ping_status":"closed","template":"","meta":[],"product_brand":[],"product_cat":[32],"product_tag":[],"class_list":{"0":"post-33527","1":"product","2":"type-product","3":"status-publish","4":"has-post-thumbnail","6":"product_cat-uncategorized-fi","8":"first","9":"instock","10":"shipping-taxable","11":"purchasable","12":"product-type-simple"},"_links":{"self":[{"href":"https:\/\/nordicmart.andreevmaster.com\/fi\/wp-json\/wp\/v2\/product\/33527","targetHints":{"allow":["GET"]}}],"collection":[{"href":"https:\/\/nordicmart.andreevmaster.com\/fi\/wp-json\/wp\/v2\/product"}],"about":[{"href":"https:\/\/nordicmart.andreevmaster.com\/fi\/wp-json\/wp\/v2\/types\/product"}],"replies":[{"embeddable":true,"href":"https:\/\/nordicmart.andreevmaster.com\/fi\/wp-json\/wp\/v2\/comments?post=33527"}],"wp:featuredmedia":[{"embeddable":true,"href":"https:\/\/nordicmart.andreevmaster.com\/fi\/wp-json\/wp\/v2\/media\/42342"}],"wp:attachment":[{"href":"https:\/\/nordicmart.andreevmaster.com\/fi\/wp-json\/wp\/v2\/media?parent=33527"}],"wp:term":[{"taxonomy":"product_brand","embeddable":true,"href":"https:\/\/nordicmart.andreevmaster.com\/fi\/wp-json\/wp\/v2\/product_brand?post=33527"},{"taxonomy":"product_cat","embeddable":true,"href":"https:\/\/nordicmart.andreevmaster.com\/fi\/wp-json\/wp\/v2\/product_cat?post=33527"},{"taxonomy":"product_tag","embeddable":true,"href":"https:\/\/nordicmart.andreevmaster.com\/fi\/wp-json\/wp\/v2\/product_tag?post=33527"}],"curies":[{"name":"wp","href":"https:\/\/api.w.org\/{rel}","templated":true}]}}