{"id":33525,"date":"2026-02-27T00:21:42","date_gmt":"2026-02-27T00:21:42","guid":{"rendered":"https:\/\/nordicmart.andreevmaster.com\/product\/songmics-home-bohoven-kokoelma-yopoyta-latausasemalla-ja-liiketunnistimella-tammibeige\/"},"modified":"2026-02-27T09:42:23","modified_gmt":"2026-02-27T09:42:23","slug":"songmics-home-bohoven-kokoelma-yopoyta-latausasemalla-ja-liiketunnistimella-tammibeige","status":"publish","type":"product","link":"https:\/\/nordicmart.andreevmaster.com\/fi\/tuote\/songmics-home-bohoven-kokoelma-yopoyta-latausasemalla-ja-liiketunnistimella-tammibeige\/","title":{"rendered":"SONGMICS HOME BOHOVEN -kokoelma \u2013 y\u00f6p\u00f6yt\u00e4 latausasemalla ja liiketunnistimella, tammibeige"},"content":{"rendered":"<p>SONGMICS HOME BOHOVEN -kokoelma \u2013 y\u00f6p\u00f6yt\u00e4 latausasemalla, sivup\u00f6yt\u00e4 liiketunnistimella, sohvap\u00f6yt\u00e4 rottinkimainen, massiivipuujalat, makuuhuone, boho-tyyli, tammibeige LET617Y02V1<br \/>\nV\u00e4ri: tammibeige<br \/>\nMateriaali: massiivipuujalat, MDF (keskitihe\u00e4 kuitulevy), puulastulevy<br \/>\nKoko: 35 x 40 x 60 cm (S x L x K)<br \/>\nPaino: 8,3 kg<br \/>\nP\u00f6yt\u00e4levyn maks. staattinen kantavuus: 70 kg<br \/>\nLaatikkon enimm\u00e4iskantavuus: 5 kg<br \/>\nAvoimen lokeron maks. staattinen kantavuus: 20 kg<\/p>\n","protected":false},"excerpt":{"rendered":"<p>SONGMICS HOME BOHOVEN -kokoelma \u2013 y\u00f6p\u00f6yt\u00e4 latausasemalla, sivup\u00f6yt\u00e4 liiketunnistimella, sohvap\u00f6yt\u00e4 rottinkimainen, massiivipuujalat, makuuhuone, boho-tyyli, tammibeige LET617Y02V1<\/p>\n","protected":false},"featured_media":42340,"comment_status":"open","ping_status":"closed","template":"","meta":[],"product_brand":[],"product_cat":[32],"product_tag":[],"class_list":{"0":"post-33525","1":"product","2":"type-product","3":"status-publish","4":"has-post-thumbnail","6":"product_cat-uncategorized-fi","8":"first","9":"instock","10":"shipping-taxable","11":"purchasable","12":"product-type-simple"},"_links":{"self":[{"href":"https:\/\/nordicmart.andreevmaster.com\/fi\/wp-json\/wp\/v2\/product\/33525","targetHints":{"allow":["GET"]}}],"collection":[{"href":"https:\/\/nordicmart.andreevmaster.com\/fi\/wp-json\/wp\/v2\/product"}],"about":[{"href":"https:\/\/nordicmart.andreevmaster.com\/fi\/wp-json\/wp\/v2\/types\/product"}],"replies":[{"embeddable":true,"href":"https:\/\/nordicmart.andreevmaster.com\/fi\/wp-json\/wp\/v2\/comments?post=33525"}],"wp:featuredmedia":[{"embeddable":true,"href":"https:\/\/nordicmart.andreevmaster.com\/fi\/wp-json\/wp\/v2\/media\/42340"}],"wp:attachment":[{"href":"https:\/\/nordicmart.andreevmaster.com\/fi\/wp-json\/wp\/v2\/media?parent=33525"}],"wp:term":[{"taxonomy":"product_brand","embeddable":true,"href":"https:\/\/nordicmart.andreevmaster.com\/fi\/wp-json\/wp\/v2\/product_brand?post=33525"},{"taxonomy":"product_cat","embeddable":true,"href":"https:\/\/nordicmart.andreevmaster.com\/fi\/wp-json\/wp\/v2\/product_cat?post=33525"},{"taxonomy":"product_tag","embeddable":true,"href":"https:\/\/nordicmart.andreevmaster.com\/fi\/wp-json\/wp\/v2\/product_tag?post=33525"}],"curies":[{"name":"wp","href":"https:\/\/api.w.org\/{rel}","templated":true}]}}