{"id":33523,"date":"2026-02-27T00:21:41","date_gmt":"2026-02-27T00:21:41","guid":{"rendered":"https:\/\/nordicmart.andreevmaster.com\/product\/vasagle-yopoyta-led-valaistuksella-ja-ulosvedettavalla-hyllylla\/"},"modified":"2026-02-27T09:42:23","modified_gmt":"2026-02-27T09:42:23","slug":"vasagle-yopoyta-led-valaistuksella-ja-ulosvedettavalla-hyllylla","status":"publish","type":"product","link":"https:\/\/nordicmart.andreevmaster.com\/fi\/tuote\/vasagle-yopoyta-led-valaistuksella-ja-ulosvedettavalla-hyllylla\/","title":{"rendered":"VASAGLE y\u00f6p\u00f6yt\u00e4 LED-valaistuksella ja ulosvedett\u00e4v\u00e4ll\u00e4 hyllyll\u00e4"},"content":{"rendered":"<p>VASAGLE Y\u00f6p\u00f6yt\u00e4 LED-valaistuksella, sivup\u00f6yt\u00e4, laatikko, ulosvedett\u00e4v\u00e4 hylly, yl\u00e4valaistus s\u00e4\u00e4dett\u00e4viss\u00e4 3 v\u00e4rill\u00e4, alaosa liiketunnistimella, makuuhuone, luonnonv\u00e4rinen tammi LET614Y70<br \/>\nV\u00e4ri: luonnonv\u00e4rinen tammi<br \/>\nMateriaali: MDF (keskitihe\u00e4 kuitulevy)<br \/>\nKoko: 40 x 45 x 55 cm (S x L x K)<br \/>\nPaino: 17,8 kg<br \/>\nP\u00f6yt\u00e4levyn maks. staattinen kantavuus: 35 kg<br \/>\nUlosvedett\u00e4v\u00e4n hyllyn maks. staattinen kantavuus: 5 kg<br \/>\nLaatikkon enimm\u00e4iskantavuus: 10 kg<br \/>\nMaks. staattinen kokonaiskuormitus: 50 kg<\/p>\n","protected":false},"excerpt":{"rendered":"<p>VASAGLE Y\u00f6p\u00f6yt\u00e4 LED-valaistuksella, sivup\u00f6yt\u00e4, laatikko, ulosvedett\u00e4v\u00e4 hylly, yl\u00e4valaistus s\u00e4\u00e4dett\u00e4viss\u00e4 3 v\u00e4rill\u00e4, alaosa liiketunnistimella, makuuhuone, luonnonv\u00e4rinen tammi LET614Y70<\/p>\n","protected":false},"featured_media":42338,"comment_status":"open","ping_status":"closed","template":"","meta":[],"product_brand":[],"product_cat":[32],"product_tag":[],"class_list":{"0":"post-33523","1":"product","2":"type-product","3":"status-publish","4":"has-post-thumbnail","6":"product_cat-uncategorized-fi","8":"first","9":"instock","10":"shipping-taxable","11":"purchasable","12":"product-type-simple"},"_links":{"self":[{"href":"https:\/\/nordicmart.andreevmaster.com\/fi\/wp-json\/wp\/v2\/product\/33523","targetHints":{"allow":["GET"]}}],"collection":[{"href":"https:\/\/nordicmart.andreevmaster.com\/fi\/wp-json\/wp\/v2\/product"}],"about":[{"href":"https:\/\/nordicmart.andreevmaster.com\/fi\/wp-json\/wp\/v2\/types\/product"}],"replies":[{"embeddable":true,"href":"https:\/\/nordicmart.andreevmaster.com\/fi\/wp-json\/wp\/v2\/comments?post=33523"}],"wp:featuredmedia":[{"embeddable":true,"href":"https:\/\/nordicmart.andreevmaster.com\/fi\/wp-json\/wp\/v2\/media\/42338"}],"wp:attachment":[{"href":"https:\/\/nordicmart.andreevmaster.com\/fi\/wp-json\/wp\/v2\/media?parent=33523"}],"wp:term":[{"taxonomy":"product_brand","embeddable":true,"href":"https:\/\/nordicmart.andreevmaster.com\/fi\/wp-json\/wp\/v2\/product_brand?post=33523"},{"taxonomy":"product_cat","embeddable":true,"href":"https:\/\/nordicmart.andreevmaster.com\/fi\/wp-json\/wp\/v2\/product_cat?post=33523"},{"taxonomy":"product_tag","embeddable":true,"href":"https:\/\/nordicmart.andreevmaster.com\/fi\/wp-json\/wp\/v2\/product_tag?post=33523"}],"curies":[{"name":"wp","href":"https:\/\/api.w.org\/{rel}","templated":true}]}}