{"id":33521,"date":"2026-02-27T00:21:41","date_gmt":"2026-02-27T00:21:41","guid":{"rendered":"https:\/\/nordicmart.andreevmaster.com\/product\/vasagle-yopoyta-led-valaistuksella-usb-liitannoilla-ja-laatikolla\/"},"modified":"2026-02-27T09:42:23","modified_gmt":"2026-02-27T09:42:23","slug":"vasagle-yopoyta-led-valaistuksella-usb-liitannoilla-ja-laatikolla","status":"publish","type":"product","link":"https:\/\/nordicmart.andreevmaster.com\/fi\/tuote\/vasagle-yopoyta-led-valaistuksella-usb-liitannoilla-ja-laatikolla\/","title":{"rendered":"VASAGLE y\u00f6p\u00f6yt\u00e4 LED-valaistuksella, USB-liit\u00e4nn\u00f6ill\u00e4 ja laatikolla"},"content":{"rendered":"<p>VASAGLE y\u00f6p\u00f6yt\u00e4, kapea, sivup\u00f6yt\u00e4, LED-valaistus, 1 USB-A-liit\u00e4nt\u00e4, 1 USB-C-liit\u00e4nt\u00e4, laatikko, avoin lokero, makuuhuoneeseen, olohuoneeseen, mantelinkeltainen-pilvinen valkoinen LET610Y01S\u00e4ngyns\u00e4ilytyslaatikot<br \/>\nV\u00e4ri: pilvinen valkoinen<br \/>\nMateriaali: lastulevy, MDF (keskitihe\u00e4 kuitulevy)<br \/>\nKoko: 30 x 25 x 59,5 cm (S x L x K)<br \/>\nPaino: 6 kg<br \/>\nP\u00f6yt\u00e4levyn maks. staattinen kantavuus: 45,4 kg<br \/>\nLaatikkon enimm\u00e4iskantavuus: 4,5 kg<\/p>\n","protected":false},"excerpt":{"rendered":"<p>VASAGLE y\u00f6p\u00f6yt\u00e4, kapea, sivup\u00f6yt\u00e4, LED-valaistus, 1 USB-A-liit\u00e4nt\u00e4, 1 USB-C-liit\u00e4nt\u00e4, laatikko, avoin lokero, makuuhuoneeseen, olohuoneeseen, mantelinkeltainen-pilvinen valkoinen LET610Y01S\u00e4ngyns\u00e4ilytyslaatikot<\/p>\n","protected":false},"featured_media":42336,"comment_status":"open","ping_status":"closed","template":"","meta":[],"product_brand":[],"product_cat":[32],"product_tag":[],"class_list":{"0":"post-33521","1":"product","2":"type-product","3":"status-publish","4":"has-post-thumbnail","6":"product_cat-uncategorized-fi","8":"first","9":"instock","10":"shipping-taxable","11":"purchasable","12":"product-type-simple"},"_links":{"self":[{"href":"https:\/\/nordicmart.andreevmaster.com\/fi\/wp-json\/wp\/v2\/product\/33521","targetHints":{"allow":["GET"]}}],"collection":[{"href":"https:\/\/nordicmart.andreevmaster.com\/fi\/wp-json\/wp\/v2\/product"}],"about":[{"href":"https:\/\/nordicmart.andreevmaster.com\/fi\/wp-json\/wp\/v2\/types\/product"}],"replies":[{"embeddable":true,"href":"https:\/\/nordicmart.andreevmaster.com\/fi\/wp-json\/wp\/v2\/comments?post=33521"}],"wp:featuredmedia":[{"embeddable":true,"href":"https:\/\/nordicmart.andreevmaster.com\/fi\/wp-json\/wp\/v2\/media\/42336"}],"wp:attachment":[{"href":"https:\/\/nordicmart.andreevmaster.com\/fi\/wp-json\/wp\/v2\/media?parent=33521"}],"wp:term":[{"taxonomy":"product_brand","embeddable":true,"href":"https:\/\/nordicmart.andreevmaster.com\/fi\/wp-json\/wp\/v2\/product_brand?post=33521"},{"taxonomy":"product_cat","embeddable":true,"href":"https:\/\/nordicmart.andreevmaster.com\/fi\/wp-json\/wp\/v2\/product_cat?post=33521"},{"taxonomy":"product_tag","embeddable":true,"href":"https:\/\/nordicmart.andreevmaster.com\/fi\/wp-json\/wp\/v2\/product_tag?post=33521"}],"curies":[{"name":"wp","href":"https:\/\/api.w.org\/{rel}","templated":true}]}}