{"id":33519,"date":"2026-02-27T00:21:40","date_gmt":"2026-02-27T00:21:40","guid":{"rendered":"https:\/\/nordicmart.andreevmaster.com\/product\/vasagle-sivupoyta-betoninvarinen-teollinen-tyyli\/"},"modified":"2026-02-27T09:42:23","modified_gmt":"2026-02-27T09:42:23","slug":"vasagle-sivupoyta-betoninvarinen-teollinen-tyyli","status":"publish","type":"product","link":"https:\/\/nordicmart.andreevmaster.com\/fi\/tuote\/vasagle-sivupoyta-betoninvarinen-teollinen-tyyli\/","title":{"rendered":"VASAGLE sivup\u00f6yt\u00e4 betoninv\u00e4rinen teollinen tyyli"},"content":{"rendered":"<p>Moderni teollisuustyyli Paljaat tiilet, betoni, metalli, rustiikkinen puu \u2013 kaikki n\u00e4m\u00e4 piirteet viittaavat trendikk\u00e4\u00e4seen teollisuustyyliin. T\u00e4m\u00e4 sivup\u00f6yt\u00e4 sopii betonij\u00e4ljitelm\u00e4pintoineen ja tukevine rautaputkijalkoineen erinomaisesti sisustustuotteeksi &#8221;tehdas-chic-asuntoihin&#8221;.Siksi t\u00e4m\u00e4 sivup\u00f6yt\u00e4 on ihanteellinen sinulle: &#8211; Aito betoni on altis tahroille, halkeamille ja voi rikkoutua helposti. Lis\u00e4ksi materiaali ei ole kovin kevyt. Siksi olemme valinneet vaihtoehtona betonin n\u00e4k\u00f6isen puumateriaalin, joka ei j\u00e4\u00e4 mill\u00e4\u00e4n tavoin j\u00e4lkeen alkuper\u00e4isest\u00e4. &#8211; Tyylik\u00e4s rautaputkijalusta antaa sohvap\u00f6yd\u00e4lle ylim\u00e4\u00e4r\u00e4isen teollisen vivahteen, joka viimeistelee sen ulkon\u00e4\u00f6n.- Vaikka sivup\u00f6yt\u00e4 sopii erityisen hyvin sohvan viereen, voit k\u00e4ytt\u00e4\u00e4 sit\u00e4 miss\u00e4 tahansa: makuuhuoneessa y\u00f6p\u00f6yt\u00e4n\u00e4, toimistossa kirjojen s\u00e4ilytt\u00e4miseen tai jopa pien\u00e4n\u00e4 kahvip\u00f6yt\u00e4n\u00e4 olohuoneessa. &#8211; Yksityiskohtaisten ohjeiden, numeroitujen osien ja s\u00e4\u00e4dett\u00e4vien jalkojen ansiosta saat mukavan huonekalun, jonka voit tilata hyv\u00e4ll\u00e4 omallatunnolla. Tuotetiedot:- V\u00e4ri: betoninharmaa &#8211; Materiaali: lastulevy, rautakehys &#8211; Koko: 55 x 55 x 55 cm (P x L x K) &#8211; Paino: 14 kg &#8211; Maks. staattinen kantavuus: 50 kg Toimitus sis\u00e4lt\u00e4\u00e4:- 1 x sivup\u00f6yt\u00e4 &#8211; 1 x s\u00e4ilytyslaatikko tarvikkeineen &#8211; 1 x ohjeet (DE, EN, FR, ES, IT) VASAGLE-ohjeet: &#8211; \u00c4l\u00e4 altista tuotetta suoralle auringonvalolle tai k\u00e4yt\u00e4 sit\u00e4 kosteassa ymp\u00e4rist\u00f6ss\u00e4.<\/p>\n","protected":false},"excerpt":{"rendered":"<p>VASAGLE sivup\u00f6yt\u00e4, y\u00f6p\u00f6yt\u00e4, teollisen muotoilun sohvap\u00f6yt\u00e4, y\u00f6p\u00f6yt\u00e4 betonij\u00e4ljitelm\u00e4pinnalla, rautaputkijalat, 2 hylly\u00e4 olohuoneeseen, toimistoon, helppo asentaa, betoninharmaa LET59BG<\/p>\n","protected":false},"featured_media":42334,"comment_status":"open","ping_status":"closed","template":"","meta":[],"product_brand":[],"product_cat":[32],"product_tag":[],"class_list":{"0":"post-33519","1":"product","2":"type-product","3":"status-publish","4":"has-post-thumbnail","6":"product_cat-uncategorized-fi","8":"first","9":"instock","10":"shipping-taxable","11":"purchasable","12":"product-type-simple"},"_links":{"self":[{"href":"https:\/\/nordicmart.andreevmaster.com\/fi\/wp-json\/wp\/v2\/product\/33519","targetHints":{"allow":["GET"]}}],"collection":[{"href":"https:\/\/nordicmart.andreevmaster.com\/fi\/wp-json\/wp\/v2\/product"}],"about":[{"href":"https:\/\/nordicmart.andreevmaster.com\/fi\/wp-json\/wp\/v2\/types\/product"}],"replies":[{"embeddable":true,"href":"https:\/\/nordicmart.andreevmaster.com\/fi\/wp-json\/wp\/v2\/comments?post=33519"}],"wp:featuredmedia":[{"embeddable":true,"href":"https:\/\/nordicmart.andreevmaster.com\/fi\/wp-json\/wp\/v2\/media\/42334"}],"wp:attachment":[{"href":"https:\/\/nordicmart.andreevmaster.com\/fi\/wp-json\/wp\/v2\/media?parent=33519"}],"wp:term":[{"taxonomy":"product_brand","embeddable":true,"href":"https:\/\/nordicmart.andreevmaster.com\/fi\/wp-json\/wp\/v2\/product_brand?post=33519"},{"taxonomy":"product_cat","embeddable":true,"href":"https:\/\/nordicmart.andreevmaster.com\/fi\/wp-json\/wp\/v2\/product_cat?post=33519"},{"taxonomy":"product_tag","embeddable":true,"href":"https:\/\/nordicmart.andreevmaster.com\/fi\/wp-json\/wp\/v2\/product_tag?post=33519"}],"curies":[{"name":"wp","href":"https:\/\/api.w.org\/{rel}","templated":true}]}}