{"id":33518,"date":"2026-02-27T00:21:40","date_gmt":"2026-02-27T00:21:40","guid":{"rendered":"https:\/\/nordicmart.andreevmaster.com\/product\/vasagle-teollinen-muotoilu-pyorea-sivupoyta\/"},"modified":"2026-02-27T09:42:22","modified_gmt":"2026-02-27T09:42:22","slug":"vasagle-teollinen-muotoilu-pyorea-sivupoyta","status":"publish","type":"product","link":"https:\/\/nordicmart.andreevmaster.com\/fi\/tuote\/vasagle-teollinen-muotoilu-pyorea-sivupoyta\/","title":{"rendered":"VASAGLE Teollinen muotoilu Py\u00f6re\u00e4 sivup\u00f6yt\u00e4"},"content":{"rendered":"<p>Uuden VASAGLE-br\u00e4ndimme trendikk\u00e4\u00e4n vintage-tyylisen sivup\u00f6yd\u00e4n avulla voit luoda juuri sen, mit\u00e4 suunnittelijat ovat ajatelleet: v\u00e4limerellisen tunnelman omassa kodissasi. \u00c4l\u00e4 anna ulkon\u00e4\u00f6n h\u00e4m\u00e4t\u00e4! T\u00e4m\u00e4n huonekalun klassinen, tyylik\u00e4s ulkon\u00e4k\u00f6 saattaa h\u00e4m\u00e4t\u00e4 sen kantavuuden, joka on yhteens\u00e4 100 kg. Sen 50 x 50 cm:n p\u00f6yt\u00e4levylle mahtuu siis my\u00f6s painavia esineit\u00e4, kuten pronssiveistoksia tai valtava liljoilla t\u00e4ytetty kukkavaasi.  Ryhdy p\u00f6yt\u00e4fanaatikoksi  K\u00e4yt\u00e4 t\u00e4t\u00e4 sohvap\u00f6yt\u00e4\u00e4 olohuoneessasi ja aseta se sohvan viereen, jotta kylm\u00e4 olut ja rapeat naposteltavat ovat aina k\u00e4den ulottuvilla, kun katsot suosikkisarjaasi. Tai aseta kahvikuppisi vintage-sivup\u00f6yd\u00e4lle, kun luet sanomalehte\u00e4.  T\u00e4m\u00e4 monik\u00e4ytt\u00f6inen huonekalu sopii erinomaisesti my\u00f6s makuuhuoneeseen y\u00f6p\u00f6yd\u00e4ksi, eteiseen avainten s\u00e4ilytt\u00e4miseen tai parvekkeelle kasvien asettamiseen. Siirr\u00e4 sit\u00e4, kunnes l\u00f6yd\u00e4t sille ihanteellisen sijoituspaikan. Tuotetiedot: &#8211; V\u00e4ri: vintage &#8211; Materiaali: lastulevy, rauta &#8211; Koko: 50 x 50 x 57 cm (P x L x K) &#8211; Yl\u00e4levyn halkaisija: 50 cm &#8211; Alalevyn halkaisija: 36 cm &#8211; Paino: 5,5 kg &#8211; Kokonaiskantavuus: 100 kg Toimitus sis\u00e4lt\u00e4\u00e4: &#8211; 1 x sivup\u00f6yt\u00e4 &#8211; 1 x lis\u00e4varustepussi &#8211; 1 x ohjeet (DE, EN, FR, ES, IT) VASAGLE Huomautukset: &#8211; P\u00f6yt\u00e4levyn enimm\u00e4iskantavuus on 50 kg. \u00c4l\u00e4 aseta sit\u00e4 p\u00e4\u00e4lle painavampia esineit\u00e4.<\/p>\n","protected":false},"excerpt":{"rendered":"<p>VASAGLE Py\u00f6re\u00e4 sivup\u00f6yt\u00e4, teollinen design, helppo koota, sohvap\u00f6yt\u00e4, rautakehys, p\u00f6yt\u00e4 olohuoneeseen, makuuhuoneeseen, vakaa, puun n\u00e4k\u00f6inen vintage LET57X<\/p>\n","protected":false},"featured_media":42333,"comment_status":"open","ping_status":"closed","template":"","meta":[],"product_brand":[],"product_cat":[32],"product_tag":[],"class_list":{"0":"post-33518","1":"product","2":"type-product","3":"status-publish","4":"has-post-thumbnail","6":"product_cat-uncategorized-fi","8":"first","9":"instock","10":"shipping-taxable","11":"purchasable","12":"product-type-simple"},"_links":{"self":[{"href":"https:\/\/nordicmart.andreevmaster.com\/fi\/wp-json\/wp\/v2\/product\/33518","targetHints":{"allow":["GET"]}}],"collection":[{"href":"https:\/\/nordicmart.andreevmaster.com\/fi\/wp-json\/wp\/v2\/product"}],"about":[{"href":"https:\/\/nordicmart.andreevmaster.com\/fi\/wp-json\/wp\/v2\/types\/product"}],"replies":[{"embeddable":true,"href":"https:\/\/nordicmart.andreevmaster.com\/fi\/wp-json\/wp\/v2\/comments?post=33518"}],"wp:featuredmedia":[{"embeddable":true,"href":"https:\/\/nordicmart.andreevmaster.com\/fi\/wp-json\/wp\/v2\/media\/42333"}],"wp:attachment":[{"href":"https:\/\/nordicmart.andreevmaster.com\/fi\/wp-json\/wp\/v2\/media?parent=33518"}],"wp:term":[{"taxonomy":"product_brand","embeddable":true,"href":"https:\/\/nordicmart.andreevmaster.com\/fi\/wp-json\/wp\/v2\/product_brand?post=33518"},{"taxonomy":"product_cat","embeddable":true,"href":"https:\/\/nordicmart.andreevmaster.com\/fi\/wp-json\/wp\/v2\/product_cat?post=33518"},{"taxonomy":"product_tag","embeddable":true,"href":"https:\/\/nordicmart.andreevmaster.com\/fi\/wp-json\/wp\/v2\/product_tag?post=33518"}],"curies":[{"name":"wp","href":"https:\/\/api.w.org\/{rel}","templated":true}]}}