{"id":33517,"date":"2026-02-27T00:21:40","date_gmt":"2026-02-27T00:21:40","guid":{"rendered":"https:\/\/nordicmart.andreevmaster.com\/product\/vasagle-sivupoyta-jossa-2-hyllya\/"},"modified":"2026-02-27T09:42:22","modified_gmt":"2026-02-27T09:42:22","slug":"vasagle-sivupoyta-jossa-2-hyllya","status":"publish","type":"product","link":"https:\/\/nordicmart.andreevmaster.com\/fi\/tuote\/vasagle-sivupoyta-jossa-2-hyllya\/","title":{"rendered":"VASAGLE sivup\u00f6yt\u00e4, jossa 2 hylly\u00e4"},"content":{"rendered":"<p>Tuotetiedot: &#8211; V\u00e4ri: vintage\/tummanruskea &#8211; Materiaali: lastulevy, ter\u00e4s &#8211; Koko: 55 x 55 cm (\u00d8 x H) &#8211; Paino: 6,1 kg &#8211; Hyllyn yl\u00e4osan suurin staattinen kantavuus: 30 kg &#8211; Hyllyn alaosan suurin staattinen kantavuus: 10 kg Toimitus sis\u00e4lt\u00e4\u00e4:- 1 x py\u00f6re\u00e4 sivup\u00f6yt\u00e4 &#8211; 1 x lis\u00e4varustepussi &#8211; 1 x ohjeet (DE, EN, ES, FR, IT) VASAGLE Huomautukset: &#8211; Tuote on tarkoitettu k\u00e4ytett\u00e4v\u00e4ksi vain sis\u00e4tiloissa. Sijoita se kuivaan ymp\u00e4rist\u00f6\u00f6n. &#8211; \u00c4l\u00e4 aseta tuotteen p\u00e4\u00e4lle esineit\u00e4, joiden paino ylitt\u00e4\u00e4 suurimman staattisen kantavuuden.<\/p>\n","protected":false},"excerpt":{"rendered":"<p>VASAGLE sivup\u00f6yt\u00e4, py\u00f6re\u00e4, sohvap\u00f6yt\u00e4, 2 hylly\u00e4, olohuone, makuuhuone, helppo koota, metalli, teollinen muotoilu, vintage, tummanruskea LET56BX<\/p>\n","protected":false},"featured_media":42332,"comment_status":"open","ping_status":"closed","template":"","meta":[],"product_brand":[],"product_cat":[32],"product_tag":[],"class_list":{"0":"post-33517","1":"product","2":"type-product","3":"status-publish","4":"has-post-thumbnail","6":"product_cat-uncategorized-fi","8":"first","9":"instock","10":"shipping-taxable","11":"purchasable","12":"product-type-simple"},"_links":{"self":[{"href":"https:\/\/nordicmart.andreevmaster.com\/fi\/wp-json\/wp\/v2\/product\/33517","targetHints":{"allow":["GET"]}}],"collection":[{"href":"https:\/\/nordicmart.andreevmaster.com\/fi\/wp-json\/wp\/v2\/product"}],"about":[{"href":"https:\/\/nordicmart.andreevmaster.com\/fi\/wp-json\/wp\/v2\/types\/product"}],"replies":[{"embeddable":true,"href":"https:\/\/nordicmart.andreevmaster.com\/fi\/wp-json\/wp\/v2\/comments?post=33517"}],"wp:featuredmedia":[{"embeddable":true,"href":"https:\/\/nordicmart.andreevmaster.com\/fi\/wp-json\/wp\/v2\/media\/42332"}],"wp:attachment":[{"href":"https:\/\/nordicmart.andreevmaster.com\/fi\/wp-json\/wp\/v2\/media?parent=33517"}],"wp:term":[{"taxonomy":"product_brand","embeddable":true,"href":"https:\/\/nordicmart.andreevmaster.com\/fi\/wp-json\/wp\/v2\/product_brand?post=33517"},{"taxonomy":"product_cat","embeddable":true,"href":"https:\/\/nordicmart.andreevmaster.com\/fi\/wp-json\/wp\/v2\/product_cat?post=33517"},{"taxonomy":"product_tag","embeddable":true,"href":"https:\/\/nordicmart.andreevmaster.com\/fi\/wp-json\/wp\/v2\/product_tag?post=33517"}],"curies":[{"name":"wp","href":"https:\/\/api.w.org\/{rel}","templated":true}]}}