{"id":33515,"date":"2026-02-27T00:21:39","date_gmt":"2026-02-27T00:21:39","guid":{"rendered":"https:\/\/nordicmart.andreevmaster.com\/product\/vasagle-sivupoyta-laatikolla-teollinen-tyyli\/"},"modified":"2026-02-27T09:42:22","modified_gmt":"2026-02-27T09:42:22","slug":"vasagle-sivupoyta-laatikolla-teollinen-tyyli","status":"publish","type":"product","link":"https:\/\/nordicmart.andreevmaster.com\/fi\/tuote\/vasagle-sivupoyta-laatikolla-teollinen-tyyli\/","title":{"rendered":"VASAGLE sivup\u00f6yt\u00e4 laatikolla, teollinen tyyli"},"content":{"rendered":"<p>El\u00e4m\u00e4n pienille synneille \u2013 suklaalle, viihderomaaneille, valokuville entisest\u00e4 kumppanistasi \u2013 mit\u00e4 tahansa pid\u00e4tkin k\u00e4siss\u00e4si ennen nukkumaanmenoa, t\u00e4m\u00e4n y\u00f6p\u00f6yd\u00e4n laatikossa on tilaa pienille salaisuuksille. Tuotetiedot:- V\u00e4ri: vintage\/tummanruskea &#8211; Materiaali: lastulevy, rauta &#8211; Koko: 40 x 40 x 55 cm (P x L x K) &#8211; Paino: 9 kg &#8211; Pinnan maks. staattinen kantavuus: 20 kg &#8211; Laatikon maks. staattinen kantavuus: 10 kg &#8211; Hyllyn maks. staattinen kantavuus: 10 kg Toimitus sis\u00e4lt\u00e4\u00e4:- 1 x sivup\u00f6yt\u00e4 &#8211; 1 x tarvikepussi &#8211; 1 x ohjeet (DE, EN, ES, FR, IT) VASAGLE-ohjeet: &#8211; Aseta tuote paikkaan, jossa se ei ole alttiina l\u00e4mm\u00f6nl\u00e4hteille, suoralle auringonvalolle tai kosteudelle. &#8211; Pid\u00e4 tuote poissa ter\u00e4vien ja ter\u00e4vien esineiden sek\u00e4 sy\u00f6vytt\u00e4vien aineiden l\u00e4heisyydest\u00e4.- Lapset eiv\u00e4t saa kiivet\u00e4 tuotteen p\u00e4\u00e4lle.<\/p>\n","protected":false},"excerpt":{"rendered":"<p>VASAGLE y\u00f6p\u00f6yt\u00e4, y\u00f6p\u00f6yt\u00e4, sivup\u00f6yt\u00e4, jossa on laatikko ja hylly, y\u00f6p\u00f6yt\u00e4, makuuhuone, olohuone, helppo koota, metalli, teollinen muotoilu, vintage, tummanruskea LET55BX<\/p>\n","protected":false},"featured_media":42330,"comment_status":"open","ping_status":"closed","template":"","meta":[],"product_brand":[],"product_cat":[32],"product_tag":[],"class_list":{"0":"post-33515","1":"product","2":"type-product","3":"status-publish","4":"has-post-thumbnail","6":"product_cat-uncategorized-fi","8":"first","9":"instock","10":"shipping-taxable","11":"purchasable","12":"product-type-simple"},"_links":{"self":[{"href":"https:\/\/nordicmart.andreevmaster.com\/fi\/wp-json\/wp\/v2\/product\/33515","targetHints":{"allow":["GET"]}}],"collection":[{"href":"https:\/\/nordicmart.andreevmaster.com\/fi\/wp-json\/wp\/v2\/product"}],"about":[{"href":"https:\/\/nordicmart.andreevmaster.com\/fi\/wp-json\/wp\/v2\/types\/product"}],"replies":[{"embeddable":true,"href":"https:\/\/nordicmart.andreevmaster.com\/fi\/wp-json\/wp\/v2\/comments?post=33515"}],"wp:featuredmedia":[{"embeddable":true,"href":"https:\/\/nordicmart.andreevmaster.com\/fi\/wp-json\/wp\/v2\/media\/42330"}],"wp:attachment":[{"href":"https:\/\/nordicmart.andreevmaster.com\/fi\/wp-json\/wp\/v2\/media?parent=33515"}],"wp:term":[{"taxonomy":"product_brand","embeddable":true,"href":"https:\/\/nordicmart.andreevmaster.com\/fi\/wp-json\/wp\/v2\/product_brand?post=33515"},{"taxonomy":"product_cat","embeddable":true,"href":"https:\/\/nordicmart.andreevmaster.com\/fi\/wp-json\/wp\/v2\/product_cat?post=33515"},{"taxonomy":"product_tag","embeddable":true,"href":"https:\/\/nordicmart.andreevmaster.com\/fi\/wp-json\/wp\/v2\/product_tag?post=33515"}],"curies":[{"name":"wp","href":"https:\/\/api.w.org\/{rel}","templated":true}]}}