{"id":33513,"date":"2026-02-27T00:21:39","date_gmt":"2026-02-27T00:21:39","guid":{"rendered":"https:\/\/nordicmart.andreevmaster.com\/product\/vasagle-teollisuustyylinen-yopoyta-jossa-on-suuri-lokero\/"},"modified":"2026-02-27T09:42:22","modified_gmt":"2026-02-27T09:42:22","slug":"vasagle-teollisuustyylinen-yopoyta-jossa-on-suuri-lokero","status":"publish","type":"product","link":"https:\/\/nordicmart.andreevmaster.com\/fi\/tuote\/vasagle-teollisuustyylinen-yopoyta-jossa-on-suuri-lokero\/","title":{"rendered":"VASAGLE Teollisuustyylinen y\u00f6p\u00f6yt\u00e4, jossa on suuri lokero"},"content":{"rendered":"<p>VASAGLE \u2013 se on mielikuvituksellinen yhdistelm\u00e4 toiminnallisuutta, kest\u00e4vyytt\u00e4 ja tyylikk\u00e4it\u00e4 vintage-malleja. Jos haluat antaa huoneillesi yksil\u00f6llisen ilmeen ja antiikkisen s\u00e4vyn, t\u00e4ll\u00e4 huonekalusarjalla voit saavuttaa vaikuttavia tuloksia. Vintage-y\u00f6p\u00f6yt\u00e4 ter\u00e4ksisill\u00e4 yksityiskohdilla T\u00e4m\u00e4 y\u00f6p\u00f6yt\u00e4 on todellinen lis\u00e4arvo paitsi romanttisen vintage-tyylin yst\u00e4ville. My\u00f6s trendikk\u00e4\u00e4n teollisen muotoilun yst\u00e4v\u00e4t voivat kaunistaa makuuhuoneensa t\u00e4ll\u00e4 huonekalulla, sill\u00e4 sen runko on mattamustaa ter\u00e4st\u00e4. Katso kulissien taakse Huonekalun kauneus ei kuitenkaan riit\u00e4, jos se ei ole k\u00e4yt\u00e4nn\u00f6llinen. Siksi sivup\u00f6yd\u00e4ss\u00e4mme on kaksi tilavaa hylly\u00e4. N\u00e4in kahvi, sanomalehti tai kaukos\u00e4\u00e4din ovat aina k\u00e4den ulottuvilla olohuoneessa. Makuuhuoneessa voit sijoittaa p\u00f6yd\u00e4lle esimerkiksi y\u00f6p\u00f6yd\u00e4n lampun, nen\u00e4liinapakkauksen tai silm\u00e4lasisi. T\u00e4ydenn\u00e4 sisustustasi VASAGLE:n vintage-huonekaluilla! Tuotetiedot: &#8211; V\u00e4ri: vintage-ruskea-musta &#8211; Materiaali: lastulevy, ter\u00e4s &#8211; Mitat: 42 x 52 x 35 cm (L x K x S) &#8211; Avoimen lokeron sis\u00e4mitat: 39 x 18 x 33,5 cm (L x K x S) &#8211; Paino: 8 kg &#8211; Kokonaiskantavuus: 20 kg Toimitus sis\u00e4lt\u00e4\u00e4: &#8211; 1 x sivup\u00f6yt\u00e4 &#8211; 1 x tarvikepussi &#8211; 1 x ohjeet (DE, EN, FR, ES, IT) VASAGLE-ohjeet: &#8211; Tuotetta ei saa altistaa suoralle auringonvalolle. \u00c4l\u00e4 my\u00f6sk\u00e4\u00e4n sijoita sit\u00e4 kosteisiin tiloihin. &#8211; Suojaa tuote ter\u00e4vilt\u00e4 esineilt\u00e4 vaurioiden v\u00e4ltt\u00e4miseksi.<\/p>\n","protected":false},"excerpt":{"rendered":"<p>VASAGLE y\u00f6p\u00f6yt\u00e4, y\u00f6p\u00f6yt\u00e4, sivup\u00f6yt\u00e4, pinottava y\u00f6p\u00f6yt\u00e4, jossa avoin lokero, retro, rustiikkinen puuulkon\u00e4k\u00f6, korostuskaluste metallijaloilla, vakaa, teollinen muotoilu, vintage-ruskea-musta LET54X<\/p>\n","protected":false},"featured_media":42328,"comment_status":"open","ping_status":"closed","template":"","meta":[],"product_brand":[],"product_cat":[32],"product_tag":[],"class_list":{"0":"post-33513","1":"product","2":"type-product","3":"status-publish","4":"has-post-thumbnail","6":"product_cat-uncategorized-fi","8":"first","9":"instock","10":"shipping-taxable","11":"purchasable","12":"product-type-simple"},"_links":{"self":[{"href":"https:\/\/nordicmart.andreevmaster.com\/fi\/wp-json\/wp\/v2\/product\/33513","targetHints":{"allow":["GET"]}}],"collection":[{"href":"https:\/\/nordicmart.andreevmaster.com\/fi\/wp-json\/wp\/v2\/product"}],"about":[{"href":"https:\/\/nordicmart.andreevmaster.com\/fi\/wp-json\/wp\/v2\/types\/product"}],"replies":[{"embeddable":true,"href":"https:\/\/nordicmart.andreevmaster.com\/fi\/wp-json\/wp\/v2\/comments?post=33513"}],"wp:featuredmedia":[{"embeddable":true,"href":"https:\/\/nordicmart.andreevmaster.com\/fi\/wp-json\/wp\/v2\/media\/42328"}],"wp:attachment":[{"href":"https:\/\/nordicmart.andreevmaster.com\/fi\/wp-json\/wp\/v2\/media?parent=33513"}],"wp:term":[{"taxonomy":"product_brand","embeddable":true,"href":"https:\/\/nordicmart.andreevmaster.com\/fi\/wp-json\/wp\/v2\/product_brand?post=33513"},{"taxonomy":"product_cat","embeddable":true,"href":"https:\/\/nordicmart.andreevmaster.com\/fi\/wp-json\/wp\/v2\/product_cat?post=33513"},{"taxonomy":"product_tag","embeddable":true,"href":"https:\/\/nordicmart.andreevmaster.com\/fi\/wp-json\/wp\/v2\/product_tag?post=33513"}],"curies":[{"name":"wp","href":"https:\/\/api.w.org\/{rel}","templated":true}]}}