{"id":33504,"date":"2026-02-27T00:21:37","date_gmt":"2026-02-27T00:21:37","guid":{"rendered":"https:\/\/nordicmart.andreevmaster.com\/product\/vasagle-sivupoyta-laatikolla\/"},"modified":"2026-02-27T09:42:20","modified_gmt":"2026-02-27T09:42:20","slug":"vasagle-sivupoyta-laatikolla","status":"publish","type":"product","link":"https:\/\/nordicmart.andreevmaster.com\/fi\/tuote\/vasagle-sivupoyta-laatikolla\/","title":{"rendered":"VASAGLE sivup\u00f6yt\u00e4 laatikolla"},"content":{"rendered":"<p>VASAGLE y\u00f6p\u00f6yt\u00e4, sivup\u00f6yt\u00e4, korkea, yhdell\u00e4 laatikolla ja 2 hyllyll\u00e4, tilaa s\u00e4\u00e4st\u00e4v\u00e4, teollinen tyyli, vintage-ruskea-musta LET502B01<br \/>\nV\u00e4ri: valkoinen<br \/>\nMateriaali: lastulevy, ter\u00e4s<br \/>\nKoko: 35 x 35 x 70 cm (S x L x K)<br \/>\nPaino: 9,9 kg<br \/>\nP\u00f6yd\u00e4n pinnan maks. staattinen kantavuus: 20 kg<br \/>\nLaatikkon enimm\u00e4iskantavuus: 5 kg<br \/>\nHyllyn maks. staattinen kantavuus: 10 kg<br \/>\nMaks. staattinen kokonaiskuormitus: 40 kg<\/p>\n","protected":false},"excerpt":{"rendered":"<p>VASAGLE y\u00f6p\u00f6yt\u00e4, sivup\u00f6yt\u00e4, korkea, yhdell\u00e4 laatikolla ja 2 hyllyll\u00e4, tilaa s\u00e4\u00e4st\u00e4v\u00e4, teollinen tyyli, vintage-ruskea-musta LET502B01<\/p>\n","protected":false},"featured_media":42319,"comment_status":"open","ping_status":"closed","template":"","meta":[],"product_brand":[],"product_cat":[32],"product_tag":[],"class_list":{"0":"post-33504","1":"product","2":"type-product","3":"status-publish","4":"has-post-thumbnail","6":"product_cat-uncategorized-fi","8":"first","9":"instock","10":"shipping-taxable","11":"purchasable","12":"product-type-simple"},"_links":{"self":[{"href":"https:\/\/nordicmart.andreevmaster.com\/fi\/wp-json\/wp\/v2\/product\/33504","targetHints":{"allow":["GET"]}}],"collection":[{"href":"https:\/\/nordicmart.andreevmaster.com\/fi\/wp-json\/wp\/v2\/product"}],"about":[{"href":"https:\/\/nordicmart.andreevmaster.com\/fi\/wp-json\/wp\/v2\/types\/product"}],"replies":[{"embeddable":true,"href":"https:\/\/nordicmart.andreevmaster.com\/fi\/wp-json\/wp\/v2\/comments?post=33504"}],"wp:featuredmedia":[{"embeddable":true,"href":"https:\/\/nordicmart.andreevmaster.com\/fi\/wp-json\/wp\/v2\/media\/42319"}],"wp:attachment":[{"href":"https:\/\/nordicmart.andreevmaster.com\/fi\/wp-json\/wp\/v2\/media?parent=33504"}],"wp:term":[{"taxonomy":"product_brand","embeddable":true,"href":"https:\/\/nordicmart.andreevmaster.com\/fi\/wp-json\/wp\/v2\/product_brand?post=33504"},{"taxonomy":"product_cat","embeddable":true,"href":"https:\/\/nordicmart.andreevmaster.com\/fi\/wp-json\/wp\/v2\/product_cat?post=33504"},{"taxonomy":"product_tag","embeddable":true,"href":"https:\/\/nordicmart.andreevmaster.com\/fi\/wp-json\/wp\/v2\/product_tag?post=33504"}],"curies":[{"name":"wp","href":"https:\/\/api.w.org\/{rel}","templated":true}]}}