{"id":33499,"date":"2026-02-27T00:21:36","date_gmt":"2026-02-27T00:21:36","guid":{"rendered":"https:\/\/nordicmart.andreevmaster.com\/product\/vasagle-pieni-sivupoyta-teollinen-muotoilu\/"},"modified":"2026-02-27T09:42:20","modified_gmt":"2026-02-27T09:42:20","slug":"vasagle-pieni-sivupoyta-teollinen-muotoilu","status":"publish","type":"product","link":"https:\/\/nordicmart.andreevmaster.com\/fi\/tuote\/vasagle-pieni-sivupoyta-teollinen-muotoilu\/","title":{"rendered":"VASAGLE Pieni sivup\u00f6yt\u00e4 Teollinen muotoilu"},"content":{"rendered":"<p>VASAGLE \u2013 Se edustaa mielikuvituksellista yhdistelm\u00e4\u00e4 toiminnallisuutta, kest\u00e4vyytt\u00e4 ja tyylikk\u00e4it\u00e4 vintage-malleja. Jos haluat antaa huoneillesi yksil\u00f6llisen ilmeen ja antiikkisen s\u00e4vyn, t\u00e4ll\u00e4 huonekalusarjalla voit saavuttaa vaikuttavia tuloksia. Vintage-sivup\u00f6yt\u00e4 rautaisilla yksityiskohdilla T\u00e4m\u00e4 sohvap\u00f6yt\u00e4 on todellinen lis\u00e4arvo paitsi romanttisen vintage-tyylin yst\u00e4ville. My\u00f6s trendikk\u00e4\u00e4n teollisen muotoilun yst\u00e4v\u00e4t voivat kaunistaa olohuonettaan t\u00e4ll\u00e4 huonekalulla, sill\u00e4 sen runko on mattamustaa rautaa. Lis\u00e4\u00e4 toiminnallisia yksityiskohtia Sivup\u00f6yd\u00e4ss\u00e4mme on kaksi tilavaa hylly\u00e4. N\u00e4in kahvi, sanomalehti tai kaukos\u00e4\u00e4din ovat aina k\u00e4den ulottuvilla olohuoneessa. Monik\u00e4ytt\u00f6inen p\u00f6yt\u00e4 sopii my\u00f6s muihin tiloihin, aina sinne, miss\u00e4 tarvitset hieman s\u00e4ilytystilaa, esimerkiksi vihreiden kasvien telineeksi tai makuuhuoneeseen s\u00e4ngyn viereen. Riippumatta siit\u00e4, mit\u00e4 suunnitelmia sinulla on, VASAGLE:n vintage-huonekalujen avulla voit toteuttaa sisustussuunnitelmasi helposti! Tuotetiedot:- V\u00e4ri: vintage &#8211; Materiaali: rautakehys, puulevy &#8211; Mitat: 45 x 47 x 45 cm (L x K x S) &#8211; Paino: 7,5 kg &#8211; P\u00f6yt\u00e4levyn kantavuus: 30 kg &#8211; Hyllyk\u00f6n kantavuus: 10 kg Toimitus sis\u00e4lt\u00e4\u00e4:- 1 x sivup\u00f6yt\u00e4 &#8211; 1 x lis\u00e4varustepussi &#8211; 1 x ohjeet (DE, EN, FR, ES, IT) VASAGLE-ohjeet: &#8211; Tuote on tarkoitettu k\u00e4ytett\u00e4v\u00e4ksi vain sis\u00e4tiloissa. Aseta se kuivaan ymp\u00e4rist\u00f6\u00f6n. &#8211; P\u00f6yt\u00e4levyn enimm\u00e4iskantavuus on 30 kg, ritil\u00e4hyllyn 10 kg. \u00c4l\u00e4 aseta sit\u00e4 raskaampia esineit\u00e4 p\u00f6yd\u00e4lle.<\/p>\n","protected":false},"excerpt":{"rendered":"<p>VASAGLE sivup\u00f6yt\u00e4, olohuoneen p\u00f6yt\u00e4 teollisessa designissa, sohvap\u00f6yt\u00e4, jossa on hylly, vakaa, metallirunko, helppo koota, puun n\u00e4k\u00f6inen, vintage LET42X<\/p>\n","protected":false},"featured_media":42314,"comment_status":"open","ping_status":"closed","template":"","meta":[],"product_brand":[],"product_cat":[32],"product_tag":[],"class_list":{"0":"post-33499","1":"product","2":"type-product","3":"status-publish","4":"has-post-thumbnail","6":"product_cat-uncategorized-fi","8":"first","9":"instock","10":"shipping-taxable","11":"purchasable","12":"product-type-simple"},"_links":{"self":[{"href":"https:\/\/nordicmart.andreevmaster.com\/fi\/wp-json\/wp\/v2\/product\/33499","targetHints":{"allow":["GET"]}}],"collection":[{"href":"https:\/\/nordicmart.andreevmaster.com\/fi\/wp-json\/wp\/v2\/product"}],"about":[{"href":"https:\/\/nordicmart.andreevmaster.com\/fi\/wp-json\/wp\/v2\/types\/product"}],"replies":[{"embeddable":true,"href":"https:\/\/nordicmart.andreevmaster.com\/fi\/wp-json\/wp\/v2\/comments?post=33499"}],"wp:featuredmedia":[{"embeddable":true,"href":"https:\/\/nordicmart.andreevmaster.com\/fi\/wp-json\/wp\/v2\/media\/42314"}],"wp:attachment":[{"href":"https:\/\/nordicmart.andreevmaster.com\/fi\/wp-json\/wp\/v2\/media?parent=33499"}],"wp:term":[{"taxonomy":"product_brand","embeddable":true,"href":"https:\/\/nordicmart.andreevmaster.com\/fi\/wp-json\/wp\/v2\/product_brand?post=33499"},{"taxonomy":"product_cat","embeddable":true,"href":"https:\/\/nordicmart.andreevmaster.com\/fi\/wp-json\/wp\/v2\/product_cat?post=33499"},{"taxonomy":"product_tag","embeddable":true,"href":"https:\/\/nordicmart.andreevmaster.com\/fi\/wp-json\/wp\/v2\/product_tag?post=33499"}],"curies":[{"name":"wp","href":"https:\/\/api.w.org\/{rel}","templated":true}]}}