{"id":33498,"date":"2026-02-27T00:21:35","date_gmt":"2026-02-27T00:21:35","guid":{"rendered":"https:\/\/nordicmart.andreevmaster.com\/product\/vasagle-teollisen-muotoilun-sivupoyta-ritilalla\/"},"modified":"2026-02-27T09:42:19","modified_gmt":"2026-02-27T09:42:19","slug":"vasagle-teollisen-muotoilun-sivupoyta-ritilalla","status":"publish","type":"product","link":"https:\/\/nordicmart.andreevmaster.com\/fi\/tuote\/vasagle-teollisen-muotoilun-sivupoyta-ritilalla\/","title":{"rendered":"VASAGLE teollisen muotoilun sivup\u00f6yt\u00e4 ritil\u00e4ll\u00e4"},"content":{"rendered":"<p>VASAGLE &#8211; Se edustaa mielikuvituksellista yhdistelm\u00e4\u00e4 toiminnallisuutta, kest\u00e4vyytt\u00e4 ja tyylikk\u00e4it\u00e4 vintage-malleja. Jos haluat antaa huoneillesi yksil\u00f6llisen ilmeen ja antiikkisen s\u00e4vyn, t\u00e4ll\u00e4 huonekalusarjalla voit saavuttaa vaikuttavia tuloksia. Vintage-sivup\u00f6yt\u00e4 ter\u00e4ksisill\u00e4 yksityiskohdilla  T\u00e4m\u00e4 sohvap\u00f6yt\u00e4 on todellinen lis\u00e4arvo paitsi romanttisen vintage-tyylin yst\u00e4ville. My\u00f6s trendikk\u00e4\u00e4n teollisen muotoilun yst\u00e4v\u00e4t voivat kaunistaa kotiaan t\u00e4ll\u00e4 huonekalulla, sill\u00e4 sen runko on mattamustaa ter\u00e4st\u00e4. Katso kulissien taakse  Huonekalun kauneus ei kuitenkaan riit\u00e4, jos se ei ole k\u00e4yt\u00e4nn\u00f6llinen. Siksi sivup\u00f6yd\u00e4ss\u00e4mme on tukeva metallihylly lehdille tai kirjoille, jonka kantavuus on jopa 15 kg. Lis\u00e4ksi huonekalulle on useita erilaisia k\u00e4ytt\u00f6kohteita. Pieni kuutio sopii esimerkiksi hyvin y\u00f6p\u00f6yd\u00e4ksi makuuhuoneeseesi tai sohvap\u00f6yd\u00e4ksi olohuoneeseesi. T\u00e4ydenn\u00e4 sisustustasi VASAGLE:n vintage-huonekaluilla! Tuotetiedot:  &#8211; V\u00e4ri: vintage-ruskea-musta &#8211; Materiaali: lastulevy, ter\u00e4s &#8211; Koko: 45 x 45 x 55 cm (P x L x K)  &#8211; Paino: 7,2 kg  &#8211; P\u00f6yt\u00e4levyn enimm\u00e4iskuormitus: 20 kg  &#8211; Hyllyn enimm\u00e4iskuormitus: 15 kg Toimitus sis\u00e4lt\u00e4\u00e4:  &#8211; 1 x sivup\u00f6yt\u00e4 &#8211; 1 x ohjeet (DE, EN, FR, IT, ES)  &#8211; 1 x kuusiokoloavain<\/p>\n","protected":false},"excerpt":{"rendered":"<p>VASAGLE sivup\u00f6yt\u00e4, y\u00f6p\u00f6yt\u00e4, sohvap\u00f6yt\u00e4, ritil\u00e4hyllyll\u00e4, vakaa, metallirunko, olohuone, makuuhuone, helppo koota, teollinen muotoilu, vintage-ruskea-musta LET41X<\/p>\n","protected":false},"featured_media":42313,"comment_status":"open","ping_status":"closed","template":"","meta":[],"product_brand":[],"product_cat":[32],"product_tag":[],"class_list":{"0":"post-33498","1":"product","2":"type-product","3":"status-publish","4":"has-post-thumbnail","6":"product_cat-uncategorized-fi","8":"first","9":"instock","10":"shipping-taxable","11":"purchasable","12":"product-type-simple"},"_links":{"self":[{"href":"https:\/\/nordicmart.andreevmaster.com\/fi\/wp-json\/wp\/v2\/product\/33498","targetHints":{"allow":["GET"]}}],"collection":[{"href":"https:\/\/nordicmart.andreevmaster.com\/fi\/wp-json\/wp\/v2\/product"}],"about":[{"href":"https:\/\/nordicmart.andreevmaster.com\/fi\/wp-json\/wp\/v2\/types\/product"}],"replies":[{"embeddable":true,"href":"https:\/\/nordicmart.andreevmaster.com\/fi\/wp-json\/wp\/v2\/comments?post=33498"}],"wp:featuredmedia":[{"embeddable":true,"href":"https:\/\/nordicmart.andreevmaster.com\/fi\/wp-json\/wp\/v2\/media\/42313"}],"wp:attachment":[{"href":"https:\/\/nordicmart.andreevmaster.com\/fi\/wp-json\/wp\/v2\/media?parent=33498"}],"wp:term":[{"taxonomy":"product_brand","embeddable":true,"href":"https:\/\/nordicmart.andreevmaster.com\/fi\/wp-json\/wp\/v2\/product_brand?post=33498"},{"taxonomy":"product_cat","embeddable":true,"href":"https:\/\/nordicmart.andreevmaster.com\/fi\/wp-json\/wp\/v2\/product_cat?post=33498"},{"taxonomy":"product_tag","embeddable":true,"href":"https:\/\/nordicmart.andreevmaster.com\/fi\/wp-json\/wp\/v2\/product_tag?post=33498"}],"curies":[{"name":"wp","href":"https:\/\/api.w.org\/{rel}","templated":true}]}}