{"id":33497,"date":"2026-02-27T00:21:35","date_gmt":"2026-02-27T00:21:35","guid":{"rendered":"https:\/\/nordicmart.andreevmaster.com\/product\/vasagle-sivupoyta-pistorasioilla-hasselpahkinanruskea-musta\/"},"modified":"2026-02-27T09:42:19","modified_gmt":"2026-02-27T09:42:19","slug":"vasagle-sivupoyta-pistorasioilla-hasselpahkinanruskea-musta","status":"publish","type":"product","link":"https:\/\/nordicmart.andreevmaster.com\/fi\/tuote\/vasagle-sivupoyta-pistorasioilla-hasselpahkinanruskea-musta\/","title":{"rendered":"VASAGLE Sivup\u00f6yt\u00e4 pistorasioilla hasselp\u00e4hkin\u00e4nruskea-musta"},"content":{"rendered":"<p>VASAGLE sivup\u00f6yt\u00e4, y\u00f6p\u00f6yt\u00e4 pistorasialla, kapea, 2 AC-liit\u00e4nt\u00e4\u00e4, 2 USB-liit\u00e4nt\u00e4\u00e4, 30 x 34 x 58 cm, olohuoneeseen, makuuhuoneeseen, vintage-ruskea-musta LET375B01<br \/>\nV\u00e4ri: p\u00e4hkin\u00e4nruskea-musta<br \/>\nMateriaali: lastulevy, ter\u00e4s<br \/>\nKoko: 30 x 34 x 58 cm (S x L x K)<br \/>\nPaino: 5,7 kg<br \/>\nMaks. staattinen kantavuus hylly\u00e4 kohti: 10 kg<br \/>\nMaks. staattinen kokonaiskuormitus: 30 kg<\/p>\n","protected":false},"excerpt":{"rendered":"<p>VASAGLE sivup\u00f6yt\u00e4, y\u00f6p\u00f6yt\u00e4 pistorasialla, kapea, 2 AC-liit\u00e4nt\u00e4\u00e4, 2 USB-liit\u00e4nt\u00e4\u00e4, 30 x 34 x 58 cm, olohuoneeseen, makuuhuoneeseen, vintage-ruskea-musta LET375B01<\/p>\n","protected":false},"featured_media":42312,"comment_status":"open","ping_status":"closed","template":"","meta":[],"product_brand":[],"product_cat":[32],"product_tag":[],"class_list":{"0":"post-33497","1":"product","2":"type-product","3":"status-publish","4":"has-post-thumbnail","6":"product_cat-uncategorized-fi","8":"first","9":"instock","10":"shipping-taxable","11":"purchasable","12":"product-type-simple"},"_links":{"self":[{"href":"https:\/\/nordicmart.andreevmaster.com\/fi\/wp-json\/wp\/v2\/product\/33497","targetHints":{"allow":["GET"]}}],"collection":[{"href":"https:\/\/nordicmart.andreevmaster.com\/fi\/wp-json\/wp\/v2\/product"}],"about":[{"href":"https:\/\/nordicmart.andreevmaster.com\/fi\/wp-json\/wp\/v2\/types\/product"}],"replies":[{"embeddable":true,"href":"https:\/\/nordicmart.andreevmaster.com\/fi\/wp-json\/wp\/v2\/comments?post=33497"}],"wp:featuredmedia":[{"embeddable":true,"href":"https:\/\/nordicmart.andreevmaster.com\/fi\/wp-json\/wp\/v2\/media\/42312"}],"wp:attachment":[{"href":"https:\/\/nordicmart.andreevmaster.com\/fi\/wp-json\/wp\/v2\/media?parent=33497"}],"wp:term":[{"taxonomy":"product_brand","embeddable":true,"href":"https:\/\/nordicmart.andreevmaster.com\/fi\/wp-json\/wp\/v2\/product_brand?post=33497"},{"taxonomy":"product_cat","embeddable":true,"href":"https:\/\/nordicmart.andreevmaster.com\/fi\/wp-json\/wp\/v2\/product_cat?post=33497"},{"taxonomy":"product_tag","embeddable":true,"href":"https:\/\/nordicmart.andreevmaster.com\/fi\/wp-json\/wp\/v2\/product_tag?post=33497"}],"curies":[{"name":"wp","href":"https:\/\/api.w.org\/{rel}","templated":true}]}}