{"id":33494,"date":"2026-02-27T00:21:34","date_gmt":"2026-02-27T00:21:34","guid":{"rendered":"https:\/\/nordicmart.andreevmaster.com\/product\/vasagle-teollinen-muotoilu-taitettava-sivupoyta\/"},"modified":"2026-02-27T09:42:19","modified_gmt":"2026-02-27T09:42:19","slug":"vasagle-teollinen-muotoilu-taitettava-sivupoyta","status":"publish","type":"product","link":"https:\/\/nordicmart.andreevmaster.com\/fi\/tuote\/vasagle-teollinen-muotoilu-taitettava-sivupoyta\/","title":{"rendered":"VASAGLE Teollinen muotoilu Taitettava sivup\u00f6yt\u00e4"},"content":{"rendered":"<p>Tuotetiedot: &#8211; V\u00e4ri: vintage-ruskea-musta &#8211; Materiaali: lastulevy, ter\u00e4s &#8211; P\u00f6yd\u00e4n koko: 67 x 42,3 x 82,5 cm (P x L x K) &#8211; Paino: 4,8 kg &#8211; Maks. staattinen kantavuus: 20 kg Toimitus sis\u00e4lt\u00e4\u00e4: &#8211; 1 x taitettava p\u00f6yt\u00e4 &#8211; 1 x lis\u00e4varustepaketti &#8211; 1 x ohjeet VASAGLE Huomautukset: &#8211; Turvallisuussyist\u00e4 lapset eiv\u00e4t saa kiivet\u00e4 tuotteelle tai leikki\u00e4 sill\u00e4.<\/p>\n","protected":false},"excerpt":{"rendered":"<p>VASAGLE taitettava sivup\u00f6yt\u00e4, pieni kirjoitusp\u00f6yt\u00e4, taitettava p\u00f6yt\u00e4, v\u00e4lipalap\u00f6yt\u00e4, tilaa s\u00e4\u00e4st\u00e4v\u00e4, sohvap\u00f6yt\u00e4 kotitoimistoon, olohuoneeseen, helppo koota, vintage-ruskea-musta LET370B01<\/p>\n","protected":false},"featured_media":42309,"comment_status":"open","ping_status":"closed","template":"","meta":[],"product_brand":[],"product_cat":[32],"product_tag":[],"class_list":{"0":"post-33494","1":"product","2":"type-product","3":"status-publish","4":"has-post-thumbnail","6":"product_cat-uncategorized-fi","8":"first","9":"instock","10":"shipping-taxable","11":"purchasable","12":"product-type-simple"},"_links":{"self":[{"href":"https:\/\/nordicmart.andreevmaster.com\/fi\/wp-json\/wp\/v2\/product\/33494","targetHints":{"allow":["GET"]}}],"collection":[{"href":"https:\/\/nordicmart.andreevmaster.com\/fi\/wp-json\/wp\/v2\/product"}],"about":[{"href":"https:\/\/nordicmart.andreevmaster.com\/fi\/wp-json\/wp\/v2\/types\/product"}],"replies":[{"embeddable":true,"href":"https:\/\/nordicmart.andreevmaster.com\/fi\/wp-json\/wp\/v2\/comments?post=33494"}],"wp:featuredmedia":[{"embeddable":true,"href":"https:\/\/nordicmart.andreevmaster.com\/fi\/wp-json\/wp\/v2\/media\/42309"}],"wp:attachment":[{"href":"https:\/\/nordicmart.andreevmaster.com\/fi\/wp-json\/wp\/v2\/media?parent=33494"}],"wp:term":[{"taxonomy":"product_brand","embeddable":true,"href":"https:\/\/nordicmart.andreevmaster.com\/fi\/wp-json\/wp\/v2\/product_brand?post=33494"},{"taxonomy":"product_cat","embeddable":true,"href":"https:\/\/nordicmart.andreevmaster.com\/fi\/wp-json\/wp\/v2\/product_cat?post=33494"},{"taxonomy":"product_tag","embeddable":true,"href":"https:\/\/nordicmart.andreevmaster.com\/fi\/wp-json\/wp\/v2\/product_tag?post=33494"}],"curies":[{"name":"wp","href":"https:\/\/api.w.org\/{rel}","templated":true}]}}