{"id":33493,"date":"2026-02-27T00:21:34","date_gmt":"2026-02-27T00:21:34","guid":{"rendered":"https:\/\/nordicmart.andreevmaster.com\/product\/vasagle-sivupoyta-ritilahyllylla\/"},"modified":"2026-02-27T09:42:19","modified_gmt":"2026-02-27T09:42:19","slug":"vasagle-sivupoyta-ritilahyllylla","status":"publish","type":"product","link":"https:\/\/nordicmart.andreevmaster.com\/fi\/tuote\/vasagle-sivupoyta-ritilahyllylla\/","title":{"rendered":"VASAGLE sivup\u00f6yt\u00e4 ritil\u00e4hyllyll\u00e4"},"content":{"rendered":"<p>Tuotetiedot: &#8211; V\u00e4ri: vintage-ruskea-musta &#8211; Materiaali: lastulevy, ter\u00e4s &#8211; Koko: 40 x 40 x 55 cm (P x L x K) &#8211; Paino: 4,8 kg &#8211; Pinnan maks. staattinen kantavuus: 20 kg &#8211; Hyllylevyn maks. staattinen kantavuus: 5 kgToimitus sis\u00e4lt\u00e4\u00e4:- 1 x sivup\u00f6yt\u00e4, jossa on ritil\u00e4hylly &#8211; 1 x lis\u00e4varustepaketti &#8211; 1 x ohjeet (DE, EN, ES, FR, IT) VASAGLE-ohjeet: &#8211; Turvallisuussyist\u00e4 lapset eiv\u00e4t saa kiivet\u00e4 tuotteelle tai leikki\u00e4 sill\u00e4. &#8211; Tuotteen suurin staattinen kantavuus on 25 kg. \u00c4l\u00e4 ylit\u00e4 t\u00e4t\u00e4 enimm\u00e4ispainoa.<\/p>\n","protected":false},"excerpt":{"rendered":"<p>VASAGLE sivup\u00f6yt\u00e4, y\u00f6p\u00f6yt\u00e4, pieni sohvap\u00f6yt\u00e4 ritil\u00e4hyllyll\u00e4, tarjotin, makuuhuone, olohuone, helppo koota, vakaa, teollinen tyyli, vintage-ruskea-musta LET36BX<\/p>\n","protected":false},"featured_media":42308,"comment_status":"open","ping_status":"closed","template":"","meta":[],"product_brand":[],"product_cat":[32],"product_tag":[],"class_list":{"0":"post-33493","1":"product","2":"type-product","3":"status-publish","4":"has-post-thumbnail","6":"product_cat-uncategorized-fi","8":"first","9":"instock","10":"shipping-taxable","11":"purchasable","12":"product-type-simple"},"_links":{"self":[{"href":"https:\/\/nordicmart.andreevmaster.com\/fi\/wp-json\/wp\/v2\/product\/33493","targetHints":{"allow":["GET"]}}],"collection":[{"href":"https:\/\/nordicmart.andreevmaster.com\/fi\/wp-json\/wp\/v2\/product"}],"about":[{"href":"https:\/\/nordicmart.andreevmaster.com\/fi\/wp-json\/wp\/v2\/types\/product"}],"replies":[{"embeddable":true,"href":"https:\/\/nordicmart.andreevmaster.com\/fi\/wp-json\/wp\/v2\/comments?post=33493"}],"wp:featuredmedia":[{"embeddable":true,"href":"https:\/\/nordicmart.andreevmaster.com\/fi\/wp-json\/wp\/v2\/media\/42308"}],"wp:attachment":[{"href":"https:\/\/nordicmart.andreevmaster.com\/fi\/wp-json\/wp\/v2\/media?parent=33493"}],"wp:term":[{"taxonomy":"product_brand","embeddable":true,"href":"https:\/\/nordicmart.andreevmaster.com\/fi\/wp-json\/wp\/v2\/product_brand?post=33493"},{"taxonomy":"product_cat","embeddable":true,"href":"https:\/\/nordicmart.andreevmaster.com\/fi\/wp-json\/wp\/v2\/product_cat?post=33493"},{"taxonomy":"product_tag","embeddable":true,"href":"https:\/\/nordicmart.andreevmaster.com\/fi\/wp-json\/wp\/v2\/product_tag?post=33493"}],"curies":[{"name":"wp","href":"https:\/\/api.w.org\/{rel}","templated":true}]}}