{"id":33488,"date":"2026-02-27T00:21:33","date_gmt":"2026-02-27T00:21:33","guid":{"rendered":"https:\/\/nordicmart.andreevmaster.com\/product\/vasagle-sivupoyta-c-muotoinen-2-ac-pistorasiaa-tuhkanruskea\/"},"modified":"2026-02-27T09:42:18","modified_gmt":"2026-02-27T09:42:18","slug":"vasagle-sivupoyta-c-muotoinen-2-ac-pistorasiaa-tuhkanruskea","status":"publish","type":"product","link":"https:\/\/nordicmart.andreevmaster.com\/fi\/tuote\/vasagle-sivupoyta-c-muotoinen-2-ac-pistorasiaa-tuhkanruskea\/","title":{"rendered":"VASAGLE sivup\u00f6yt\u00e4 C-muotoinen, 2 AC-pistorasiaa, tuhkanruskea"},"content":{"rendered":"<p>VASAGLE sivup\u00f6yt\u00e4, y\u00f6p\u00f6yt\u00e4 pistorasioilla, C-muotoinen, sohvap\u00f6yt\u00e4 pieniin tiloihin, 2 USB-liit\u00e4nt\u00e4\u00e4, 2 AC-pistorasiaa, s\u00e4ilytyslaukku, s\u00e4\u00e4dett\u00e4v\u00e4t jalat, eebenpuunmusta LET356B02V1<br \/>\nV\u00e4ri: tuhkanruskea<br \/>\nKoko: 30 x 40 x 62 cm (S x L x K)<br \/>\nMateriaali: lastulevy, ter\u00e4s, polyesterikangas<br \/>\nPaino: 4,1 kg<br \/>\nMaks. staattinen kokonaiskuormitus: 20 kg<\/p>\n","protected":false},"excerpt":{"rendered":"<p>VASAGLE sivup\u00f6yt\u00e4, y\u00f6p\u00f6yt\u00e4 pistorasioilla, C-muotoinen, sohvap\u00f6yt\u00e4 pieniin tiloihin, 2 USB-liit\u00e4nt\u00e4\u00e4, 2 AC-pistorasiaa, s\u00e4ilytyslaukku, s\u00e4\u00e4dett\u00e4v\u00e4t jalat, eebenpuunmusta LET356B02V1<\/p>\n","protected":false},"featured_media":42303,"comment_status":"open","ping_status":"closed","template":"","meta":[],"product_brand":[],"product_cat":[32],"product_tag":[],"class_list":{"0":"post-33488","1":"product","2":"type-product","3":"status-publish","4":"has-post-thumbnail","6":"product_cat-uncategorized-fi","8":"first","9":"instock","10":"shipping-taxable","11":"purchasable","12":"product-type-simple"},"_links":{"self":[{"href":"https:\/\/nordicmart.andreevmaster.com\/fi\/wp-json\/wp\/v2\/product\/33488","targetHints":{"allow":["GET"]}}],"collection":[{"href":"https:\/\/nordicmart.andreevmaster.com\/fi\/wp-json\/wp\/v2\/product"}],"about":[{"href":"https:\/\/nordicmart.andreevmaster.com\/fi\/wp-json\/wp\/v2\/types\/product"}],"replies":[{"embeddable":true,"href":"https:\/\/nordicmart.andreevmaster.com\/fi\/wp-json\/wp\/v2\/comments?post=33488"}],"wp:featuredmedia":[{"embeddable":true,"href":"https:\/\/nordicmart.andreevmaster.com\/fi\/wp-json\/wp\/v2\/media\/42303"}],"wp:attachment":[{"href":"https:\/\/nordicmart.andreevmaster.com\/fi\/wp-json\/wp\/v2\/media?parent=33488"}],"wp:term":[{"taxonomy":"product_brand","embeddable":true,"href":"https:\/\/nordicmart.andreevmaster.com\/fi\/wp-json\/wp\/v2\/product_brand?post=33488"},{"taxonomy":"product_cat","embeddable":true,"href":"https:\/\/nordicmart.andreevmaster.com\/fi\/wp-json\/wp\/v2\/product_cat?post=33488"},{"taxonomy":"product_tag","embeddable":true,"href":"https:\/\/nordicmart.andreevmaster.com\/fi\/wp-json\/wp\/v2\/product_tag?post=33488"}],"curies":[{"name":"wp","href":"https:\/\/api.w.org\/{rel}","templated":true}]}}