{"id":33481,"date":"2026-02-27T00:21:31","date_gmt":"2026-02-27T00:21:31","guid":{"rendered":"https:\/\/nordicmart.andreevmaster.com\/product\/vasagle-kapea-sivupoyta-teollinen-muotoilu\/"},"modified":"2026-02-27T09:42:17","modified_gmt":"2026-02-27T09:42:17","slug":"vasagle-kapea-sivupoyta-teollinen-muotoilu","status":"publish","type":"product","link":"https:\/\/nordicmart.andreevmaster.com\/fi\/tuote\/vasagle-kapea-sivupoyta-teollinen-muotoilu\/","title":{"rendered":"VASAGLE Kapea sivup\u00f6yt\u00e4 Teollinen muotoilu"},"content":{"rendered":"<p>Ei suinkaan v\u00e4liaikainen ratkaisu Usein kapea ja yksinkertainen on parempi vaihtoehto kuin massiivinen ja ylikuormitettu. Lis\u00e4ksi 3 hylly\u00e4 tarjoavat riitt\u00e4v\u00e4n s\u00e4ilytystilan my\u00f6s ahtaissa tiloissa. Tuotetiedot:- V\u00e4ri: vintage\/tummanruskea &#8211; Materiaali: lastulevy, rauta &#8211; Koko: 60 x 30 x 60 cm (P x L x K) &#8211; Paino: 6,7 kg &#8211; Pinnan maks. staattinen kantavuus: 20 kg &#8211; Ristikon hyllyn maks. staattinen kantavuus: 10 kg Toimitus sis\u00e4lt\u00e4\u00e4:- 1 x sivup\u00f6yt\u00e4 &#8211; 1 x asennustarvikkeet &#8211; 1 x ohjeet (DE, EN, ES, FR, IT) VASAGLE Huomautukset: &#8211; T\u00e4m\u00e4 tuote on tarkoitettu vain sis\u00e4k\u00e4ytt\u00f6\u00f6n. Aseta se kuivaan ymp\u00e4rist\u00f6\u00f6n. &#8211; Pinnan suurin staattinen kantavuus on 20 kg, ritil\u00e4hyllyjen kantavuus on 10 kg. \u00c4l\u00e4 ylit\u00e4 t\u00e4t\u00e4 enimm\u00e4ispainoa.<\/p>\n","protected":false},"excerpt":{"rendered":"<p>VASAGLE sivup\u00f6yt\u00e4, koristep\u00f6yt\u00e4 2 hyllyll\u00e4, sohvap\u00f6yt\u00e4, eteinen, olohuone, makuuhuone, toimisto, kapea, vakaa, tilaa s\u00e4\u00e4st\u00e4v\u00e4, helppo koota, teollinen muotoilu, vintage, tummanruskea LET33BX<\/p>\n","protected":false},"featured_media":0,"comment_status":"open","ping_status":"closed","template":"","meta":[],"product_brand":[],"product_cat":[32],"product_tag":[],"class_list":{"0":"post-33481","1":"product","2":"type-product","3":"status-publish","5":"product_cat-uncategorized-fi","7":"first","8":"instock","9":"shipping-taxable","10":"purchasable","11":"product-type-simple"},"_links":{"self":[{"href":"https:\/\/nordicmart.andreevmaster.com\/fi\/wp-json\/wp\/v2\/product\/33481","targetHints":{"allow":["GET"]}}],"collection":[{"href":"https:\/\/nordicmart.andreevmaster.com\/fi\/wp-json\/wp\/v2\/product"}],"about":[{"href":"https:\/\/nordicmart.andreevmaster.com\/fi\/wp-json\/wp\/v2\/types\/product"}],"replies":[{"embeddable":true,"href":"https:\/\/nordicmart.andreevmaster.com\/fi\/wp-json\/wp\/v2\/comments?post=33481"}],"wp:attachment":[{"href":"https:\/\/nordicmart.andreevmaster.com\/fi\/wp-json\/wp\/v2\/media?parent=33481"}],"wp:term":[{"taxonomy":"product_brand","embeddable":true,"href":"https:\/\/nordicmart.andreevmaster.com\/fi\/wp-json\/wp\/v2\/product_brand?post=33481"},{"taxonomy":"product_cat","embeddable":true,"href":"https:\/\/nordicmart.andreevmaster.com\/fi\/wp-json\/wp\/v2\/product_cat?post=33481"},{"taxonomy":"product_tag","embeddable":true,"href":"https:\/\/nordicmart.andreevmaster.com\/fi\/wp-json\/wp\/v2\/product_tag?post=33481"}],"curies":[{"name":"wp","href":"https:\/\/api.w.org\/{rel}","templated":true}]}}