{"id":33477,"date":"2026-02-27T00:21:30","date_gmt":"2026-02-27T00:21:30","guid":{"rendered":"https:\/\/nordicmart.andreevmaster.com\/product\/vasagle-sivupoyta-3-hyllya-kapea-eebenpuunmusta-mustanmusta\/"},"modified":"2026-02-27T09:42:16","modified_gmt":"2026-02-27T09:42:16","slug":"vasagle-sivupoyta-3-hyllya-kapea-eebenpuunmusta-mustanmusta","status":"publish","type":"product","link":"https:\/\/nordicmart.andreevmaster.com\/fi\/tuote\/vasagle-sivupoyta-3-hyllya-kapea-eebenpuunmusta-mustanmusta\/","title":{"rendered":"VASAGLE sivup\u00f6yt\u00e4, 3 hylly\u00e4, kapea, eebenpuunmusta-mustanmusta"},"content":{"rendered":"<p>VASAGLE kapea sivup\u00f6yt\u00e4, y\u00f6p\u00f6yt\u00e4 laatikolla, pieni sohvap\u00f6yt\u00e4, 3 hylly\u00e4, lehtiteline, olohuoneeseen, makuuhuoneeseen, ty\u00f6huoneeseen<br \/>\nV\u00e4ri: eebenpuunmusta-mustanmusta<br \/>\nMateriaali: lastulevy, ter\u00e4s<br \/>\nKoko: 18 x 45 x 58 cm (S x L x K)<br \/>\nPaino: 4,4 kg<br \/>\nMaks. staattinen kokonaiskuormitus: 100 kg<\/p>\n","protected":false},"excerpt":{"rendered":"<p>VASAGLE kapea sivup\u00f6yt\u00e4, y\u00f6p\u00f6yt\u00e4 laatikolla, pieni sohvap\u00f6yt\u00e4, 3 hylly\u00e4, lehtiteline, olohuoneeseen, makuuhuoneeseen, ty\u00f6huoneeseen<\/p>\n","protected":false},"featured_media":42295,"comment_status":"open","ping_status":"closed","template":"","meta":[],"product_brand":[],"product_cat":[32],"product_tag":[],"class_list":{"0":"post-33477","1":"product","2":"type-product","3":"status-publish","4":"has-post-thumbnail","6":"product_cat-uncategorized-fi","8":"first","9":"instock","10":"shipping-taxable","11":"purchasable","12":"product-type-simple"},"_links":{"self":[{"href":"https:\/\/nordicmart.andreevmaster.com\/fi\/wp-json\/wp\/v2\/product\/33477","targetHints":{"allow":["GET"]}}],"collection":[{"href":"https:\/\/nordicmart.andreevmaster.com\/fi\/wp-json\/wp\/v2\/product"}],"about":[{"href":"https:\/\/nordicmart.andreevmaster.com\/fi\/wp-json\/wp\/v2\/types\/product"}],"replies":[{"embeddable":true,"href":"https:\/\/nordicmart.andreevmaster.com\/fi\/wp-json\/wp\/v2\/comments?post=33477"}],"wp:featuredmedia":[{"embeddable":true,"href":"https:\/\/nordicmart.andreevmaster.com\/fi\/wp-json\/wp\/v2\/media\/42295"}],"wp:attachment":[{"href":"https:\/\/nordicmart.andreevmaster.com\/fi\/wp-json\/wp\/v2\/media?parent=33477"}],"wp:term":[{"taxonomy":"product_brand","embeddable":true,"href":"https:\/\/nordicmart.andreevmaster.com\/fi\/wp-json\/wp\/v2\/product_brand?post=33477"},{"taxonomy":"product_cat","embeddable":true,"href":"https:\/\/nordicmart.andreevmaster.com\/fi\/wp-json\/wp\/v2\/product_cat?post=33477"},{"taxonomy":"product_tag","embeddable":true,"href":"https:\/\/nordicmart.andreevmaster.com\/fi\/wp-json\/wp\/v2\/product_tag?post=33477"}],"curies":[{"name":"wp","href":"https:\/\/api.w.org\/{rel}","templated":true}]}}