{"id":33476,"date":"2026-02-27T00:21:30","date_gmt":"2026-02-27T00:21:30","guid":{"rendered":"https:\/\/nordicmart.andreevmaster.com\/product\/vasagle-sivupoydat-2-kpl\/"},"modified":"2026-02-27T09:42:16","modified_gmt":"2026-02-27T09:42:16","slug":"vasagle-sivupoydat-2-kpl","status":"publish","type":"product","link":"https:\/\/nordicmart.andreevmaster.com\/fi\/tuote\/vasagle-sivupoydat-2-kpl\/","title":{"rendered":"VASAGLE sivup\u00f6yd\u00e4t, 2 kpl"},"content":{"rendered":"<p>Tuotetiedot: &#8211; V\u00e4ri: musta &#8211; Materiaali: lastulevy, ter\u00e4s &#8211; Suuren p\u00f6yd\u00e4n koko: 50 x 50 x 45 cm (P x L x K) &#8211; Pienen p\u00f6yd\u00e4n koko: 40 x 40 x 40 cm (P x L x K) &#8211; Kokonaispaino: 8,3 kg &#8211; Maks. staattinen kantavuus per p\u00f6yt\u00e4: 30 kg Toimitus sis\u00e4lt\u00e4\u00e4: &#8211; 2 x sohvap\u00f6yt\u00e4 &#8211; 2 x lis\u00e4varustepaketti &#8211; 1 x ohjeet VASAGLE Huomautukset: &#8211; Turvallisuussyist\u00e4 lapset eiv\u00e4t saa kiivet\u00e4 tuotteelle tai leikki\u00e4 sill\u00e4.<\/p>\n","protected":false},"excerpt":{"rendered":"<p>VASAGLE sohvap\u00f6yt\u00e4, sivup\u00f6yt\u00e4, 2 kpl, olohuoneen p\u00f6yt\u00e4, sohvap\u00f6yt\u00e4, ter\u00e4srunko, p\u00f6yt\u00e4levy tarjottimena, pieniin tiloihin, musta LET330B16<\/p>\n","protected":false},"featured_media":42294,"comment_status":"open","ping_status":"closed","template":"","meta":[],"product_brand":[],"product_cat":[32],"product_tag":[],"class_list":{"0":"post-33476","1":"product","2":"type-product","3":"status-publish","4":"has-post-thumbnail","6":"product_cat-uncategorized-fi","8":"first","9":"instock","10":"shipping-taxable","11":"purchasable","12":"product-type-simple"},"_links":{"self":[{"href":"https:\/\/nordicmart.andreevmaster.com\/fi\/wp-json\/wp\/v2\/product\/33476","targetHints":{"allow":["GET"]}}],"collection":[{"href":"https:\/\/nordicmart.andreevmaster.com\/fi\/wp-json\/wp\/v2\/product"}],"about":[{"href":"https:\/\/nordicmart.andreevmaster.com\/fi\/wp-json\/wp\/v2\/types\/product"}],"replies":[{"embeddable":true,"href":"https:\/\/nordicmart.andreevmaster.com\/fi\/wp-json\/wp\/v2\/comments?post=33476"}],"wp:featuredmedia":[{"embeddable":true,"href":"https:\/\/nordicmart.andreevmaster.com\/fi\/wp-json\/wp\/v2\/media\/42294"}],"wp:attachment":[{"href":"https:\/\/nordicmart.andreevmaster.com\/fi\/wp-json\/wp\/v2\/media?parent=33476"}],"wp:term":[{"taxonomy":"product_brand","embeddable":true,"href":"https:\/\/nordicmart.andreevmaster.com\/fi\/wp-json\/wp\/v2\/product_brand?post=33476"},{"taxonomy":"product_cat","embeddable":true,"href":"https:\/\/nordicmart.andreevmaster.com\/fi\/wp-json\/wp\/v2\/product_cat?post=33476"},{"taxonomy":"product_tag","embeddable":true,"href":"https:\/\/nordicmart.andreevmaster.com\/fi\/wp-json\/wp\/v2\/product_tag?post=33476"}],"curies":[{"name":"wp","href":"https:\/\/api.w.org\/{rel}","templated":true}]}}