{"id":33475,"date":"2026-02-27T00:21:29","date_gmt":"2026-02-27T00:21:29","guid":{"rendered":"https:\/\/nordicmart.andreevmaster.com\/product\/vasagle-kapea-sivupoyta-pistorasialistalla-pahkinapuunruskea-valkoinen\/"},"modified":"2026-02-27T09:42:16","modified_gmt":"2026-02-27T09:42:16","slug":"vasagle-kapea-sivupoyta-pistorasialistalla-pahkinapuunruskea-valkoinen","status":"publish","type":"product","link":"https:\/\/nordicmart.andreevmaster.com\/fi\/tuote\/vasagle-kapea-sivupoyta-pistorasialistalla-pahkinapuunruskea-valkoinen\/","title":{"rendered":"VASAGLE kapea sivup\u00f6yt\u00e4 pistorasialistalla p\u00e4hkin\u00e4puunruskea-valkoinen"},"content":{"rendered":"<p>VASAGLE sivup\u00f6yt\u00e4, kapea y\u00f6p\u00f6yt\u00e4 pistorasialistalla, 2 laatikkoa, sohvap\u00f6yt\u00e4, pieniin tiloihin, merellinen tyyli<br \/>\nV\u00e4ri: p\u00e4hkin\u00e4puunruskea-valkoinen<br \/>\nMateriaali: lastulevy, MDF (keskitihe\u00e4 kuitulevy)<br \/>\nKoko: 60 x 35 x 60 (S x L x K)<br \/>\nPaino: 17 kg<br \/>\nPinnan maks. staattinen kantavuus: 90 kg<\/p>\n","protected":false},"excerpt":{"rendered":"<p>VASAGLE sivup\u00f6yt\u00e4, kapea y\u00f6p\u00f6yt\u00e4 pistorasialistalla, 2 laatikkoa, sohvap\u00f6yt\u00e4, pieniin tiloihin, merellinen tyyli<\/p>\n","protected":false},"featured_media":42293,"comment_status":"open","ping_status":"closed","template":"","meta":[],"product_brand":[],"product_cat":[32],"product_tag":[],"class_list":{"0":"post-33475","1":"product","2":"type-product","3":"status-publish","4":"has-post-thumbnail","6":"product_cat-uncategorized-fi","8":"first","9":"instock","10":"shipping-taxable","11":"purchasable","12":"product-type-simple"},"_links":{"self":[{"href":"https:\/\/nordicmart.andreevmaster.com\/fi\/wp-json\/wp\/v2\/product\/33475","targetHints":{"allow":["GET"]}}],"collection":[{"href":"https:\/\/nordicmart.andreevmaster.com\/fi\/wp-json\/wp\/v2\/product"}],"about":[{"href":"https:\/\/nordicmart.andreevmaster.com\/fi\/wp-json\/wp\/v2\/types\/product"}],"replies":[{"embeddable":true,"href":"https:\/\/nordicmart.andreevmaster.com\/fi\/wp-json\/wp\/v2\/comments?post=33475"}],"wp:featuredmedia":[{"embeddable":true,"href":"https:\/\/nordicmart.andreevmaster.com\/fi\/wp-json\/wp\/v2\/media\/42293"}],"wp:attachment":[{"href":"https:\/\/nordicmart.andreevmaster.com\/fi\/wp-json\/wp\/v2\/media?parent=33475"}],"wp:term":[{"taxonomy":"product_brand","embeddable":true,"href":"https:\/\/nordicmart.andreevmaster.com\/fi\/wp-json\/wp\/v2\/product_brand?post=33475"},{"taxonomy":"product_cat","embeddable":true,"href":"https:\/\/nordicmart.andreevmaster.com\/fi\/wp-json\/wp\/v2\/product_cat?post=33475"},{"taxonomy":"product_tag","embeddable":true,"href":"https:\/\/nordicmart.andreevmaster.com\/fi\/wp-json\/wp\/v2\/product_tag?post=33475"}],"curies":[{"name":"wp","href":"https:\/\/api.w.org\/{rel}","templated":true}]}}