{"id":33472,"date":"2026-02-27T00:21:29","date_gmt":"2026-02-27T00:21:29","guid":{"rendered":"https:\/\/nordicmart.andreevmaster.com\/product\/vasagle-sivupoyta-pistorasialistalla-ja-2-laatikolla\/"},"modified":"2026-02-27T09:42:15","modified_gmt":"2026-02-27T09:42:15","slug":"vasagle-sivupoyta-pistorasialistalla-ja-2-laatikolla","status":"publish","type":"product","link":"https:\/\/nordicmart.andreevmaster.com\/fi\/tuote\/vasagle-sivupoyta-pistorasialistalla-ja-2-laatikolla\/","title":{"rendered":"VASAGLE Sivup\u00f6yt\u00e4 pistorasialistalla ja 2 laatikolla"},"content":{"rendered":"<p>VASAGLE sivup\u00f6yt\u00e4, y\u00f6p\u00f6yt\u00e4 pistorasialistalla, 2 laatikkoa, sohvap\u00f6yt\u00e4, y\u00f6p\u00f6yt\u00e4 olohuoneeseen, makuuhuoneeseen, vintage-ruskea-klassinen musta LET325B01<br \/>\nV\u00e4ri: vintage-ruskea-klassinen musta<br \/>\nMateriaali: lastulevy, ter\u00e4s<br \/>\nKoko: 60 x 35 x 61 cm (S x L x K)<br \/>\nPaino: 13,8 kg<br \/>\nPinnan maks. staattinen kantavuus: 72,5 kg<br \/>\nLaatikkon maksimaalinen staattinen kantavuus: 2,3 kg<br \/>\nHyllyn keskikohdan maks. staattinen kantavuus: 11,3 kg<br \/>\nLehtitelineen maks. staattinen kantavuus: 2,3 kg<br \/>\nMaks. staattinen kokonaiskuormitus: 91 kg<\/p>\n","protected":false},"excerpt":{"rendered":"<p>VASAGLE sivup\u00f6yt\u00e4, y\u00f6p\u00f6yt\u00e4 pistorasialistalla, 2 laatikkoa, sohvap\u00f6yt\u00e4, y\u00f6p\u00f6yt\u00e4 olohuoneeseen, makuuhuoneeseen, vintage-ruskea-klassinen musta LET325B01<\/p>\n","protected":false},"featured_media":42291,"comment_status":"open","ping_status":"closed","template":"","meta":[],"product_brand":[],"product_cat":[32],"product_tag":[],"class_list":{"0":"post-33472","1":"product","2":"type-product","3":"status-publish","4":"has-post-thumbnail","6":"product_cat-uncategorized-fi","8":"first","9":"instock","10":"shipping-taxable","11":"purchasable","12":"product-type-simple"},"_links":{"self":[{"href":"https:\/\/nordicmart.andreevmaster.com\/fi\/wp-json\/wp\/v2\/product\/33472","targetHints":{"allow":["GET"]}}],"collection":[{"href":"https:\/\/nordicmart.andreevmaster.com\/fi\/wp-json\/wp\/v2\/product"}],"about":[{"href":"https:\/\/nordicmart.andreevmaster.com\/fi\/wp-json\/wp\/v2\/types\/product"}],"replies":[{"embeddable":true,"href":"https:\/\/nordicmart.andreevmaster.com\/fi\/wp-json\/wp\/v2\/comments?post=33472"}],"wp:featuredmedia":[{"embeddable":true,"href":"https:\/\/nordicmart.andreevmaster.com\/fi\/wp-json\/wp\/v2\/media\/42291"}],"wp:attachment":[{"href":"https:\/\/nordicmart.andreevmaster.com\/fi\/wp-json\/wp\/v2\/media?parent=33472"}],"wp:term":[{"taxonomy":"product_brand","embeddable":true,"href":"https:\/\/nordicmart.andreevmaster.com\/fi\/wp-json\/wp\/v2\/product_brand?post=33472"},{"taxonomy":"product_cat","embeddable":true,"href":"https:\/\/nordicmart.andreevmaster.com\/fi\/wp-json\/wp\/v2\/product_cat?post=33472"},{"taxonomy":"product_tag","embeddable":true,"href":"https:\/\/nordicmart.andreevmaster.com\/fi\/wp-json\/wp\/v2\/product_tag?post=33472"}],"curies":[{"name":"wp","href":"https:\/\/api.w.org\/{rel}","templated":true}]}}