{"id":33471,"date":"2026-02-27T00:21:29","date_gmt":"2026-02-27T00:21:29","guid":{"rendered":"https:\/\/nordicmart.andreevmaster.com\/product\/vasagle-teollisuustyylinen-sivupoyta-sailytystilalla\/"},"modified":"2026-02-27T09:42:15","modified_gmt":"2026-02-27T09:42:15","slug":"vasagle-teollisuustyylinen-sivupoyta-sailytystilalla","status":"publish","type":"product","link":"https:\/\/nordicmart.andreevmaster.com\/fi\/tuote\/vasagle-teollisuustyylinen-sivupoyta-sailytystilalla\/","title":{"rendered":"VASAGLE Teollisuustyylinen sivup\u00f6yt\u00e4 s\u00e4ilytystilalla"},"content":{"rendered":"<p>V\u00e4h\u00e4n vintagea t\u00e4\u00e4ll\u00e4, v\u00e4h\u00e4n teollista designia siell\u00e4 T\u00e4m\u00e4n sivup\u00f6yd\u00e4n tyyli<br \/>\nt\u00e4m\u00e4n sivup\u00f6yd\u00e4n tyyli voidaan kuvata yhdistelm\u00e4ksi ter\u00e4srungosta,<br \/>\n jossa on trendik\u00e4s teollinen ilme, ja tarkasti<br \/>\nvintage-tyylisest\u00e4 puumateriaalista valmistetusta p\u00f6yt\u00e4levyst\u00e4.<br \/>\nErityisen yksityiskohdan tuo k\u00e4yt\u00e4nn\u00f6llinen metalliverkko,<br \/>\njoka tarjoaa tyylikk\u00e4\u00e4n s\u00e4ilytystilan lehdille, kasveille tai muille<br \/>\nesineille. Tuloksena on j\u00e4nnitt\u00e4v\u00e4 kokonaisuus ja huonekalu, joka on sek\u00e4 kest\u00e4v\u00e4, n\u00e4ytt\u00e4v\u00e4 ett\u00e4 toimiva. Pieni p\u00f6yt\u00e4, suuri hy\u00f6ty<br \/>\n Jos haluat viett\u00e4\u00e4 harmaita sadep\u00e4ivi\u00e4 hyv\u00e4n kirjan ja<br \/>\n kuppi kuumaa kaakaota, t\u00e4m\u00e4<br \/>\nyksinkertainen sivup\u00f6yt\u00e4 on juuri oikea valinta. Aseta juomasi<br \/>\nja pieni\u00e4 v\u00e4lipaloja, jotta kaakao ja keksit eiv\u00e4t p\u00e4\u00e4se tasapainoilemaan vatsallasi<br \/>\n, kun ahmit suosikkij\u00e4nnityskirjaasi.  Kapea sohvap\u00f6yt\u00e4 sopii muuten erinomaisesti yhteen muiden VASAGLE-teollisen muotoilun sarjan huonekalujen kanssa! Tuotetiedot: &#8211; V\u00e4ri: vintage-ruskea-musta &#8211; Materiaali: lastulevy, ter\u00e4s &#8211; Koko: 60 x 30 x 60 cm (P x L x K) &#8211; Paino: 6 kg &#8211; Pinnan enimm\u00e4iskuormitus: 20 kg &#8211; kuormituskyky hyllytasolla: 10 kg Toimitus sis\u00e4lt\u00e4\u00e4: &#8211; 1 x sivup\u00f6yt\u00e4 &#8211; 1 x s\u00e4ilytyslaatikko tarvikkeilla &#8211; 1 x kuusiokoloavain  &#8211; 1 x ohjeet (DE, EN, FR, ES, IT) VASAGLE Huomautukset: &#8211; Sijoita t\u00e4m\u00e4 tuote viile\u00e4\u00e4n, kuivaan paikkaan.<\/p>\n","protected":false},"excerpt":{"rendered":"<p>VASAGLE sivup\u00f6yt\u00e4, y\u00f6p\u00f6yt\u00e4, sohvap\u00f6yt\u00e4 ritil\u00e4hyllyll\u00e4, kahvip\u00f6yt\u00e4, vakaa, helppo asentaa, tilaa s\u00e4\u00e4st\u00e4v\u00e4, olohuone, makuuhuone, teollinen muotoilu, vintage-ruskea-musta LET31BX<\/p>\n","protected":false},"featured_media":0,"comment_status":"open","ping_status":"closed","template":"","meta":[],"product_brand":[],"product_cat":[32],"product_tag":[],"class_list":{"0":"post-33471","1":"product","2":"type-product","3":"status-publish","5":"product_cat-uncategorized-fi","7":"first","8":"instock","9":"shipping-taxable","10":"purchasable","11":"product-type-simple"},"_links":{"self":[{"href":"https:\/\/nordicmart.andreevmaster.com\/fi\/wp-json\/wp\/v2\/product\/33471","targetHints":{"allow":["GET"]}}],"collection":[{"href":"https:\/\/nordicmart.andreevmaster.com\/fi\/wp-json\/wp\/v2\/product"}],"about":[{"href":"https:\/\/nordicmart.andreevmaster.com\/fi\/wp-json\/wp\/v2\/types\/product"}],"replies":[{"embeddable":true,"href":"https:\/\/nordicmart.andreevmaster.com\/fi\/wp-json\/wp\/v2\/comments?post=33471"}],"wp:attachment":[{"href":"https:\/\/nordicmart.andreevmaster.com\/fi\/wp-json\/wp\/v2\/media?parent=33471"}],"wp:term":[{"taxonomy":"product_brand","embeddable":true,"href":"https:\/\/nordicmart.andreevmaster.com\/fi\/wp-json\/wp\/v2\/product_brand?post=33471"},{"taxonomy":"product_cat","embeddable":true,"href":"https:\/\/nordicmart.andreevmaster.com\/fi\/wp-json\/wp\/v2\/product_cat?post=33471"},{"taxonomy":"product_tag","embeddable":true,"href":"https:\/\/nordicmart.andreevmaster.com\/fi\/wp-json\/wp\/v2\/product_tag?post=33471"}],"curies":[{"name":"wp","href":"https:\/\/api.w.org\/{rel}","templated":true}]}}