{"id":33469,"date":"2026-02-27T00:21:28","date_gmt":"2026-02-27T00:21:28","guid":{"rendered":"https:\/\/nordicmart.andreevmaster.com\/product\/vasagle-sivupoyta-pistorasioilla-ja-usb-liitannoilla-musta-puukuviolla\/"},"modified":"2026-02-27T09:42:15","modified_gmt":"2026-02-27T09:42:15","slug":"vasagle-sivupoyta-pistorasioilla-ja-usb-liitannoilla-musta-puukuviolla","status":"publish","type":"product","link":"https:\/\/nordicmart.andreevmaster.com\/fi\/tuote\/vasagle-sivupoyta-pistorasioilla-ja-usb-liitannoilla-musta-puukuviolla\/","title":{"rendered":"VASAGLE sivup\u00f6yt\u00e4 pistorasioilla ja USB-liit\u00e4nn\u00f6ill\u00e4, musta, puukuviolla"},"content":{"rendered":"<p>VASAGLE sivup\u00f6yt\u00e4, taitettava p\u00f6yt\u00e4, y\u00f6p\u00f6yt\u00e4, pistorasioilla, taitettava p\u00f6yt\u00e4levy, s\u00e4ilytystilalla ja kangaskassilla, olohuoneeseen, makuuhuoneeseen, vintage-ruskea-musta LET311B01<br \/>\nV\u00e4ri: musta, puukuviolla<br \/>\nMateriaali: lastulevy, ter\u00e4s, kangaskassi<br \/>\nKoko: 60 x 31,5 x 60 cm (S x L x K)<br \/>\nPistorasialistan koko: 5 x 13 cm (S x L)<br \/>\nPaino: 10,6 kg<br \/>\nPinnan maks. staattinen kantavuus: 10 kg<br \/>\nP\u00f6yt\u00e4levyn alla olevan lokeron maks. staattinen kantavuus: 10 kg<br \/>\nAlaosan hyllyn maks. staattinen kantavuus: 15 kg<\/p>\n","protected":false},"excerpt":{"rendered":"<p>VASAGLE sivup\u00f6yt\u00e4, taitettava p\u00f6yt\u00e4, y\u00f6p\u00f6yt\u00e4, pistorasioilla, taitettava p\u00f6yt\u00e4levy, s\u00e4ilytystilalla ja kangaskassilla, olohuoneeseen, makuuhuoneeseen, vintage-ruskea-musta LET311B01<\/p>\n","protected":false},"featured_media":42289,"comment_status":"open","ping_status":"closed","template":"","meta":[],"product_brand":[],"product_cat":[32],"product_tag":[],"class_list":{"0":"post-33469","1":"product","2":"type-product","3":"status-publish","4":"has-post-thumbnail","6":"product_cat-uncategorized-fi","8":"first","9":"instock","10":"shipping-taxable","11":"purchasable","12":"product-type-simple"},"_links":{"self":[{"href":"https:\/\/nordicmart.andreevmaster.com\/fi\/wp-json\/wp\/v2\/product\/33469","targetHints":{"allow":["GET"]}}],"collection":[{"href":"https:\/\/nordicmart.andreevmaster.com\/fi\/wp-json\/wp\/v2\/product"}],"about":[{"href":"https:\/\/nordicmart.andreevmaster.com\/fi\/wp-json\/wp\/v2\/types\/product"}],"replies":[{"embeddable":true,"href":"https:\/\/nordicmart.andreevmaster.com\/fi\/wp-json\/wp\/v2\/comments?post=33469"}],"wp:featuredmedia":[{"embeddable":true,"href":"https:\/\/nordicmart.andreevmaster.com\/fi\/wp-json\/wp\/v2\/media\/42289"}],"wp:attachment":[{"href":"https:\/\/nordicmart.andreevmaster.com\/fi\/wp-json\/wp\/v2\/media?parent=33469"}],"wp:term":[{"taxonomy":"product_brand","embeddable":true,"href":"https:\/\/nordicmart.andreevmaster.com\/fi\/wp-json\/wp\/v2\/product_brand?post=33469"},{"taxonomy":"product_cat","embeddable":true,"href":"https:\/\/nordicmart.andreevmaster.com\/fi\/wp-json\/wp\/v2\/product_cat?post=33469"},{"taxonomy":"product_tag","embeddable":true,"href":"https:\/\/nordicmart.andreevmaster.com\/fi\/wp-json\/wp\/v2\/product_tag?post=33469"}],"curies":[{"name":"wp","href":"https:\/\/api.w.org\/{rel}","templated":true}]}}