{"id":33468,"date":"2026-02-27T00:21:28","date_gmt":"2026-02-27T00:21:28","guid":{"rendered":"https:\/\/nordicmart.andreevmaster.com\/product\/vasagle-sivupoyta-pistorasioilla\/"},"modified":"2026-02-27T09:42:15","modified_gmt":"2026-02-27T09:42:15","slug":"vasagle-sivupoyta-pistorasioilla","status":"publish","type":"product","link":"https:\/\/nordicmart.andreevmaster.com\/fi\/tuote\/vasagle-sivupoyta-pistorasioilla\/","title":{"rendered":"VASAGLE sivup\u00f6yt\u00e4 pistorasioilla"},"content":{"rendered":"<p>Tuotetiedot: &#8211; V\u00e4ri: vintage-ruskea-musta &#8211; Materiaali: lastulevy, ter\u00e4srunko, kangaskassi &#8211; P\u00f6yd\u00e4n koko: 60 x 31,5 x 60 cm (P x L x K) &#8211; Pistorasiakotelon koko: 13 x 5 cm (P x L) &#8211; Kangaskassin koko: 25,5 x 24 cm (P x L) &#8211; Kaapelin pituus: 150 cm &#8211; Paino: 10,6 kg &#8211; P\u00f6yd\u00e4n pinnan maks. staattinen kantavuus: 10 kg &#8211; Lokeron maks. staattinen kantavuus: 10 kg &#8211; Alahyllyn maks. staattinen kantavuus: 15 kgToimitus sis\u00e4lt\u00e4\u00e4:- 1 x y\u00f6p\u00f6yt\u00e4- 1 x lis\u00e4varustepaketti- 1 x ohjeet<\/p>\n","protected":false},"excerpt":{"rendered":"<p>VASAGLE sivup\u00f6yt\u00e4, taitettava p\u00f6yt\u00e4, y\u00f6p\u00f6yt\u00e4, pistorasioilla, taitettava p\u00f6yt\u00e4levy, s\u00e4ilytystilalla ja kangaskassilla, olohuoneeseen, makuuhuoneeseen, vintage-ruskea-musta LET311B01<\/p>\n","protected":false},"featured_media":42288,"comment_status":"open","ping_status":"closed","template":"","meta":[],"product_brand":[],"product_cat":[32],"product_tag":[],"class_list":{"0":"post-33468","1":"product","2":"type-product","3":"status-publish","4":"has-post-thumbnail","6":"product_cat-uncategorized-fi","8":"first","9":"instock","10":"shipping-taxable","11":"purchasable","12":"product-type-simple"},"_links":{"self":[{"href":"https:\/\/nordicmart.andreevmaster.com\/fi\/wp-json\/wp\/v2\/product\/33468","targetHints":{"allow":["GET"]}}],"collection":[{"href":"https:\/\/nordicmart.andreevmaster.com\/fi\/wp-json\/wp\/v2\/product"}],"about":[{"href":"https:\/\/nordicmart.andreevmaster.com\/fi\/wp-json\/wp\/v2\/types\/product"}],"replies":[{"embeddable":true,"href":"https:\/\/nordicmart.andreevmaster.com\/fi\/wp-json\/wp\/v2\/comments?post=33468"}],"wp:featuredmedia":[{"embeddable":true,"href":"https:\/\/nordicmart.andreevmaster.com\/fi\/wp-json\/wp\/v2\/media\/42288"}],"wp:attachment":[{"href":"https:\/\/nordicmart.andreevmaster.com\/fi\/wp-json\/wp\/v2\/media?parent=33468"}],"wp:term":[{"taxonomy":"product_brand","embeddable":true,"href":"https:\/\/nordicmart.andreevmaster.com\/fi\/wp-json\/wp\/v2\/product_brand?post=33468"},{"taxonomy":"product_cat","embeddable":true,"href":"https:\/\/nordicmart.andreevmaster.com\/fi\/wp-json\/wp\/v2\/product_cat?post=33468"},{"taxonomy":"product_tag","embeddable":true,"href":"https:\/\/nordicmart.andreevmaster.com\/fi\/wp-json\/wp\/v2\/product_tag?post=33468"}],"curies":[{"name":"wp","href":"https:\/\/api.w.org\/{rel}","templated":true}]}}