{"id":33462,"date":"2026-02-27T00:21:26","date_gmt":"2026-02-27T00:21:26","guid":{"rendered":"https:\/\/nordicmart.andreevmaster.com\/product\/vasagle-sivupoyta-2-tasoa-ja-lasilevy-liuskekivi\/"},"modified":"2026-02-27T09:42:14","modified_gmt":"2026-02-27T09:42:14","slug":"vasagle-sivupoyta-2-tasoa-ja-lasilevy-liuskekivi","status":"publish","type":"product","link":"https:\/\/nordicmart.andreevmaster.com\/fi\/tuote\/vasagle-sivupoyta-2-tasoa-ja-lasilevy-liuskekivi\/","title":{"rendered":"VASAGLE sivup\u00f6yt\u00e4, 2 tasoa ja lasilevy, liuskekivi"},"content":{"rendered":"<p>VASAGLE sivup\u00f6yt\u00e4, py\u00f6re\u00e4, 2-tasoinen y\u00f6p\u00f6yt\u00e4, lasilevyll\u00e4 ja lastulevyll\u00e4 varustettu sohvap\u00f6yt\u00e4, olohuoneeseen, makuuhuoneeseen, pieniin tiloihin, moderni, marmorivalkoinen LET287W59<br \/>\nV\u00e4ri: liuskekivi<br \/>\nMateriaali: lastulevy, ter\u00e4s, karkaistu lasi<br \/>\nKoko: 30 cm (halkaisija), 55 cm (korkeus)<br \/>\nPaino: 3,9 kg<br \/>\nMaks. staattinen kokonaiskuormitus: 25 kg<\/p>\n","protected":false},"excerpt":{"rendered":"<p>VASAGLE sivup\u00f6yt\u00e4, py\u00f6re\u00e4, 2-tasoinen y\u00f6p\u00f6yt\u00e4, lasilevyll\u00e4 ja lastulevyll\u00e4 varustettu sohvap\u00f6yt\u00e4, olohuoneeseen, makuuhuoneeseen, pieniin tiloihin, moderni, marmorivalkoinen LET287W59<\/p>\n","protected":false},"featured_media":42282,"comment_status":"open","ping_status":"closed","template":"","meta":[],"product_brand":[],"product_cat":[32],"product_tag":[],"class_list":{"0":"post-33462","1":"product","2":"type-product","3":"status-publish","4":"has-post-thumbnail","6":"product_cat-uncategorized-fi","8":"first","9":"instock","10":"shipping-taxable","11":"purchasable","12":"product-type-simple"},"_links":{"self":[{"href":"https:\/\/nordicmart.andreevmaster.com\/fi\/wp-json\/wp\/v2\/product\/33462","targetHints":{"allow":["GET"]}}],"collection":[{"href":"https:\/\/nordicmart.andreevmaster.com\/fi\/wp-json\/wp\/v2\/product"}],"about":[{"href":"https:\/\/nordicmart.andreevmaster.com\/fi\/wp-json\/wp\/v2\/types\/product"}],"replies":[{"embeddable":true,"href":"https:\/\/nordicmart.andreevmaster.com\/fi\/wp-json\/wp\/v2\/comments?post=33462"}],"wp:featuredmedia":[{"embeddable":true,"href":"https:\/\/nordicmart.andreevmaster.com\/fi\/wp-json\/wp\/v2\/media\/42282"}],"wp:attachment":[{"href":"https:\/\/nordicmart.andreevmaster.com\/fi\/wp-json\/wp\/v2\/media?parent=33462"}],"wp:term":[{"taxonomy":"product_brand","embeddable":true,"href":"https:\/\/nordicmart.andreevmaster.com\/fi\/wp-json\/wp\/v2\/product_brand?post=33462"},{"taxonomy":"product_cat","embeddable":true,"href":"https:\/\/nordicmart.andreevmaster.com\/fi\/wp-json\/wp\/v2\/product_cat?post=33462"},{"taxonomy":"product_tag","embeddable":true,"href":"https:\/\/nordicmart.andreevmaster.com\/fi\/wp-json\/wp\/v2\/product_tag?post=33462"}],"curies":[{"name":"wp","href":"https:\/\/api.w.org\/{rel}","templated":true}]}}