{"id":33459,"date":"2026-02-27T00:21:26","date_gmt":"2026-02-27T00:21:26","guid":{"rendered":"https:\/\/nordicmart.andreevmaster.com\/product\/sivupoyta-yopoyta-paatypoyta-3-sailytyshyllylla-kangaskori-makuuhuoneeseen-olohuoneeseen-terasrunko-30-x-34-x-58-cm-teollinen-eebenpuu-pahkinapuu-2\/"},"modified":"2026-02-27T09:42:13","modified_gmt":"2026-02-27T09:42:13","slug":"sivupoyta-yopoyta-paatypoyta-3-sailytyshyllylla-kangaskori-makuuhuoneeseen-olohuoneeseen-terasrunko-30-x-34-x-58-cm-teollinen-eebenpuu-pahkinapuu-2","status":"publish","type":"product","link":"https:\/\/nordicmart.andreevmaster.com\/fi\/tuote\/sivupoyta-yopoyta-paatypoyta-3-sailytyshyllylla-kangaskori-makuuhuoneeseen-olohuoneeseen-terasrunko-30-x-34-x-58-cm-teollinen-eebenpuu-pahkinapuu-2\/","title":{"rendered":"Sivup\u00f6yt\u00e4, y\u00f6p\u00f6yt\u00e4, p\u00e4\u00e4typ\u00f6yt\u00e4 3 s\u00e4ilytyshyllyll\u00e4, kangaskori, makuuhuoneeseen, olohuoneeseen, ter\u00e4srunko, 30 x 34 x 58 cm, teollinen, eebenpuu p\u00e4hkin\u00e4puu"},"content":{"rendered":"","protected":false},"excerpt":{"rendered":"","protected":false},"featured_media":0,"comment_status":"open","ping_status":"closed","template":"","meta":[],"product_brand":[],"product_cat":[32],"product_tag":[],"class_list":{"0":"post-33459","1":"product","2":"type-product","3":"status-publish","5":"product_cat-uncategorized-fi","7":"first","8":"instock","9":"shipping-taxable","10":"product-type-simple"},"_links":{"self":[{"href":"https:\/\/nordicmart.andreevmaster.com\/fi\/wp-json\/wp\/v2\/product\/33459","targetHints":{"allow":["GET"]}}],"collection":[{"href":"https:\/\/nordicmart.andreevmaster.com\/fi\/wp-json\/wp\/v2\/product"}],"about":[{"href":"https:\/\/nordicmart.andreevmaster.com\/fi\/wp-json\/wp\/v2\/types\/product"}],"replies":[{"embeddable":true,"href":"https:\/\/nordicmart.andreevmaster.com\/fi\/wp-json\/wp\/v2\/comments?post=33459"}],"wp:attachment":[{"href":"https:\/\/nordicmart.andreevmaster.com\/fi\/wp-json\/wp\/v2\/media?parent=33459"}],"wp:term":[{"taxonomy":"product_brand","embeddable":true,"href":"https:\/\/nordicmart.andreevmaster.com\/fi\/wp-json\/wp\/v2\/product_brand?post=33459"},{"taxonomy":"product_cat","embeddable":true,"href":"https:\/\/nordicmart.andreevmaster.com\/fi\/wp-json\/wp\/v2\/product_cat?post=33459"},{"taxonomy":"product_tag","embeddable":true,"href":"https:\/\/nordicmart.andreevmaster.com\/fi\/wp-json\/wp\/v2\/product_tag?post=33459"}],"curies":[{"name":"wp","href":"https:\/\/api.w.org\/{rel}","templated":true}]}}