{"id":33457,"date":"2026-02-27T00:21:25","date_gmt":"2026-02-27T00:21:25","guid":{"rendered":"https:\/\/nordicmart.andreevmaster.com\/product\/vasagle-sivupoyta-2-tasoa-valkoinen-marmorikuvio-musta-runko\/"},"modified":"2026-02-27T09:42:13","modified_gmt":"2026-02-27T09:42:13","slug":"vasagle-sivupoyta-2-tasoa-valkoinen-marmorikuvio-musta-runko","status":"publish","type":"product","link":"https:\/\/nordicmart.andreevmaster.com\/fi\/tuote\/vasagle-sivupoyta-2-tasoa-valkoinen-marmorikuvio-musta-runko\/","title":{"rendered":"VASAGLE sivup\u00f6yt\u00e4 2 tasoa, valkoinen marmorikuvio, musta runko"},"content":{"rendered":"<p>VASAGLE sivup\u00f6yt\u00e4, y\u00f6p\u00f6yt\u00e4, 2 tasoa, puulevy, karkaistu lasi, olohuoneeseen, ty\u00f6huoneeseen, pieniin tiloihin, moderni, valkoinen marmorikuvio, musta runko LET285B13<br \/>\nV\u00e4ri: valkoinen marmorikuvio, musta runko<br \/>\nMateriaali: ter\u00e4s, lastulevy, karkaistu lasi<br \/>\nKoko: 45 x 55 cm (\u00d8 x H)<br \/>\nPaino: 5,6 kg<br \/>\nMaks. staattinen kantavuus per hylly: 10 kg<\/p>\n","protected":false},"excerpt":{"rendered":"<p>VASAGLE sivup\u00f6yt\u00e4, y\u00f6p\u00f6yt\u00e4, 2 tasoa, puulevy, karkaistu lasi, olohuoneeseen, ty\u00f6huoneeseen, pieniin tiloihin, moderni, valkoinen marmorikuvio, musta runko LET285B13<\/p>\n","protected":false},"featured_media":0,"comment_status":"open","ping_status":"closed","template":"","meta":[],"product_brand":[],"product_cat":[32],"product_tag":[],"class_list":{"0":"post-33457","1":"product","2":"type-product","3":"status-publish","5":"product_cat-uncategorized-fi","7":"first","8":"instock","9":"shipping-taxable","10":"purchasable","11":"product-type-simple"},"_links":{"self":[{"href":"https:\/\/nordicmart.andreevmaster.com\/fi\/wp-json\/wp\/v2\/product\/33457","targetHints":{"allow":["GET"]}}],"collection":[{"href":"https:\/\/nordicmart.andreevmaster.com\/fi\/wp-json\/wp\/v2\/product"}],"about":[{"href":"https:\/\/nordicmart.andreevmaster.com\/fi\/wp-json\/wp\/v2\/types\/product"}],"replies":[{"embeddable":true,"href":"https:\/\/nordicmart.andreevmaster.com\/fi\/wp-json\/wp\/v2\/comments?post=33457"}],"wp:attachment":[{"href":"https:\/\/nordicmart.andreevmaster.com\/fi\/wp-json\/wp\/v2\/media?parent=33457"}],"wp:term":[{"taxonomy":"product_brand","embeddable":true,"href":"https:\/\/nordicmart.andreevmaster.com\/fi\/wp-json\/wp\/v2\/product_brand?post=33457"},{"taxonomy":"product_cat","embeddable":true,"href":"https:\/\/nordicmart.andreevmaster.com\/fi\/wp-json\/wp\/v2\/product_cat?post=33457"},{"taxonomy":"product_tag","embeddable":true,"href":"https:\/\/nordicmart.andreevmaster.com\/fi\/wp-json\/wp\/v2\/product_tag?post=33457"}],"curies":[{"name":"wp","href":"https:\/\/api.w.org\/{rel}","templated":true}]}}