{"id":33456,"date":"2026-02-27T00:21:25","date_gmt":"2026-02-27T00:21:25","guid":{"rendered":"https:\/\/nordicmart.andreevmaster.com\/product\/vasagle-pyorea-sivupoyta-jossa-alaosassa-hylly-savuharmaa\/"},"modified":"2026-02-27T09:42:13","modified_gmt":"2026-02-27T09:42:13","slug":"vasagle-pyorea-sivupoyta-jossa-alaosassa-hylly-savuharmaa","status":"publish","type":"product","link":"https:\/\/nordicmart.andreevmaster.com\/fi\/tuote\/vasagle-pyorea-sivupoyta-jossa-alaosassa-hylly-savuharmaa\/","title":{"rendered":"VASAGLE Py\u00f6re\u00e4 sivup\u00f6yt\u00e4, jossa alaosassa hylly, savuharmaa"},"content":{"rendered":"<p>VASAGLE sivup\u00f6yt\u00e4, sohvap\u00f6yt\u00e4, pieni py\u00f6re\u00e4 p\u00f6yt\u00e4 olohuoneeseen, 40 x 50 cm, lastulevy, y\u00f6p\u00f6yt\u00e4 pieniin tiloihin, alaosassa s\u00e4ilytystila, moderni tyyli, valkoinen LET283T14<br \/>\nV\u00e4ri: savuharmaa<br \/>\nMateriaali: lastulevy<br \/>\nKoko: 40 x 50 cm (\u00d8 x H)<br \/>\nPaino: 4,1 kg<br \/>\nMaks. staattinen kokonaiskuormitus: 90 kg<\/p>\n","protected":false},"excerpt":{"rendered":"<p>VASAGLE sivup\u00f6yt\u00e4, sohvap\u00f6yt\u00e4, pieni py\u00f6re\u00e4 p\u00f6yt\u00e4 olohuoneeseen, 40 x 50 cm, lastulevy, y\u00f6p\u00f6yt\u00e4 pieniin tiloihin, alaosassa s\u00e4ilytystila, moderni tyyli, valkoinen LET283T14<\/p>\n","protected":false},"featured_media":46627,"comment_status":"open","ping_status":"closed","template":"","meta":[],"product_brand":[],"product_cat":[32],"product_tag":[],"class_list":{"0":"post-33456","1":"product","2":"type-product","3":"status-publish","4":"has-post-thumbnail","6":"product_cat-uncategorized-fi","8":"first","9":"instock","10":"shipping-taxable","11":"purchasable","12":"product-type-simple"},"_links":{"self":[{"href":"https:\/\/nordicmart.andreevmaster.com\/fi\/wp-json\/wp\/v2\/product\/33456","targetHints":{"allow":["GET"]}}],"collection":[{"href":"https:\/\/nordicmart.andreevmaster.com\/fi\/wp-json\/wp\/v2\/product"}],"about":[{"href":"https:\/\/nordicmart.andreevmaster.com\/fi\/wp-json\/wp\/v2\/types\/product"}],"replies":[{"embeddable":true,"href":"https:\/\/nordicmart.andreevmaster.com\/fi\/wp-json\/wp\/v2\/comments?post=33456"}],"wp:featuredmedia":[{"embeddable":true,"href":"https:\/\/nordicmart.andreevmaster.com\/fi\/wp-json\/wp\/v2\/media\/46627"}],"wp:attachment":[{"href":"https:\/\/nordicmart.andreevmaster.com\/fi\/wp-json\/wp\/v2\/media?parent=33456"}],"wp:term":[{"taxonomy":"product_brand","embeddable":true,"href":"https:\/\/nordicmart.andreevmaster.com\/fi\/wp-json\/wp\/v2\/product_brand?post=33456"},{"taxonomy":"product_cat","embeddable":true,"href":"https:\/\/nordicmart.andreevmaster.com\/fi\/wp-json\/wp\/v2\/product_cat?post=33456"},{"taxonomy":"product_tag","embeddable":true,"href":"https:\/\/nordicmart.andreevmaster.com\/fi\/wp-json\/wp\/v2\/product_tag?post=33456"}],"curies":[{"name":"wp","href":"https:\/\/api.w.org\/{rel}","templated":true}]}}