{"id":33452,"date":"2026-02-27T00:21:24","date_gmt":"2026-02-27T00:21:24","guid":{"rendered":"https:\/\/nordicmart.andreevmaster.com\/product\/vasagle-sivupoyta-metallirungolla\/"},"modified":"2026-02-27T09:42:12","modified_gmt":"2026-02-27T09:42:12","slug":"vasagle-sivupoyta-metallirungolla","status":"publish","type":"product","link":"https:\/\/nordicmart.andreevmaster.com\/fi\/tuote\/vasagle-sivupoyta-metallirungolla\/","title":{"rendered":"VASAGLE sivup\u00f6yt\u00e4 metallirungolla"},"content":{"rendered":"<p>Tuotetiedot: &#8211; V\u00e4ri: valkoinen-kulta &#8211; Materiaali: lastulevy, metalli &#8211; Koko: 50 x 55 cm (\u00d8 x H) &#8211; Paino: 3,5 kg &#8211; Maks. staattinen kantavuus: 30 kg Toimitus sis\u00e4lt\u00e4\u00e4: &#8211; 1 x sivup\u00f6yt\u00e4 &#8211; 1 x lis\u00e4varustepaketti &#8211; 1 x ohjeet VASAGLE Huomautukset:- Turvallisuussyist\u00e4 lapset eiv\u00e4t saa kiivet\u00e4 tuotteen p\u00e4\u00e4lle tai leikki\u00e4 sill\u00e4.<\/p>\n","protected":false},"excerpt":{"rendered":"<p>VASAGLE sivup\u00f6yt\u00e4, sohvap\u00f6yt\u00e4, y\u00f6p\u00f6yt\u00e4, py\u00f6re\u00e4, puupaneelipinta ja kullattu metallirunko, helppo asentaa, makuuhuoneeseen, olohuoneeseen, moderni, valkoinen-kultainen LET282A10<\/p>\n","protected":false},"featured_media":42277,"comment_status":"open","ping_status":"closed","template":"","meta":[],"product_brand":[],"product_cat":[32],"product_tag":[],"class_list":{"0":"post-33452","1":"product","2":"type-product","3":"status-publish","4":"has-post-thumbnail","6":"product_cat-uncategorized-fi","8":"first","9":"instock","10":"shipping-taxable","11":"purchasable","12":"product-type-simple"},"_links":{"self":[{"href":"https:\/\/nordicmart.andreevmaster.com\/fi\/wp-json\/wp\/v2\/product\/33452","targetHints":{"allow":["GET"]}}],"collection":[{"href":"https:\/\/nordicmart.andreevmaster.com\/fi\/wp-json\/wp\/v2\/product"}],"about":[{"href":"https:\/\/nordicmart.andreevmaster.com\/fi\/wp-json\/wp\/v2\/types\/product"}],"replies":[{"embeddable":true,"href":"https:\/\/nordicmart.andreevmaster.com\/fi\/wp-json\/wp\/v2\/comments?post=33452"}],"wp:featuredmedia":[{"embeddable":true,"href":"https:\/\/nordicmart.andreevmaster.com\/fi\/wp-json\/wp\/v2\/media\/42277"}],"wp:attachment":[{"href":"https:\/\/nordicmart.andreevmaster.com\/fi\/wp-json\/wp\/v2\/media?parent=33452"}],"wp:term":[{"taxonomy":"product_brand","embeddable":true,"href":"https:\/\/nordicmart.andreevmaster.com\/fi\/wp-json\/wp\/v2\/product_brand?post=33452"},{"taxonomy":"product_cat","embeddable":true,"href":"https:\/\/nordicmart.andreevmaster.com\/fi\/wp-json\/wp\/v2\/product_cat?post=33452"},{"taxonomy":"product_tag","embeddable":true,"href":"https:\/\/nordicmart.andreevmaster.com\/fi\/wp-json\/wp\/v2\/product_tag?post=33452"}],"curies":[{"name":"wp","href":"https:\/\/api.w.org\/{rel}","templated":true}]}}