{"id":33447,"date":"2026-02-27T00:21:22","date_gmt":"2026-02-27T00:21:22","guid":{"rendered":"https:\/\/nordicmart.andreevmaster.com\/product\/vasagle-levysoittimen-teline-3-hyllya-mahtuu-jopa-100-albumia-valkoinen\/"},"modified":"2026-02-27T09:42:11","modified_gmt":"2026-02-27T09:42:11","slug":"vasagle-levysoittimen-teline-3-hyllya-mahtuu-jopa-100-albumia-valkoinen","status":"publish","type":"product","link":"https:\/\/nordicmart.andreevmaster.com\/fi\/tuote\/vasagle-levysoittimen-teline-3-hyllya-mahtuu-jopa-100-albumia-valkoinen\/","title":{"rendered":"VASAGLE Levysoittimen teline, 3 hylly\u00e4, mahtuu jopa 100 albumia, valkoinen"},"content":{"rendered":"<p>VASAGLE levysoittimen teline, 3 hylly\u00e4, sivup\u00f6yt\u00e4, levyjen s\u00e4ilytys, jopa 100 albumia, p\u00f6yt\u00e4 olohuoneeseen, makuuhuoneeseen, vintagevalkoinen LET275W01<br \/>\nV\u00e4ri: vintagevalkoinen<br \/>\nKoko: 30 x 43 x 69 cm (S x L x K)<br \/>\nMateriaali: lastulevy, ter\u00e4s<br \/>\nPaino: 6,1 kg<br \/>\nYl\u00e4osan maks. staattinen kantavuus: 20 kg<br \/>\nKeskimm\u00e4isen hyllyn maks. staattinen kantavuus: 10 kg<br \/>\nAlemman hyllyn maks. staattinen kantavuus: 20 kg<\/p>\n","protected":false},"excerpt":{"rendered":"<p>VASAGLE levysoittimen teline, 3 hylly\u00e4, sivup\u00f6yt\u00e4, levyjen s\u00e4ilytys, jopa 100 albumia, p\u00f6yt\u00e4 olohuoneeseen, makuuhuoneeseen, vintagevalkoinen LET275W01<\/p>\n","protected":false},"featured_media":42272,"comment_status":"open","ping_status":"closed","template":"","meta":[],"product_brand":[],"product_cat":[32],"product_tag":[],"class_list":{"0":"post-33447","1":"product","2":"type-product","3":"status-publish","4":"has-post-thumbnail","6":"product_cat-uncategorized-fi","8":"first","9":"instock","10":"shipping-taxable","11":"purchasable","12":"product-type-simple"},"_links":{"self":[{"href":"https:\/\/nordicmart.andreevmaster.com\/fi\/wp-json\/wp\/v2\/product\/33447","targetHints":{"allow":["GET"]}}],"collection":[{"href":"https:\/\/nordicmart.andreevmaster.com\/fi\/wp-json\/wp\/v2\/product"}],"about":[{"href":"https:\/\/nordicmart.andreevmaster.com\/fi\/wp-json\/wp\/v2\/types\/product"}],"replies":[{"embeddable":true,"href":"https:\/\/nordicmart.andreevmaster.com\/fi\/wp-json\/wp\/v2\/comments?post=33447"}],"wp:featuredmedia":[{"embeddable":true,"href":"https:\/\/nordicmart.andreevmaster.com\/fi\/wp-json\/wp\/v2\/media\/42272"}],"wp:attachment":[{"href":"https:\/\/nordicmart.andreevmaster.com\/fi\/wp-json\/wp\/v2\/media?parent=33447"}],"wp:term":[{"taxonomy":"product_brand","embeddable":true,"href":"https:\/\/nordicmart.andreevmaster.com\/fi\/wp-json\/wp\/v2\/product_brand?post=33447"},{"taxonomy":"product_cat","embeddable":true,"href":"https:\/\/nordicmart.andreevmaster.com\/fi\/wp-json\/wp\/v2\/product_cat?post=33447"},{"taxonomy":"product_tag","embeddable":true,"href":"https:\/\/nordicmart.andreevmaster.com\/fi\/wp-json\/wp\/v2\/product_tag?post=33447"}],"curies":[{"name":"wp","href":"https:\/\/api.w.org\/{rel}","templated":true}]}}