{"id":33442,"date":"2026-02-27T00:21:21","date_gmt":"2026-02-27T00:21:21","guid":{"rendered":"https:\/\/nordicmart.andreevmaster.com\/product\/vasagle-teollinen-design-sivupoyta-hexagon\/"},"modified":"2026-02-27T09:42:10","modified_gmt":"2026-02-27T09:42:10","slug":"vasagle-teollinen-design-sivupoyta-hexagon","status":"publish","type":"product","link":"https:\/\/nordicmart.andreevmaster.com\/fi\/tuote\/vasagle-teollinen-design-sivupoyta-hexagon\/","title":{"rendered":"VASAGLE teollinen design-sivup\u00f6yt\u00e4 Hexagon"},"content":{"rendered":"<p>VASAGLE \u2013 se on mielikuvituksellinen yhdistelm\u00e4 toiminnallisuutta, kest\u00e4vyytt\u00e4 ja tyylikk\u00e4it\u00e4 vintage-malleja. Jos haluat antaa huoneillesi yksil\u00f6llisen ilmeen ja antiikkisen s\u00e4vyn, t\u00e4ll\u00e4 huonekalusarjalla voit saavuttaa vaikuttavia tuloksia. Pieni p\u00f6yt\u00e4, suuri vaikutus T\u00e4m\u00e4n sivup\u00f6yd\u00e4n tyylik\u00e4s vintage-design ja kompaktit mitat 55 x 55 x 55 cm (L x K x S) varmistavat, ett\u00e4 huonekalu sopii hyvin mihin tahansa. K\u00e4yt\u00e4 puun n\u00e4k\u00f6ist\u00e4 p\u00f6yt\u00e4tasoa ja rautaisaa ritil\u00e4hylly\u00e4 esimerkiksi s\u00e4ngyn vieress\u00e4 silm\u00e4lasien s\u00e4ilytt\u00e4miseen, y\u00f6p\u00f6yd\u00e4n lampun asettamiseen tai nen\u00e4liinapakkauksen s\u00e4ilytt\u00e4miseen. Tai ehk\u00e4 pid\u00e4t siit\u00e4, ett\u00e4 voit asettaa v\u00e4lipaloja ja juomia sohvap\u00f6yd\u00e4lle sohvan viereen ja rentoutua perheen kanssa television \u00e4\u00e4ress\u00e4?  Riippumatta siit\u00e4, mit\u00e4 suunnitelmia sinulla on, VASAGLE:n vintage-huonekalujen avulla voit toteuttaa sisustussuunnitelmasi helposti! Tuotetiedot: &#8211; V\u00e4ri: vintage &#8211; Materiaali: rautakehys, puulevy (paksuus: 15 mm) &#8211; Mitat: 55 x 55 x 55 cm (L x K x S) &#8211; Paino: 9,4 kg &#8211; P\u00f6yt\u00e4levyn enimm\u00e4iskuormitus: 30 kg &#8211; Hyllyn enimm\u00e4iskuormitus: 10 kg Toimitus sis\u00e4lt\u00e4\u00e4: &#8211; 1 x sivup\u00f6yt\u00e4 &#8211; 1 x lis\u00e4varustepussi &#8211; 1 x ohjeet P\u00f6yt\u00e4levyn enimm\u00e4iskuormitus: 30 kg &#8211; Hyllylevyn enimm\u00e4iskuormitus: 10 kg Toimitus sis\u00e4lt\u00e4\u00e4: &#8211; 1 x sivup\u00f6yt\u00e4 &#8211; 1 x lis\u00e4varustepussi &#8211; 1 x ohjeet (DE, EN, FR, ES, IT) VASAGLE Huomautukset: &#8211; Tuote on tarkoitettu vain sis\u00e4k\u00e4ytt\u00f6\u00f6n. Aseta se kuivaan ymp\u00e4rist\u00f6\u00f6n. &#8211; P\u00f6yt\u00e4levyn enimm\u00e4iskuormitus on 30 kg, ritil\u00e4hyllyn 10 kg. \u00c4l\u00e4 aseta sit\u00e4 raskaampia esineit\u00e4 p\u00f6yd\u00e4lle.<\/p>\n","protected":false},"excerpt":{"rendered":"<p>VASAGLE teollisen muotoilun sivup\u00f6yt\u00e4, sohvap\u00f6yt\u00e4, jossa on paljon s\u00e4ilytystilaa, olohuoneeseen ja toimistoon, vakaa, metallirunko ja ritil\u00e4hylly, kuusikulmainen, vintage LET26X<\/p>\n","protected":false},"featured_media":42267,"comment_status":"open","ping_status":"closed","template":"","meta":[],"product_brand":[],"product_cat":[32],"product_tag":[],"class_list":{"0":"post-33442","1":"product","2":"type-product","3":"status-publish","4":"has-post-thumbnail","6":"product_cat-uncategorized-fi","8":"first","9":"instock","10":"shipping-taxable","11":"purchasable","12":"product-type-simple"},"_links":{"self":[{"href":"https:\/\/nordicmart.andreevmaster.com\/fi\/wp-json\/wp\/v2\/product\/33442","targetHints":{"allow":["GET"]}}],"collection":[{"href":"https:\/\/nordicmart.andreevmaster.com\/fi\/wp-json\/wp\/v2\/product"}],"about":[{"href":"https:\/\/nordicmart.andreevmaster.com\/fi\/wp-json\/wp\/v2\/types\/product"}],"replies":[{"embeddable":true,"href":"https:\/\/nordicmart.andreevmaster.com\/fi\/wp-json\/wp\/v2\/comments?post=33442"}],"wp:featuredmedia":[{"embeddable":true,"href":"https:\/\/nordicmart.andreevmaster.com\/fi\/wp-json\/wp\/v2\/media\/42267"}],"wp:attachment":[{"href":"https:\/\/nordicmart.andreevmaster.com\/fi\/wp-json\/wp\/v2\/media?parent=33442"}],"wp:term":[{"taxonomy":"product_brand","embeddable":true,"href":"https:\/\/nordicmart.andreevmaster.com\/fi\/wp-json\/wp\/v2\/product_brand?post=33442"},{"taxonomy":"product_cat","embeddable":true,"href":"https:\/\/nordicmart.andreevmaster.com\/fi\/wp-json\/wp\/v2\/product_cat?post=33442"},{"taxonomy":"product_tag","embeddable":true,"href":"https:\/\/nordicmart.andreevmaster.com\/fi\/wp-json\/wp\/v2\/product_tag?post=33442"}],"curies":[{"name":"wp","href":"https:\/\/api.w.org\/{rel}","templated":true}]}}