{"id":33441,"date":"2026-02-27T00:21:21","date_gmt":"2026-02-27T00:21:21","guid":{"rendered":"https:\/\/nordicmart.andreevmaster.com\/product\/vasagle-teollisuustyylinen-yopoytasetti\/"},"modified":"2026-02-27T09:42:10","modified_gmt":"2026-02-27T09:42:10","slug":"vasagle-teollisuustyylinen-yopoytasetti","status":"publish","type":"product","link":"https:\/\/nordicmart.andreevmaster.com\/fi\/tuote\/vasagle-teollisuustyylinen-yopoytasetti\/","title":{"rendered":"VASAGLE Teollisuustyylinen y\u00f6p\u00f6yt\u00e4setti"},"content":{"rendered":"<p>Tuotetiedot: &#8211; V\u00e4ri: vintage-ruskea-musta &#8211; Materiaali: melamiiniviilutettu lastulevy, ter\u00e4s &#8211; Koko: 40 x 50 x 40 cm (L x K x S) &#8211; Paino: 8 kg &#8211; Lastulevyn enimm\u00e4iskuormitus: 20 kg &#8211; Hyllyjen enimm\u00e4iskuormitus: 5 kg Toimitus sis\u00e4lt\u00e4\u00e4: &#8211; 2 x sivup\u00f6yt\u00e4 &#8211; 1 x kuusiokoloavain &#8211; 1 x lis\u00e4varustepussi &#8211; 1 x ohjeet (DE, EN, ES, FR, IT) VASAGLE Huomautukset: &#8211; Aseta sarja siten, ett\u00e4 se ei ole alttiina suoralle auringonvalolle tai kosteudelle. &#8211; P\u00f6yd\u00e4n pinnan enimm\u00e4iskuormitus on 20 kg. \u00c4l\u00e4 aseta p\u00f6yd\u00e4lle painavampia esineit\u00e4.<\/p>\n","protected":false},"excerpt":{"rendered":"<p>VASAGLE y\u00f6p\u00f6yd\u00e4t, sivup\u00f6yt\u00e4setti, 2 kpl sohvap\u00f6yti\u00e4, pienet sohvap\u00f6yd\u00e4t s\u00e4\u00e4dett\u00e4vill\u00e4 ritil\u00e4hyllyill\u00e4, olohuone, makuuhuone, eteinen, tukeva, teollinen muotoilu, vintage-ruskea-musta LET24X<\/p>\n","protected":false},"featured_media":42266,"comment_status":"open","ping_status":"closed","template":"","meta":[],"product_brand":[],"product_cat":[32],"product_tag":[],"class_list":{"0":"post-33441","1":"product","2":"type-product","3":"status-publish","4":"has-post-thumbnail","6":"product_cat-uncategorized-fi","8":"first","9":"instock","10":"shipping-taxable","11":"purchasable","12":"product-type-simple"},"_links":{"self":[{"href":"https:\/\/nordicmart.andreevmaster.com\/fi\/wp-json\/wp\/v2\/product\/33441","targetHints":{"allow":["GET"]}}],"collection":[{"href":"https:\/\/nordicmart.andreevmaster.com\/fi\/wp-json\/wp\/v2\/product"}],"about":[{"href":"https:\/\/nordicmart.andreevmaster.com\/fi\/wp-json\/wp\/v2\/types\/product"}],"replies":[{"embeddable":true,"href":"https:\/\/nordicmart.andreevmaster.com\/fi\/wp-json\/wp\/v2\/comments?post=33441"}],"wp:featuredmedia":[{"embeddable":true,"href":"https:\/\/nordicmart.andreevmaster.com\/fi\/wp-json\/wp\/v2\/media\/42266"}],"wp:attachment":[{"href":"https:\/\/nordicmart.andreevmaster.com\/fi\/wp-json\/wp\/v2\/media?parent=33441"}],"wp:term":[{"taxonomy":"product_brand","embeddable":true,"href":"https:\/\/nordicmart.andreevmaster.com\/fi\/wp-json\/wp\/v2\/product_brand?post=33441"},{"taxonomy":"product_cat","embeddable":true,"href":"https:\/\/nordicmart.andreevmaster.com\/fi\/wp-json\/wp\/v2\/product_cat?post=33441"},{"taxonomy":"product_tag","embeddable":true,"href":"https:\/\/nordicmart.andreevmaster.com\/fi\/wp-json\/wp\/v2\/product_tag?post=33441"}],"curies":[{"name":"wp","href":"https:\/\/api.w.org\/{rel}","templated":true}]}}