{"id":33439,"date":"2026-02-27T00:21:21","date_gmt":"2026-02-27T00:21:21","guid":{"rendered":"https:\/\/nordicmart.andreevmaster.com\/product\/vasagle-sivupoyta-2-tasoa-moderni-kyyhkynharmaa\/"},"modified":"2026-02-27T09:42:10","modified_gmt":"2026-02-27T09:42:10","slug":"vasagle-sivupoyta-2-tasoa-moderni-kyyhkynharmaa","status":"publish","type":"product","link":"https:\/\/nordicmart.andreevmaster.com\/fi\/tuote\/vasagle-sivupoyta-2-tasoa-moderni-kyyhkynharmaa\/","title":{"rendered":"VASAGLE sivup\u00f6yt\u00e4, 2 tasoa, moderni, kyyhkynharmaa"},"content":{"rendered":"<p>VASAGLE 2-tasoinen sivup\u00f6yt\u00e4, y\u00f6p\u00f6yt\u00e4, pieni sohvap\u00f6yt\u00e4, moderni sohvap\u00f6yt\u00e4 s\u00e4ilytystilalla, sis\u00e4- ja ulkok\u00e4ytt\u00f6\u00f6n, olohuoneeseen, makuuhuoneeseen, parvekkeelle, musta LET243B01<br \/>\nV\u00e4ri: kyyhkynharmaa<br \/>\nMateriaali: ter\u00e4s<br \/>\nKoko: 30 x 40 x 56 cm (S x L x K)<br \/>\nPaino: 3,6 kg<br \/>\nMaks. staattinen kantavuus: 20 kg<\/p>\n","protected":false},"excerpt":{"rendered":"<p>VASAGLE 2-tasoinen sivup\u00f6yt\u00e4, y\u00f6p\u00f6yt\u00e4, pieni sohvap\u00f6yt\u00e4, moderni sohvap\u00f6yt\u00e4 s\u00e4ilytystilalla, sis\u00e4- ja ulkok\u00e4ytt\u00f6\u00f6n, olohuoneeseen, makuuhuoneeseen, parvekkeelle, musta LET243B01<\/p>\n","protected":false},"featured_media":42264,"comment_status":"open","ping_status":"closed","template":"","meta":[],"product_brand":[],"product_cat":[32],"product_tag":[],"class_list":{"0":"post-33439","1":"product","2":"type-product","3":"status-publish","4":"has-post-thumbnail","6":"product_cat-uncategorized-fi","8":"first","9":"instock","10":"shipping-taxable","11":"purchasable","12":"product-type-simple"},"_links":{"self":[{"href":"https:\/\/nordicmart.andreevmaster.com\/fi\/wp-json\/wp\/v2\/product\/33439","targetHints":{"allow":["GET"]}}],"collection":[{"href":"https:\/\/nordicmart.andreevmaster.com\/fi\/wp-json\/wp\/v2\/product"}],"about":[{"href":"https:\/\/nordicmart.andreevmaster.com\/fi\/wp-json\/wp\/v2\/types\/product"}],"replies":[{"embeddable":true,"href":"https:\/\/nordicmart.andreevmaster.com\/fi\/wp-json\/wp\/v2\/comments?post=33439"}],"wp:featuredmedia":[{"embeddable":true,"href":"https:\/\/nordicmart.andreevmaster.com\/fi\/wp-json\/wp\/v2\/media\/42264"}],"wp:attachment":[{"href":"https:\/\/nordicmart.andreevmaster.com\/fi\/wp-json\/wp\/v2\/media?parent=33439"}],"wp:term":[{"taxonomy":"product_brand","embeddable":true,"href":"https:\/\/nordicmart.andreevmaster.com\/fi\/wp-json\/wp\/v2\/product_brand?post=33439"},{"taxonomy":"product_cat","embeddable":true,"href":"https:\/\/nordicmart.andreevmaster.com\/fi\/wp-json\/wp\/v2\/product_cat?post=33439"},{"taxonomy":"product_tag","embeddable":true,"href":"https:\/\/nordicmart.andreevmaster.com\/fi\/wp-json\/wp\/v2\/product_tag?post=33439"}],"curies":[{"name":"wp","href":"https:\/\/api.w.org\/{rel}","templated":true}]}}